{"id":1011,"date":"2025-11-20T14:46:38","date_gmt":"2025-11-20T19:46:38","guid":{"rendered":"https:\/\/www.vicsun.pe\/?post_type=product&#038;p=1011"},"modified":"2025-11-20T14:46:39","modified_gmt":"2025-11-20T19:46:39","slug":"kzy-205-iman-neodymiun-205","status":"publish","type":"product","link":"https:\/\/www.vicsun.pe\/en\/producto\/kzy-205-iman-neodymiun-205\/","title":{"rendered":"KZY-20*5 IMAN NEODYMIUN 20*5"},"content":{"rendered":"<p data-start=\"0\" data-end=\"331\">El <strong data-start=\"3\" data-end=\"35\">Im\u00e1n Neodymium 20\u00d75 KZY-20*5<\/strong> es un im\u00e1n de alto rendimiento dise\u00f1ado para ofrecer una fuerza magn\u00e9tica superior en un formato delgado y resistente. Gracias a su composici\u00f3n de neodimio, garantiza una atracci\u00f3n potente incluso en superficies reducidas, siendo ideal para aplicaciones que requieren precisi\u00f3n y sujeci\u00f3n firme.<\/p>\n<p data-start=\"333\" data-end=\"368\">\ud83d\udd27 <strong data-start=\"336\" data-end=\"366\">Especificaciones t\u00e9cnicas:<\/strong><\/p>\n<ul data-start=\"369\" data-end=\"620\">\n<li data-start=\"369\" data-end=\"403\">\n<p data-start=\"371\" data-end=\"403\">Tipo: im\u00e1n de neodimio redondo<\/p>\n<\/li>\n<li data-start=\"404\" data-end=\"428\">\n<p data-start=\"406\" data-end=\"428\">Dimensiones: 20\u00d75 mm<\/p>\n<\/li>\n<li data-start=\"429\" data-end=\"478\">\n<p data-start=\"431\" data-end=\"478\">Alta fuerza magn\u00e9tica y excelente estabilidad<\/p>\n<\/li>\n<li data-start=\"479\" data-end=\"519\">\n<p data-start=\"481\" data-end=\"519\">Material: neodymium de grado premium<\/p>\n<\/li>\n<li data-start=\"520\" data-end=\"563\">\n<p data-start=\"522\" data-end=\"563\">Superficie pulida para un acople seguro<\/p>\n<\/li>\n<li data-start=\"564\" data-end=\"620\">\n<p data-start=\"566\" data-end=\"620\">Alta durabilidad y resistencia a la desmagnetizaci\u00f3n<\/p>\n<\/li>\n<\/ul>\n<p data-start=\"622\" data-end=\"875\">\u26a1 <strong data-start=\"624\" data-end=\"641\">Aplicaciones:<\/strong><br data-start=\"641\" data-end=\"644\" \/>Perfecto para proyectos de ingenier\u00eda, prototipado, experimentos de f\u00edsica, cierres magn\u00e9ticos de alta resistencia, sistemas de sujeci\u00f3n avanzados y aplicaciones industriales donde se necesite m\u00e1xima potencia en un tama\u00f1o compacto.<\/p>","protected":false},"excerpt":{"rendered":"<p>Im\u00e1n de neodimio 20\u00d75 mm, extremadamente potente y resistente, ideal para proyectos t\u00e9cnicos, educativos e industriales que requieren una fuerza magn\u00e9tica superior.<\/p>","protected":false},"featured_media":1012,"comment_status":"open","ping_status":"closed","template":"","meta":[],"product_brand":[],"product_cat":[54],"product_tag":[],"class_list":{"0":"post-1011","1":"product","2":"type-product","3":"status-publish","4":"has-post-thumbnail","6":"product_cat-imanes","8":"first","9":"instock","10":"sale","11":"taxable","12":"shipping-taxable","13":"purchasable","14":"product-type-simple"},"_links":{"self":[{"href":"https:\/\/www.vicsun.pe\/en\/wp-json\/wp\/v2\/product\/1011","targetHints":{"allow":["GET"]}}],"collection":[{"href":"https:\/\/www.vicsun.pe\/en\/wp-json\/wp\/v2\/product"}],"about":[{"href":"https:\/\/www.vicsun.pe\/en\/wp-json\/wp\/v2\/types\/product"}],"replies":[{"embeddable":true,"href":"https:\/\/www.vicsun.pe\/en\/wp-json\/wp\/v2\/comments?post=1011"}],"wp:featuredmedia":[{"embeddable":true,"href":"https:\/\/www.vicsun.pe\/en\/wp-json\/wp\/v2\/media\/1012"}],"wp:attachment":[{"href":"https:\/\/www.vicsun.pe\/en\/wp-json\/wp\/v2\/media?parent=1011"}],"wp:term":[{"taxonomy":"product_brand","embeddable":true,"href":"https:\/\/www.vicsun.pe\/en\/wp-json\/wp\/v2\/product_brand?post=1011"},{"taxonomy":"product_cat","embeddable":true,"href":"https:\/\/www.vicsun.pe\/en\/wp-json\/wp\/v2\/product_cat?post=1011"},{"taxonomy":"product_tag","embeddable":true,"href":"https:\/\/www.vicsun.pe\/en\/wp-json\/wp\/v2\/product_tag?post=1011"}],"curies":[{"name":"wp","href":"https:\/\/api.w.org\/{rel}","templated":true}]}}