{"id":1013,"date":"2025-11-20T15:10:58","date_gmt":"2025-11-20T20:10:58","guid":{"rendered":"https:\/\/www.vicsun.pe\/?post_type=product&#038;p=1013"},"modified":"2025-11-20T15:31:55","modified_gmt":"2025-11-20T20:31:55","slug":"kzy-201010-iman-neodymiun-201010","status":"publish","type":"product","link":"https:\/\/www.vicsun.pe\/en\/producto\/kzy-201010-iman-neodymiun-201010\/","title":{"rendered":"KZY-20*10*3 IMAN NEODYMIUN 20*10*3"},"content":{"rendered":"<p data-start=\"0\" data-end=\"342\">El <strong data-start=\"3\" data-end=\"43\">Im\u00e1n Neodymium 20\u00d710\u00d73 KZY-20<em data-start=\"35\" data-end=\"39\">103<\/em><\/strong>\u00a0es un im\u00e1n de alta potencia dise\u00f1ado para ofrecer una fuerza magn\u00e9tica excepcional en aplicaciones que requieren gran estabilidad y capacidad de sujeci\u00f3n. Su forma rectangular y su composici\u00f3n de neodimio lo hacen ideal para trabajos donde se necesita precisi\u00f3n y un rendimiento magn\u00e9tico superior.<\/p>\n<p data-start=\"344\" data-end=\"379\">\ud83d\udd27 <strong data-start=\"347\" data-end=\"377\">Especificaciones t\u00e9cnicas:<\/strong><\/p>\n<ul data-start=\"380\" data-end=\"631\">\n<li data-start=\"380\" data-end=\"418\">\n<p data-start=\"382\" data-end=\"418\">Tipo: im\u00e1n de neodimio rectangular<\/p>\n<\/li>\n<li data-start=\"419\" data-end=\"447\">\n<p data-start=\"421\" data-end=\"447\">Dimensiones: 20\u00d710\u00d73 mm<\/p>\n<\/li>\n<li data-start=\"448\" data-end=\"487\">\n<p data-start=\"450\" data-end=\"487\">Material: neodymium de alta calidad<\/p>\n<\/li>\n<li data-start=\"488\" data-end=\"548\">\n<p data-start=\"490\" data-end=\"548\">Gran fuerza de atracci\u00f3n y excelente retenci\u00f3n magn\u00e9tica<\/p>\n<\/li>\n<li data-start=\"549\" data-end=\"591\">\n<p data-start=\"551\" data-end=\"591\">Alta resistencia a la desmagnetizaci\u00f3n<\/p>\n<\/li>\n<li data-start=\"592\" data-end=\"631\">\n<p data-start=\"594\" data-end=\"631\">Acabado liso para un montaje seguro<\/p>\n<\/li>\n<\/ul>\n<p data-start=\"633\" data-end=\"857\">\u26a1 <strong data-start=\"635\" data-end=\"652\">Aplicaciones:<\/strong><br data-start=\"652\" data-end=\"655\" \/>Ideal para proyectos de ingenier\u00eda, dispositivos mec\u00e1nicos, sistemas de cierre avanzados, experimentos cient\u00edficos, fijaciones industriales y prototipado donde se requiere un im\u00e1n robusto y muy potente.<\/p>","protected":false},"excerpt":{"rendered":"<article class=\"text-token-text-primary w-full focus:outline-none [--shadow-height:45px] has-data-writing-block:pointer-events-none has-data-writing-block:-mt-(--shadow-height) has-data-writing-block:pt-(--shadow-height) [&amp;:has([data-writing-block])&gt;*]:pointer-events-auto [content-visibility:auto] supports-[content-visibility:auto]:[contain-intrinsic-size:auto_100lvh] scroll-mt-[calc(var(--header-height)+min(200px,max(70px,20svh)))]\" dir=\"auto\" tabindex=\"-1\" data-turn-id=\"request-68b8aa5e-2310-832c-83b6-8fe399b957d9-1\" data-testid=\"conversation-turn-88\" data-scroll-anchor=\"true\" data-turn=\"assistant\">\n<div class=\"text-base my-auto mx-auto pb-10 [--thread-content-margin:--spacing(4)] thread-sm:[--thread-content-margin:--spacing(6)] thread-lg:[--thread-content-margin:--spacing(16)] px-(--thread-content-margin)\">\n<div class=\"[--thread-content-max-width:40rem] thread-lg:[--thread-content-max-width:48rem] mx-auto max-w-(--thread-content-max-width) flex-1 group\/turn-messages focus-visible:outline-hidden relative flex w-full min-w-0 flex-col agent-turn\" tabindex=\"-1\">\n<div class=\"flex max-w-full flex-col grow\">\n<div class=\"min-h-8 text-message relative flex w-full flex-col items-end gap-2 text-start break-words whitespace-normal [.text-message+&amp;]:mt-1\" dir=\"auto\" data-message-author-role=\"assistant\" data-message-id=\"5657b17b-51e4-42f2-803f-a345a68b7c7f\" data-message-model-slug=\"gpt-5-1\">\n<div class=\"flex w-full flex-col gap-1 empty:hidden first:pt-[1px]\">\n<div class=\"markdown prose dark:prose-invert w-full break-words light markdown-new-styling\">\n<p data-start=\"859\" data-end=\"1039\" data-is-last-node=\"\" data-is-only-node=\"\">Im\u00e1n de neodimio 20\u00d710\u00d710 mm, altamente fuerte y resistente, perfecto para aplicaciones t\u00e9cnicas e industriales que requieren m\u00e1xima potencia magn\u00e9tica.<\/p>\n<\/div>\n<\/div>\n<\/div>\n<\/div>\n<div class=\"z-0 flex min-h-[46px] justify-start\"><\/div>\n<div class=\"mt-3 w-full empty:hidden\">\n<div class=\"text-center\"><\/div>\n<\/div>\n<\/div>\n<\/div>\n<\/article>\n<div class=\"pointer-events-none h-px w-px\" aria-hidden=\"true\" data-edge=\"true\"><\/div>\n","protected":false},"featured_media":1014,"comment_status":"open","ping_status":"closed","template":"","meta":[],"product_brand":[],"product_cat":[54],"product_tag":[],"class_list":{"0":"post-1013","1":"product","2":"type-product","3":"status-publish","4":"has-post-thumbnail","6":"product_cat-imanes","8":"first","9":"instock","10":"sale","11":"taxable","12":"shipping-taxable","13":"purchasable","14":"product-type-simple"},"_links":{"self":[{"href":"https:\/\/www.vicsun.pe\/en\/wp-json\/wp\/v2\/product\/1013","targetHints":{"allow":["GET"]}}],"collection":[{"href":"https:\/\/www.vicsun.pe\/en\/wp-json\/wp\/v2\/product"}],"about":[{"href":"https:\/\/www.vicsun.pe\/en\/wp-json\/wp\/v2\/types\/product"}],"replies":[{"embeddable":true,"href":"https:\/\/www.vicsun.pe\/en\/wp-json\/wp\/v2\/comments?post=1013"}],"wp:featuredmedia":[{"embeddable":true,"href":"https:\/\/www.vicsun.pe\/en\/wp-json\/wp\/v2\/media\/1014"}],"wp:attachment":[{"href":"https:\/\/www.vicsun.pe\/en\/wp-json\/wp\/v2\/media?parent=1013"}],"wp:term":[{"taxonomy":"product_brand","embeddable":true,"href":"https:\/\/www.vicsun.pe\/en\/wp-json\/wp\/v2\/product_brand?post=1013"},{"taxonomy":"product_cat","embeddable":true,"href":"https:\/\/www.vicsun.pe\/en\/wp-json\/wp\/v2\/product_cat?post=1013"},{"taxonomy":"product_tag","embeddable":true,"href":"https:\/\/www.vicsun.pe\/en\/wp-json\/wp\/v2\/product_tag?post=1013"}],"curies":[{"name":"wp","href":"https:\/\/api.w.org\/{rel}","templated":true}]}}