{"id":1015,"date":"2025-11-20T15:27:25","date_gmt":"2025-11-20T20:27:25","guid":{"rendered":"https:\/\/www.vicsun.pe\/?post_type=product&#038;p=1015"},"modified":"2025-11-20T15:27:25","modified_gmt":"2025-11-20T20:27:25","slug":"kzy-201010-iman-neodymiun-201010-2","status":"publish","type":"product","link":"https:\/\/www.vicsun.pe\/en\/producto\/kzy-201010-iman-neodymiun-201010-2\/","title":{"rendered":"KZY-20*10*10 IMAN NEODYMIUN 20*10*10"},"content":{"rendered":"<p data-start=\"0\" data-end=\"340\">El <strong data-start=\"3\" data-end=\"43\">Im\u00e1n Neodymium 20\u00d710\u00d710 KZY-20<em data-start=\"35\" data-end=\"39\">10<\/em>10<\/strong> es un im\u00e1n de alta potencia dise\u00f1ado para ofrecer una fuerza magn\u00e9tica excepcional gracias a su composici\u00f3n de neodimio. Su estructura rectangular permite una distribuci\u00f3n uniforme del campo magn\u00e9tico, brindando una sujeci\u00f3n firme y estable en aplicaciones t\u00e9cnicas, industriales y de ingenier\u00eda.<\/p>\n<p data-start=\"342\" data-end=\"377\">\ud83d\udd27 <strong data-start=\"345\" data-end=\"375\">Especificaciones t\u00e9cnicas:<\/strong><\/p>\n<ul data-start=\"378\" data-end=\"605\">\n<li data-start=\"378\" data-end=\"416\">\n<p data-start=\"380\" data-end=\"416\">Tipo: im\u00e1n de neodimio rectangular<\/p>\n<\/li>\n<li data-start=\"417\" data-end=\"445\">\n<p data-start=\"419\" data-end=\"445\">Dimensiones: 20\u00d710\u00d710 mm<\/p>\n<\/li>\n<li data-start=\"446\" data-end=\"486\">\n<p data-start=\"448\" data-end=\"486\">Material: neodymium de alta densidad<\/p>\n<\/li>\n<li data-start=\"487\" data-end=\"525\">\n<p data-start=\"489\" data-end=\"525\">Fuerza magn\u00e9tica elevada y estable<\/p>\n<\/li>\n<li data-start=\"526\" data-end=\"562\">\n<p data-start=\"528\" data-end=\"562\">Resistente a la desmagnetizaci\u00f3n<\/p>\n<\/li>\n<li data-start=\"563\" data-end=\"605\">\n<p data-start=\"565\" data-end=\"605\">Superficie lisa para un montaje seguro<\/p>\n<\/li>\n<\/ul>\n<p data-start=\"607\" data-end=\"841\">\u26a1 <strong data-start=\"609\" data-end=\"626\">Aplicaciones:<\/strong><br data-start=\"626\" data-end=\"629\" \/>Perfecto para proyectos de ingenier\u00eda, mecanismos de precisi\u00f3n, sistemas de cierre y sujeci\u00f3n, experimentos cient\u00edficos, prototipos industriales y aplicaciones que requieren un im\u00e1n robusto y de alto rendimiento.<\/p>","protected":false},"excerpt":{"rendered":"<article class=\"text-token-text-primary w-full focus:outline-none [--shadow-height:45px] has-data-writing-block:pointer-events-none has-data-writing-block:-mt-(--shadow-height) has-data-writing-block:pt-(--shadow-height) [&amp;:has([data-writing-block])&gt;*]:pointer-events-auto [content-visibility:auto] supports-[content-visibility:auto]:[contain-intrinsic-size:auto_100lvh] scroll-mt-[calc(var(--header-height)+min(200px,max(70px,20svh)))]\" dir=\"auto\" tabindex=\"-1\" data-turn-id=\"request-68b8aa5e-2310-832c-83b6-8fe399b957d9-2\" data-testid=\"conversation-turn-90\" data-scroll-anchor=\"true\" data-turn=\"assistant\">\n<div class=\"text-base my-auto mx-auto pb-10 [--thread-content-margin:--spacing(4)] thread-sm:[--thread-content-margin:--spacing(6)] thread-lg:[--thread-content-margin:--spacing(16)] px-(--thread-content-margin)\">\n<div class=\"[--thread-content-max-width:40rem] thread-lg:[--thread-content-max-width:48rem] mx-auto max-w-(--thread-content-max-width) flex-1 group\/turn-messages focus-visible:outline-hidden relative flex w-full min-w-0 flex-col agent-turn\" tabindex=\"-1\">\n<div class=\"flex max-w-full flex-col grow\">\n<div class=\"min-h-8 text-message relative flex w-full flex-col items-end gap-2 text-start break-words whitespace-normal [.text-message+&amp;]:mt-1\" dir=\"auto\" data-message-author-role=\"assistant\" data-message-id=\"29974232-c8fb-467d-895e-741b6bef3e4b\" data-message-model-slug=\"gpt-5-1\">\n<div class=\"flex w-full flex-col gap-1 empty:hidden first:pt-[1px]\">\n<div class=\"markdown prose dark:prose-invert w-full break-words light markdown-new-styling\">\n<p data-start=\"843\" data-end=\"1023\" data-is-last-node=\"\" data-is-only-node=\"\">Im\u00e1n de neodimio 20\u00d710\u00d710 mm, extremadamente potente y estable, ideal para usos t\u00e9cnicos e industriales donde se requiere una fuerza magn\u00e9tica superior.<\/p>\n<\/div>\n<\/div>\n<\/div>\n<\/div>\n<div class=\"z-0 flex min-h-[46px] justify-start\"><\/div>\n<div class=\"mt-3 w-full empty:hidden\">\n<div class=\"text-center\"><\/div>\n<\/div>\n<\/div>\n<\/div>\n<\/article>\n<div class=\"pointer-events-none h-px w-px\" aria-hidden=\"true\" data-edge=\"true\"><\/div>\n","protected":false},"featured_media":1017,"comment_status":"open","ping_status":"closed","template":"","meta":[],"product_brand":[],"product_cat":[54],"product_tag":[],"class_list":{"0":"post-1015","1":"product","2":"type-product","3":"status-publish","4":"has-post-thumbnail","6":"product_cat-imanes","8":"first","9":"instock","10":"sale","11":"taxable","12":"shipping-taxable","13":"purchasable","14":"product-type-simple"},"_links":{"self":[{"href":"https:\/\/www.vicsun.pe\/en\/wp-json\/wp\/v2\/product\/1015","targetHints":{"allow":["GET"]}}],"collection":[{"href":"https:\/\/www.vicsun.pe\/en\/wp-json\/wp\/v2\/product"}],"about":[{"href":"https:\/\/www.vicsun.pe\/en\/wp-json\/wp\/v2\/types\/product"}],"replies":[{"embeddable":true,"href":"https:\/\/www.vicsun.pe\/en\/wp-json\/wp\/v2\/comments?post=1015"}],"wp:featuredmedia":[{"embeddable":true,"href":"https:\/\/www.vicsun.pe\/en\/wp-json\/wp\/v2\/media\/1017"}],"wp:attachment":[{"href":"https:\/\/www.vicsun.pe\/en\/wp-json\/wp\/v2\/media?parent=1015"}],"wp:term":[{"taxonomy":"product_brand","embeddable":true,"href":"https:\/\/www.vicsun.pe\/en\/wp-json\/wp\/v2\/product_brand?post=1015"},{"taxonomy":"product_cat","embeddable":true,"href":"https:\/\/www.vicsun.pe\/en\/wp-json\/wp\/v2\/product_cat?post=1015"},{"taxonomy":"product_tag","embeddable":true,"href":"https:\/\/www.vicsun.pe\/en\/wp-json\/wp\/v2\/product_tag?post=1015"}],"curies":[{"name":"wp","href":"https:\/\/api.w.org\/{rel}","templated":true}]}}