{"id":1020,"date":"2025-11-20T15:53:51","date_gmt":"2025-11-20T20:53:51","guid":{"rendered":"https:\/\/www.vicsun.pe\/?post_type=product&#038;p=1020"},"modified":"2025-11-20T15:53:51","modified_gmt":"2025-11-20T20:53:51","slug":"kzy-20153-iman-neodymiun-20153","status":"publish","type":"product","link":"https:\/\/www.vicsun.pe\/en\/producto\/kzy-20153-iman-neodymiun-20153\/","title":{"rendered":"KZY-20*15*3 IMAN NEODYMIUN 20*15*3"},"content":{"rendered":"<p data-start=\"0\" data-end=\"310\">El <strong data-start=\"3\" data-end=\"41\">Im\u00e1n Neodymium 20\u00d715\u00d73 KZY-20<em data-start=\"34\" data-end=\"38\">15<\/em>3<\/strong> es un im\u00e1n plano de alta potencia dise\u00f1ado para ofrecer una atracci\u00f3n magn\u00e9tica superior en espacios reducidos. Gracias a su composici\u00f3n de neodimio, proporciona una fuerza estable y confiable, ideal para aplicaciones t\u00e9cnicas que requieren precisi\u00f3n y sujeci\u00f3n firme.<\/p>\n<p data-start=\"312\" data-end=\"347\">\ud83d\udd27 <strong data-start=\"315\" data-end=\"345\">Especificaciones t\u00e9cnicas:<\/strong><\/p>\n<ul data-start=\"348\" data-end=\"588\">\n<li data-start=\"348\" data-end=\"392\">\n<p data-start=\"350\" data-end=\"392\">Tipo: im\u00e1n de neodimio rectangular plano<\/p>\n<\/li>\n<li data-start=\"393\" data-end=\"420\">\n<p data-start=\"395\" data-end=\"420\">Dimensiones: 20\u00d715\u00d73 mm<\/p>\n<\/li>\n<li data-start=\"421\" data-end=\"461\">\n<p data-start=\"423\" data-end=\"461\">Material: neodymium de alta densidad<\/p>\n<\/li>\n<li data-start=\"462\" data-end=\"511\">\n<p data-start=\"464\" data-end=\"511\">Fuerte atracci\u00f3n magn\u00e9tica y alta estabilidad<\/p>\n<\/li>\n<li data-start=\"512\" data-end=\"548\">\n<p data-start=\"514\" data-end=\"548\">Resistente a la desmagnetizaci\u00f3n<\/p>\n<\/li>\n<li data-start=\"549\" data-end=\"588\">\n<p data-start=\"551\" data-end=\"588\">Acabado liso para un montaje seguro<\/p>\n<\/li>\n<\/ul>\n<p data-start=\"590\" data-end=\"798\">\u26a1 <strong data-start=\"592\" data-end=\"609\">Aplicaciones:<\/strong><br data-start=\"609\" data-end=\"612\" \/>Perfecto para proyectos de ingenier\u00eda, sistemas de cierre, experimentos cient\u00edficos, electr\u00f3nica, prototipado y aplicaciones industriales que necesiten un im\u00e1n compacto pero muy potente.<\/p>","protected":false},"excerpt":{"rendered":"<article class=\"text-token-text-primary w-full focus:outline-none [--shadow-height:45px] has-data-writing-block:pointer-events-none has-data-writing-block:-mt-(--shadow-height) has-data-writing-block:pt-(--shadow-height) [&amp;:has([data-writing-block])&gt;*]:pointer-events-auto [content-visibility:auto] supports-[content-visibility:auto]:[contain-intrinsic-size:auto_100lvh] scroll-mt-[calc(var(--header-height)+min(200px,max(70px,20svh)))]\" dir=\"auto\" tabindex=\"-1\" data-turn-id=\"request-68b8aa5e-2310-832c-83b6-8fe399b957d9-4\" data-testid=\"conversation-turn-94\" data-scroll-anchor=\"true\" data-turn=\"assistant\">\n<div class=\"text-base my-auto mx-auto pb-10 [--thread-content-margin:--spacing(4)] thread-sm:[--thread-content-margin:--spacing(6)] thread-lg:[--thread-content-margin:--spacing(16)] px-(--thread-content-margin)\">\n<div class=\"[--thread-content-max-width:40rem] thread-lg:[--thread-content-max-width:48rem] mx-auto max-w-(--thread-content-max-width) flex-1 group\/turn-messages focus-visible:outline-hidden relative flex w-full min-w-0 flex-col agent-turn\" tabindex=\"-1\">\n<div class=\"flex max-w-full flex-col grow\">\n<div class=\"min-h-8 text-message relative flex w-full flex-col items-end gap-2 text-start break-words whitespace-normal [.text-message+&amp;]:mt-1\" dir=\"auto\" data-message-author-role=\"assistant\" data-message-id=\"3354f9d2-4812-4807-81f4-19f9386e5338\" data-message-model-slug=\"gpt-5-1\">\n<div class=\"flex w-full flex-col gap-1 empty:hidden first:pt-[1px]\">\n<div class=\"markdown prose dark:prose-invert w-full break-words light markdown-new-styling\">\n<p data-start=\"800\" data-end=\"991\" data-is-last-node=\"\" data-is-only-node=\"\">Im\u00e1n de neodimio 20\u00d715\u00d73 mm, delgado y de alta potencia, ideal para aplicaciones t\u00e9cnicas e industriales que requieren una fuerte fuerza magn\u00e9tica en poco espacio.<\/p>\n<\/div>\n<\/div>\n<\/div>\n<\/div>\n<\/div>\n<\/div>\n<\/article>\n","protected":false},"featured_media":1021,"comment_status":"open","ping_status":"closed","template":"","meta":[],"product_brand":[],"product_cat":[54],"product_tag":[],"class_list":{"0":"post-1020","1":"product","2":"type-product","3":"status-publish","4":"has-post-thumbnail","6":"product_cat-imanes","8":"first","9":"instock","10":"sale","11":"taxable","12":"shipping-taxable","13":"purchasable","14":"product-type-simple"},"_links":{"self":[{"href":"https:\/\/www.vicsun.pe\/en\/wp-json\/wp\/v2\/product\/1020","targetHints":{"allow":["GET"]}}],"collection":[{"href":"https:\/\/www.vicsun.pe\/en\/wp-json\/wp\/v2\/product"}],"about":[{"href":"https:\/\/www.vicsun.pe\/en\/wp-json\/wp\/v2\/types\/product"}],"replies":[{"embeddable":true,"href":"https:\/\/www.vicsun.pe\/en\/wp-json\/wp\/v2\/comments?post=1020"}],"wp:featuredmedia":[{"embeddable":true,"href":"https:\/\/www.vicsun.pe\/en\/wp-json\/wp\/v2\/media\/1021"}],"wp:attachment":[{"href":"https:\/\/www.vicsun.pe\/en\/wp-json\/wp\/v2\/media?parent=1020"}],"wp:term":[{"taxonomy":"product_brand","embeddable":true,"href":"https:\/\/www.vicsun.pe\/en\/wp-json\/wp\/v2\/product_brand?post=1020"},{"taxonomy":"product_cat","embeddable":true,"href":"https:\/\/www.vicsun.pe\/en\/wp-json\/wp\/v2\/product_cat?post=1020"},{"taxonomy":"product_tag","embeddable":true,"href":"https:\/\/www.vicsun.pe\/en\/wp-json\/wp\/v2\/product_tag?post=1020"}],"curies":[{"name":"wp","href":"https:\/\/api.w.org\/{rel}","templated":true}]}}