{"id":1028,"date":"2025-11-21T16:47:06","date_gmt":"2025-11-21T21:47:06","guid":{"rendered":"https:\/\/www.vicsun.pe\/?post_type=product&#038;p=1028"},"modified":"2025-11-21T16:47:06","modified_gmt":"2025-11-21T21:47:06","slug":"kzy-253-iman-neodymiun-253","status":"publish","type":"product","link":"https:\/\/www.vicsun.pe\/en\/producto\/kzy-253-iman-neodymiun-253\/","title":{"rendered":"KZY-25*3 IMAN NEODYMIUN 25*3"},"content":{"rendered":"<p data-start=\"0\" data-end=\"318\">El <strong data-start=\"3\" data-end=\"35\">Im\u00e1n Neodymium 25\u00d73 KZY-25*3<\/strong> es un im\u00e1n redondo de alta potencia dise\u00f1ado para ofrecer una fuerte fuerza magn\u00e9tica en un formato delgado. Su composici\u00f3n de neodimio garantiza una atracci\u00f3n estable y de alto rendimiento, ideal para aplicaciones donde se requiere sujeci\u00f3n firme y precisi\u00f3n en espacios reducidos.<\/p>\n<p data-start=\"320\" data-end=\"355\">\ud83d\udd27 <strong data-start=\"323\" data-end=\"353\">Especificaciones t\u00e9cnicas:<\/strong><\/p>\n<ul data-start=\"356\" data-end=\"579\">\n<li data-start=\"356\" data-end=\"390\">\n<p data-start=\"358\" data-end=\"390\">Tipo: im\u00e1n de neodimio redondo<\/p>\n<\/li>\n<li data-start=\"391\" data-end=\"415\">\n<p data-start=\"393\" data-end=\"415\">Dimensiones: 25\u00d73 mm<\/p>\n<\/li>\n<li data-start=\"416\" data-end=\"455\">\n<p data-start=\"418\" data-end=\"455\">Material: neodymium de alta calidad<\/p>\n<\/li>\n<li data-start=\"456\" data-end=\"500\">\n<p data-start=\"458\" data-end=\"500\">Alta fuerza magn\u00e9tica y gran estabilidad<\/p>\n<\/li>\n<li data-start=\"501\" data-end=\"537\">\n<p data-start=\"503\" data-end=\"537\">Resistente a la desmagnetizaci\u00f3n<\/p>\n<\/li>\n<li data-start=\"538\" data-end=\"579\">\n<p data-start=\"540\" data-end=\"579\">Superficie lisa para un acople seguro<\/p>\n<\/li>\n<\/ul>\n<p data-start=\"581\" data-end=\"798\">\u26a1 <strong data-start=\"583\" data-end=\"600\">Aplicaciones:<\/strong><br data-start=\"600\" data-end=\"603\" \/>Perfecto para proyectos de ingenier\u00eda, experimentos cient\u00edficos, electr\u00f3nica, sistemas de cierre magn\u00e9tico, prototipado y aplicaciones industriales que necesiten un im\u00e1n delgado pero muy potente.<\/p>","protected":false},"excerpt":{"rendered":"<article class=\"text-token-text-primary w-full focus:outline-none [--shadow-height:45px] has-data-writing-block:pointer-events-none has-data-writing-block:-mt-(--shadow-height) has-data-writing-block:pt-(--shadow-height) [&amp;:has([data-writing-block])&gt;*]:pointer-events-auto [content-visibility:auto] supports-[content-visibility:auto]:[contain-intrinsic-size:auto_100lvh] scroll-mt-[calc(var(--header-height)+min(200px,max(70px,20svh)))]\" dir=\"auto\" tabindex=\"-1\" data-turn-id=\"5352077a-8779-4319-835f-8a2e3e8e48c4\" data-testid=\"conversation-turn-96\" data-scroll-anchor=\"true\" data-turn=\"assistant\">\n<div class=\"text-base my-auto mx-auto pb-10 [--thread-content-margin:--spacing(4)] thread-sm:[--thread-content-margin:--spacing(6)] thread-lg:[--thread-content-margin:--spacing(16)] px-(--thread-content-margin)\">\n<div class=\"[--thread-content-max-width:40rem] thread-lg:[--thread-content-max-width:48rem] mx-auto max-w-(--thread-content-max-width) flex-1 group\/turn-messages focus-visible:outline-hidden relative flex w-full min-w-0 flex-col agent-turn\" tabindex=\"-1\">\n<div class=\"flex max-w-full flex-col grow\">\n<div class=\"min-h-8 text-message relative flex w-full flex-col items-end gap-2 text-start break-words whitespace-normal [.text-message+&amp;]:mt-1\" dir=\"auto\" data-message-author-role=\"assistant\" data-message-id=\"8c663893-5dcb-46a8-ac58-aa53f8287f93\" data-message-model-slug=\"gpt-5-1\">\n<div class=\"flex w-full flex-col gap-1 empty:hidden first:pt-[1px]\">\n<div class=\"markdown prose dark:prose-invert w-full break-words light markdown-new-styling\">\n<p data-start=\"800\" data-end=\"977\" data-is-last-node=\"\" data-is-only-node=\"\">Im\u00e1n de neodimio 25\u00d73 mm, potente y delgado, ideal para aplicaciones t\u00e9cnicas, educativas e industriales que requieren una fuerza magn\u00e9tica superior.<\/p>\n<\/div>\n<\/div>\n<\/div>\n<\/div>\n<div class=\"z-0 flex min-h-[46px] justify-start\"><\/div>\n<div class=\"mt-3 w-full empty:hidden\">\n<div class=\"text-center\"><\/div>\n<\/div>\n<\/div>\n<\/div>\n<\/article>\n<div class=\"pointer-events-none h-px w-px\" aria-hidden=\"true\" data-edge=\"true\"><\/div>\n","protected":false},"featured_media":1029,"comment_status":"open","ping_status":"closed","template":"","meta":[],"product_brand":[],"product_cat":[54],"product_tag":[],"class_list":{"0":"post-1028","1":"product","2":"type-product","3":"status-publish","4":"has-post-thumbnail","6":"product_cat-imanes","8":"first","9":"instock","10":"sale","11":"taxable","12":"shipping-taxable","13":"purchasable","14":"product-type-simple"},"_links":{"self":[{"href":"https:\/\/www.vicsun.pe\/en\/wp-json\/wp\/v2\/product\/1028","targetHints":{"allow":["GET"]}}],"collection":[{"href":"https:\/\/www.vicsun.pe\/en\/wp-json\/wp\/v2\/product"}],"about":[{"href":"https:\/\/www.vicsun.pe\/en\/wp-json\/wp\/v2\/types\/product"}],"replies":[{"embeddable":true,"href":"https:\/\/www.vicsun.pe\/en\/wp-json\/wp\/v2\/comments?post=1028"}],"wp:featuredmedia":[{"embeddable":true,"href":"https:\/\/www.vicsun.pe\/en\/wp-json\/wp\/v2\/media\/1029"}],"wp:attachment":[{"href":"https:\/\/www.vicsun.pe\/en\/wp-json\/wp\/v2\/media?parent=1028"}],"wp:term":[{"taxonomy":"product_brand","embeddable":true,"href":"https:\/\/www.vicsun.pe\/en\/wp-json\/wp\/v2\/product_brand?post=1028"},{"taxonomy":"product_cat","embeddable":true,"href":"https:\/\/www.vicsun.pe\/en\/wp-json\/wp\/v2\/product_cat?post=1028"},{"taxonomy":"product_tag","embeddable":true,"href":"https:\/\/www.vicsun.pe\/en\/wp-json\/wp\/v2\/product_tag?post=1028"}],"curies":[{"name":"wp","href":"https:\/\/api.w.org\/{rel}","templated":true}]}}