{"id":1030,"date":"2025-11-21T16:52:41","date_gmt":"2025-11-21T21:52:41","guid":{"rendered":"https:\/\/www.vicsun.pe\/?post_type=product&#038;p=1030"},"modified":"2025-11-21T16:52:42","modified_gmt":"2025-11-21T21:52:42","slug":"kzy-303-iman-neodymiun-303","status":"publish","type":"product","link":"https:\/\/www.vicsun.pe\/en\/producto\/kzy-303-iman-neodymiun-303\/","title":{"rendered":"KZY-30*3 IMAN NEODYMIUN 30*3"},"content":{"rendered":"<p data-start=\"0\" data-end=\"298\">El <strong data-start=\"3\" data-end=\"35\">Im\u00e1n Neodymium 30\u00d73 KZY-30*3<\/strong> es un im\u00e1n redondo de alta potencia dise\u00f1ado para ofrecer una fuerte atracci\u00f3n magn\u00e9tica en un formato delgado y resistente. Fabricado en neodimio, garantiza un rendimiento superior y estable, ideal para aplicaciones que requieren precisi\u00f3n y una sujeci\u00f3n firme.<\/p>\n<p data-start=\"300\" data-end=\"335\">\ud83d\udd27 <strong data-start=\"303\" data-end=\"333\">Especificaciones t\u00e9cnicas:<\/strong><\/p>\n<ul data-start=\"336\" data-end=\"564\">\n<li data-start=\"336\" data-end=\"370\">\n<p data-start=\"338\" data-end=\"370\">Tipo: im\u00e1n de neodimio redondo<\/p>\n<\/li>\n<li data-start=\"371\" data-end=\"395\">\n<p data-start=\"373\" data-end=\"395\">Dimensiones: 30\u00d73 mm<\/p>\n<\/li>\n<li data-start=\"396\" data-end=\"436\">\n<p data-start=\"398\" data-end=\"436\">Material: neodymium de alta densidad<\/p>\n<\/li>\n<li data-start=\"437\" data-end=\"484\">\n<p data-start=\"439\" data-end=\"484\">Alta fuerza magn\u00e9tica y excelente retenci\u00f3n<\/p>\n<\/li>\n<li data-start=\"485\" data-end=\"521\">\n<p data-start=\"487\" data-end=\"521\">Resistente a la desmagnetizaci\u00f3n<\/p>\n<\/li>\n<li data-start=\"522\" data-end=\"564\">\n<p data-start=\"524\" data-end=\"564\">Superficie lisa para un montaje seguro<\/p>\n<\/li>\n<\/ul>\n<p data-start=\"566\" data-end=\"791\">\u26a1 <strong data-start=\"568\" data-end=\"585\">Aplicaciones:<\/strong><br data-start=\"585\" data-end=\"588\" \/>Perfecto para proyectos de ingenier\u00eda, experimentos de f\u00edsica, prototipado, electr\u00f3nica, cierres magn\u00e9ticos, sistemas de sujeci\u00f3n y aplicaciones industriales que necesiten un im\u00e1n plano pero muy potente.<\/p>","protected":false},"excerpt":{"rendered":"<article class=\"text-token-text-primary w-full focus:outline-none [--shadow-height:45px] has-data-writing-block:pointer-events-none has-data-writing-block:-mt-(--shadow-height) has-data-writing-block:pt-(--shadow-height) [&amp;:has([data-writing-block])&gt;*]:pointer-events-auto [content-visibility:auto] supports-[content-visibility:auto]:[contain-intrinsic-size:auto_100lvh] scroll-mt-[calc(var(--header-height)+min(200px,max(70px,20svh)))]\" dir=\"auto\" tabindex=\"-1\" data-turn-id=\"request-68b8aa5e-2310-832c-83b6-8fe399b957d9-12\" data-testid=\"conversation-turn-98\" data-scroll-anchor=\"true\" data-turn=\"assistant\">\n<div class=\"text-base my-auto mx-auto pb-10 [--thread-content-margin:--spacing(4)] thread-sm:[--thread-content-margin:--spacing(6)] thread-lg:[--thread-content-margin:--spacing(16)] px-(--thread-content-margin)\">\n<div class=\"[--thread-content-max-width:40rem] thread-lg:[--thread-content-max-width:48rem] mx-auto max-w-(--thread-content-max-width) flex-1 group\/turn-messages focus-visible:outline-hidden relative flex w-full min-w-0 flex-col agent-turn\" tabindex=\"-1\">\n<div class=\"flex max-w-full flex-col grow\">\n<div class=\"min-h-8 text-message relative flex w-full flex-col items-end gap-2 text-start break-words whitespace-normal [.text-message+&amp;]:mt-1\" dir=\"auto\" data-message-author-role=\"assistant\" data-message-id=\"1af0dbe4-ba24-4845-b561-35a3d0cc2a3d\" data-message-model-slug=\"gpt-5-1\">\n<div class=\"flex w-full flex-col gap-1 empty:hidden first:pt-[1px]\">\n<div class=\"markdown prose dark:prose-invert w-full break-words light markdown-new-styling\">\n<p data-start=\"793\" data-end=\"981\" data-is-last-node=\"\" data-is-only-node=\"\">Im\u00e1n de neodimio 30\u00d73 mm, delgado y de alta potencia, ideal para aplicaciones t\u00e9cnicas e industriales que requieren una fuerte fuerza magn\u00e9tica en poco espacio.<\/p>\n<\/div>\n<\/div>\n<\/div>\n<\/div>\n<div class=\"z-0 flex min-h-[46px] justify-start\"><\/div>\n<div class=\"mt-3 w-full empty:hidden\">\n<div class=\"text-center\"><\/div>\n<\/div>\n<\/div>\n<\/div>\n<\/article>\n<div class=\"pointer-events-none h-px w-px\" aria-hidden=\"true\" data-edge=\"true\"><\/div>\n","protected":false},"featured_media":1031,"comment_status":"open","ping_status":"closed","template":"","meta":[],"product_brand":[],"product_cat":[54],"product_tag":[],"class_list":{"0":"post-1030","1":"product","2":"type-product","3":"status-publish","4":"has-post-thumbnail","6":"product_cat-imanes","8":"first","9":"instock","10":"sale","11":"taxable","12":"shipping-taxable","13":"purchasable","14":"product-type-simple"},"_links":{"self":[{"href":"https:\/\/www.vicsun.pe\/en\/wp-json\/wp\/v2\/product\/1030","targetHints":{"allow":["GET"]}}],"collection":[{"href":"https:\/\/www.vicsun.pe\/en\/wp-json\/wp\/v2\/product"}],"about":[{"href":"https:\/\/www.vicsun.pe\/en\/wp-json\/wp\/v2\/types\/product"}],"replies":[{"embeddable":true,"href":"https:\/\/www.vicsun.pe\/en\/wp-json\/wp\/v2\/comments?post=1030"}],"wp:featuredmedia":[{"embeddable":true,"href":"https:\/\/www.vicsun.pe\/en\/wp-json\/wp\/v2\/media\/1031"}],"wp:attachment":[{"href":"https:\/\/www.vicsun.pe\/en\/wp-json\/wp\/v2\/media?parent=1030"}],"wp:term":[{"taxonomy":"product_brand","embeddable":true,"href":"https:\/\/www.vicsun.pe\/en\/wp-json\/wp\/v2\/product_brand?post=1030"},{"taxonomy":"product_cat","embeddable":true,"href":"https:\/\/www.vicsun.pe\/en\/wp-json\/wp\/v2\/product_cat?post=1030"},{"taxonomy":"product_tag","embeddable":true,"href":"https:\/\/www.vicsun.pe\/en\/wp-json\/wp\/v2\/product_tag?post=1030"}],"curies":[{"name":"wp","href":"https:\/\/api.w.org\/{rel}","templated":true}]}}