{"id":1032,"date":"2025-11-21T16:56:28","date_gmt":"2025-11-21T21:56:28","guid":{"rendered":"https:\/\/www.vicsun.pe\/?post_type=product&#038;p=1032"},"modified":"2025-11-21T16:56:28","modified_gmt":"2025-11-21T21:56:28","slug":"kzy-8061-iman-tipo-cubo-10mm10mm10mm","status":"publish","type":"product","link":"https:\/\/www.vicsun.pe\/en\/producto\/kzy-8061-iman-tipo-cubo-10mm10mm10mm\/","title":{"rendered":"KZY-8061 IMAN TIPO CUBO  10MM*10MM*10MM"},"content":{"rendered":"<p data-start=\"0\" data-end=\"338\">El <strong data-start=\"3\" data-end=\"42\">Im\u00e1n Tipo Cubo 10\u00d710\u00d710 mm KZY-8061<\/strong> es un im\u00e1n c\u00fabico compacto dise\u00f1ado para ofrecer una buena fuerza magn\u00e9tica en un formato peque\u00f1o y resistente. Su forma uniforme permite una distribuci\u00f3n equilibrada del campo magn\u00e9tico, ideal para aplicaciones donde se requiere precisi\u00f3n, estabilidad y sujeci\u00f3n firme en dimensiones reducidas.<\/p>\n<p data-start=\"340\" data-end=\"375\">\ud83d\udd27 <strong data-start=\"343\" data-end=\"373\">Especificaciones t\u00e9cnicas:<\/strong><\/p>\n<ul data-start=\"376\" data-end=\"573\">\n<li data-start=\"376\" data-end=\"397\">\n<p data-start=\"378\" data-end=\"397\">Tipo: im\u00e1n c\u00fabico<\/p>\n<\/li>\n<li data-start=\"398\" data-end=\"426\">\n<p data-start=\"400\" data-end=\"426\">Dimensiones: 10\u00d710\u00d710 mm<\/p>\n<\/li>\n<li data-start=\"427\" data-end=\"449\">\n<p data-start=\"429\" data-end=\"449\">Forma: cubo s\u00f3lido<\/p>\n<\/li>\n<li data-start=\"450\" data-end=\"489\">\n<p data-start=\"452\" data-end=\"489\">Buena fuerza de atracci\u00f3n magn\u00e9tica<\/p>\n<\/li>\n<li data-start=\"490\" data-end=\"530\">\n<p data-start=\"492\" data-end=\"530\">Estable y resistente al uso continuo<\/p>\n<\/li>\n<li data-start=\"531\" data-end=\"573\">\n<p data-start=\"533\" data-end=\"573\">Superficie lisa para un montaje seguro<\/p>\n<\/li>\n<\/ul>\n<p data-start=\"575\" data-end=\"809\">\u26a1 <strong data-start=\"577\" data-end=\"594\">Aplicaciones:<\/strong><br data-start=\"594\" data-end=\"597\" \/>Perfecto para proyectos escolares, experimentos de f\u00edsica, prototipado, manualidades, cierres magn\u00e9ticos simples, organizadores, maquetas y aplicaciones t\u00e9cnicas que necesiten un im\u00e1n c\u00fabico pr\u00e1ctico y funcional.<\/p>","protected":false},"excerpt":{"rendered":"<article class=\"text-token-text-primary w-full focus:outline-none [--shadow-height:45px] has-data-writing-block:pointer-events-none has-data-writing-block:-mt-(--shadow-height) has-data-writing-block:pt-(--shadow-height) [&amp;:has([data-writing-block])&gt;*]:pointer-events-auto [content-visibility:auto] supports-[content-visibility:auto]:[contain-intrinsic-size:auto_100lvh] scroll-mt-[calc(var(--header-height)+min(200px,max(70px,20svh)))]\" dir=\"auto\" tabindex=\"-1\" data-turn-id=\"request-68b8aa5e-2310-832c-83b6-8fe399b957d9-13\" data-testid=\"conversation-turn-100\" data-scroll-anchor=\"true\" data-turn=\"assistant\">\n<div class=\"text-base my-auto mx-auto pb-10 [--thread-content-margin:--spacing(4)] thread-sm:[--thread-content-margin:--spacing(6)] thread-lg:[--thread-content-margin:--spacing(16)] px-(--thread-content-margin)\">\n<div class=\"[--thread-content-max-width:40rem] thread-lg:[--thread-content-max-width:48rem] mx-auto max-w-(--thread-content-max-width) flex-1 group\/turn-messages focus-visible:outline-hidden relative flex w-full min-w-0 flex-col agent-turn\" tabindex=\"-1\">\n<div class=\"flex max-w-full flex-col grow\">\n<div class=\"min-h-8 text-message relative flex w-full flex-col items-end gap-2 text-start break-words whitespace-normal [.text-message+&amp;]:mt-1\" dir=\"auto\" data-message-author-role=\"assistant\" data-message-id=\"6241f84b-3a12-4ff1-9fbd-7993819e4fef\" data-message-model-slug=\"gpt-5-1\">\n<div class=\"flex w-full flex-col gap-1 empty:hidden first:pt-[1px]\">\n<div class=\"markdown prose dark:prose-invert w-full break-words light markdown-new-styling\">\n<p data-start=\"811\" data-end=\"999\" data-is-last-node=\"\" data-is-only-node=\"\">Im\u00e1n tipo cubo de 10\u00d710\u00d710 mm, compacto y resistente, ideal para proyectos educativos, prototipos y usos generales que requieran una sujeci\u00f3n magn\u00e9tica estable.<\/p>\n<\/div>\n<\/div>\n<\/div>\n<\/div>\n<div class=\"z-0 flex min-h-[46px] justify-start\"><\/div>\n<div class=\"mt-3 w-full empty:hidden\">\n<div class=\"text-center\"><\/div>\n<\/div>\n<\/div>\n<\/div>\n<\/article>\n<div class=\"pointer-events-none h-px w-px\" aria-hidden=\"true\" data-edge=\"true\"><\/div>\n","protected":false},"featured_media":1033,"comment_status":"open","ping_status":"closed","template":"","meta":[],"product_brand":[],"product_cat":[54],"product_tag":[],"class_list":{"0":"post-1032","1":"product","2":"type-product","3":"status-publish","4":"has-post-thumbnail","6":"product_cat-imanes","8":"first","9":"instock","10":"sale","11":"taxable","12":"shipping-taxable","13":"purchasable","14":"product-type-simple"},"_links":{"self":[{"href":"https:\/\/www.vicsun.pe\/en\/wp-json\/wp\/v2\/product\/1032","targetHints":{"allow":["GET"]}}],"collection":[{"href":"https:\/\/www.vicsun.pe\/en\/wp-json\/wp\/v2\/product"}],"about":[{"href":"https:\/\/www.vicsun.pe\/en\/wp-json\/wp\/v2\/types\/product"}],"replies":[{"embeddable":true,"href":"https:\/\/www.vicsun.pe\/en\/wp-json\/wp\/v2\/comments?post=1032"}],"wp:featuredmedia":[{"embeddable":true,"href":"https:\/\/www.vicsun.pe\/en\/wp-json\/wp\/v2\/media\/1033"}],"wp:attachment":[{"href":"https:\/\/www.vicsun.pe\/en\/wp-json\/wp\/v2\/media?parent=1032"}],"wp:term":[{"taxonomy":"product_brand","embeddable":true,"href":"https:\/\/www.vicsun.pe\/en\/wp-json\/wp\/v2\/product_brand?post=1032"},{"taxonomy":"product_cat","embeddable":true,"href":"https:\/\/www.vicsun.pe\/en\/wp-json\/wp\/v2\/product_cat?post=1032"},{"taxonomy":"product_tag","embeddable":true,"href":"https:\/\/www.vicsun.pe\/en\/wp-json\/wp\/v2\/product_tag?post=1032"}],"curies":[{"name":"wp","href":"https:\/\/api.w.org\/{rel}","templated":true}]}}