{"id":1034,"date":"2025-11-21T17:00:35","date_gmt":"2025-11-21T22:00:35","guid":{"rendered":"https:\/\/www.vicsun.pe\/?post_type=product&#038;p=1034"},"modified":"2025-11-21T17:00:36","modified_gmt":"2025-11-21T22:00:36","slug":"kzy-8064-iman-tipo-disco-80mm10mm-10mm","status":"publish","type":"product","link":"https:\/\/www.vicsun.pe\/en\/producto\/kzy-8064-iman-tipo-disco-80mm10mm-10mm\/","title":{"rendered":"KZY-8064 IMAN TIPO DISCO 80MM*10MM- 10MM"},"content":{"rendered":"<p data-start=\"0\" data-end=\"337\">El <strong data-start=\"3\" data-end=\"40\">Im\u00e1n Tipo Disco 80\u00d710 mm KZY-8064<\/strong> es un im\u00e1n circular de gran tama\u00f1o dise\u00f1ado para ofrecer una fuerza magn\u00e9tica amplia y estable. Su formato de disco permite una distribuci\u00f3n uniforme del campo magn\u00e9tico, convirti\u00e9ndolo en una opci\u00f3n ideal para aplicaciones donde se necesita una superficie de contacto mayor y una sujeci\u00f3n firme.<\/p>\n<p data-start=\"339\" data-end=\"374\">\ud83d\udd27 <strong data-start=\"342\" data-end=\"372\">Especificaciones t\u00e9cnicas:<\/strong><\/p>\n<ul data-start=\"375\" data-end=\"582\">\n<li data-start=\"375\" data-end=\"409\">\n<p data-start=\"377\" data-end=\"409\">Tipo: im\u00e1n circular tipo disco<\/p>\n<\/li>\n<li data-start=\"410\" data-end=\"435\">\n<p data-start=\"412\" data-end=\"435\">Dimensiones: 80\u00d710 mm<\/p>\n<\/li>\n<li data-start=\"436\" data-end=\"467\">\n<p data-start=\"438\" data-end=\"467\">Amplia superficie magn\u00e9tica<\/p>\n<\/li>\n<li data-start=\"468\" data-end=\"511\">\n<p data-start=\"470\" data-end=\"511\">Buena fuerza de atracci\u00f3n y estabilidad<\/p>\n<\/li>\n<li data-start=\"512\" data-end=\"542\">\n<p data-start=\"514\" data-end=\"542\">Resistente al uso continuo<\/p>\n<\/li>\n<li data-start=\"543\" data-end=\"582\">\n<p data-start=\"545\" data-end=\"582\">Acabado liso para un montaje seguro<\/p>\n<\/li>\n<\/ul>\n<p data-start=\"584\" data-end=\"827\">\u26a1 <strong data-start=\"586\" data-end=\"603\">Aplicaciones:<\/strong><br data-start=\"603\" data-end=\"606\" \/>Perfecto para proyectos de ingenier\u00eda, experimentos de f\u00edsica, maquetas, sistemas de sujeci\u00f3n, aplicaciones industriales, se\u00f1alizaci\u00f3n magn\u00e9tica y cualquier uso donde se requiera un im\u00e1n de gran tama\u00f1o y alta estabilidad.<\/p>","protected":false},"excerpt":{"rendered":"<article class=\"text-token-text-primary w-full focus:outline-none [--shadow-height:45px] has-data-writing-block:pointer-events-none has-data-writing-block:-mt-(--shadow-height) has-data-writing-block:pt-(--shadow-height) [&amp;:has([data-writing-block])&gt;*]:pointer-events-auto [content-visibility:auto] supports-[content-visibility:auto]:[contain-intrinsic-size:auto_100lvh] scroll-mt-[calc(var(--header-height)+min(200px,max(70px,20svh)))]\" dir=\"auto\" tabindex=\"-1\" data-turn-id=\"request-68b8aa5e-2310-832c-83b6-8fe399b957d9-14\" data-testid=\"conversation-turn-102\" data-scroll-anchor=\"true\" data-turn=\"assistant\">\n<div class=\"text-base my-auto mx-auto pb-10 [--thread-content-margin:--spacing(4)] thread-sm:[--thread-content-margin:--spacing(6)] thread-lg:[--thread-content-margin:--spacing(16)] px-(--thread-content-margin)\">\n<div class=\"[--thread-content-max-width:40rem] thread-lg:[--thread-content-max-width:48rem] mx-auto max-w-(--thread-content-max-width) flex-1 group\/turn-messages focus-visible:outline-hidden relative flex w-full min-w-0 flex-col agent-turn\" tabindex=\"-1\">\n<div class=\"flex max-w-full flex-col grow\">\n<div class=\"min-h-8 text-message relative flex w-full flex-col items-end gap-2 text-start break-words whitespace-normal [.text-message+&amp;]:mt-1\" dir=\"auto\" data-message-author-role=\"assistant\" data-message-id=\"2d9630d2-968b-4392-bf2a-a4480e1b84ce\" data-message-model-slug=\"gpt-5-1\">\n<div class=\"flex w-full flex-col gap-1 empty:hidden first:pt-[1px]\">\n<div class=\"markdown prose dark:prose-invert w-full break-words light markdown-new-styling\">\n<p data-start=\"829\" data-end=\"1018\" data-is-last-node=\"\" data-is-only-node=\"\">Im\u00e1n tipo disco de 80\u00d710 mm, amplio y resistente, ideal para aplicaciones t\u00e9cnicas e industriales que requieren una gran superficie magn\u00e9tica y sujeci\u00f3n estable.<\/p>\n<\/div>\n<\/div>\n<\/div>\n<\/div>\n<div class=\"z-0 flex min-h-[46px] justify-start\"><\/div>\n<div class=\"mt-3 w-full empty:hidden\">\n<div class=\"text-center\"><\/div>\n<\/div>\n<\/div>\n<\/div>\n<\/article>\n<div class=\"pointer-events-none h-px w-px\" aria-hidden=\"true\" data-edge=\"true\"><\/div>\n","protected":false},"featured_media":1035,"comment_status":"open","ping_status":"closed","template":"","meta":[],"product_brand":[],"product_cat":[54],"product_tag":[],"class_list":{"0":"post-1034","1":"product","2":"type-product","3":"status-publish","4":"has-post-thumbnail","6":"product_cat-imanes","8":"first","9":"instock","10":"sale","11":"taxable","12":"shipping-taxable","13":"purchasable","14":"product-type-simple"},"_links":{"self":[{"href":"https:\/\/www.vicsun.pe\/en\/wp-json\/wp\/v2\/product\/1034","targetHints":{"allow":["GET"]}}],"collection":[{"href":"https:\/\/www.vicsun.pe\/en\/wp-json\/wp\/v2\/product"}],"about":[{"href":"https:\/\/www.vicsun.pe\/en\/wp-json\/wp\/v2\/types\/product"}],"replies":[{"embeddable":true,"href":"https:\/\/www.vicsun.pe\/en\/wp-json\/wp\/v2\/comments?post=1034"}],"wp:featuredmedia":[{"embeddable":true,"href":"https:\/\/www.vicsun.pe\/en\/wp-json\/wp\/v2\/media\/1035"}],"wp:attachment":[{"href":"https:\/\/www.vicsun.pe\/en\/wp-json\/wp\/v2\/media?parent=1034"}],"wp:term":[{"taxonomy":"product_brand","embeddable":true,"href":"https:\/\/www.vicsun.pe\/en\/wp-json\/wp\/v2\/product_brand?post=1034"},{"taxonomy":"product_cat","embeddable":true,"href":"https:\/\/www.vicsun.pe\/en\/wp-json\/wp\/v2\/product_cat?post=1034"},{"taxonomy":"product_tag","embeddable":true,"href":"https:\/\/www.vicsun.pe\/en\/wp-json\/wp\/v2\/product_tag?post=1034"}],"curies":[{"name":"wp","href":"https:\/\/api.w.org\/{rel}","templated":true}]}}