{"id":1036,"date":"2025-11-21T17:07:35","date_gmt":"2025-11-21T22:07:35","guid":{"rendered":"https:\/\/www.vicsun.pe\/?post_type=product&#038;p=1036"},"modified":"2025-11-21T17:07:36","modified_gmt":"2025-11-21T22:07:36","slug":"kzy-8065-iman-tipo-disco-20mm3mm-5mm","status":"publish","type":"product","link":"https:\/\/www.vicsun.pe\/en\/producto\/kzy-8065-iman-tipo-disco-20mm3mm-5mm\/","title":{"rendered":"KZY-8065 IMAN TIPO DISCO 20MM*3MM-5MM"},"content":{"rendered":"<p data-start=\"0\" data-end=\"302\">El <strong data-start=\"3\" data-end=\"39\">Im\u00e1n Tipo Disco 20\u00d73 mm KZY-8065<\/strong> es un im\u00e1n circular compacto dise\u00f1ado para ofrecer una fuerza magn\u00e9tica estable en un formato delgado y vers\u00e1til. Su tama\u00f1o reducido permite integrarlo f\u00e1cilmente en proyectos t\u00e9cnicos, educativos o de fabricaci\u00f3n ligera donde se requiere una sujeci\u00f3n confiable.<\/p>\n<p data-start=\"304\" data-end=\"339\">\ud83d\udd27 <strong data-start=\"307\" data-end=\"337\">Especificaciones t\u00e9cnicas:<\/strong><\/p>\n<ul data-start=\"340\" data-end=\"565\">\n<li data-start=\"340\" data-end=\"374\">\n<p data-start=\"342\" data-end=\"374\">Tipo: im\u00e1n circular tipo disco<\/p>\n<\/li>\n<li data-start=\"375\" data-end=\"399\">\n<p data-start=\"377\" data-end=\"399\">Dimensiones: 20\u00d73 mm<\/p>\n<\/li>\n<li data-start=\"400\" data-end=\"436\">\n<p data-start=\"402\" data-end=\"436\">Dise\u00f1o compacto y de bajo perfil<\/p>\n<\/li>\n<li data-start=\"437\" data-end=\"476\">\n<p data-start=\"439\" data-end=\"476\">Buena fuerza de atracci\u00f3n magn\u00e9tica<\/p>\n<\/li>\n<li data-start=\"477\" data-end=\"523\">\n<p data-start=\"479\" data-end=\"523\">Estable y resistente a la desmagnetizaci\u00f3n<\/p>\n<\/li>\n<li data-start=\"524\" data-end=\"565\">\n<p data-start=\"526\" data-end=\"565\">Superficie lisa para un acople seguro<\/p>\n<\/li>\n<\/ul>\n<p data-start=\"567\" data-end=\"782\">\u26a1 <strong data-start=\"569\" data-end=\"586\">Aplicaciones:<\/strong><br data-start=\"586\" data-end=\"589\" \/>Ideal para proyectos escolares, electr\u00f3nica, manualidades, maquetas, sistemas de cierre magn\u00e9tico, organizaci\u00f3n, se\u00f1al\u00e9tica y aplicaciones t\u00e9cnicas que necesiten un im\u00e1n peque\u00f1o pero eficiente.<\/p>","protected":false},"excerpt":{"rendered":"<article class=\"text-token-text-primary w-full focus:outline-none [--shadow-height:45px] has-data-writing-block:pointer-events-none has-data-writing-block:-mt-(--shadow-height) has-data-writing-block:pt-(--shadow-height) [&amp;:has([data-writing-block])&gt;*]:pointer-events-auto [content-visibility:auto] supports-[content-visibility:auto]:[contain-intrinsic-size:auto_100lvh] scroll-mt-[calc(var(--header-height)+min(200px,max(70px,20svh)))]\" dir=\"auto\" tabindex=\"-1\" data-turn-id=\"request-68b8aa5e-2310-832c-83b6-8fe399b957d9-15\" data-testid=\"conversation-turn-104\" data-scroll-anchor=\"true\" data-turn=\"assistant\">\n<div class=\"text-base my-auto mx-auto pb-10 [--thread-content-margin:--spacing(4)] thread-sm:[--thread-content-margin:--spacing(6)] thread-lg:[--thread-content-margin:--spacing(16)] px-(--thread-content-margin)\">\n<div class=\"[--thread-content-max-width:40rem] thread-lg:[--thread-content-max-width:48rem] mx-auto max-w-(--thread-content-max-width) flex-1 group\/turn-messages focus-visible:outline-hidden relative flex w-full min-w-0 flex-col agent-turn\" tabindex=\"-1\">\n<div class=\"flex max-w-full flex-col grow\">\n<div class=\"min-h-8 text-message relative flex w-full flex-col items-end gap-2 text-start break-words whitespace-normal [.text-message+&amp;]:mt-1\" dir=\"auto\" data-message-author-role=\"assistant\" data-message-id=\"1a5c08f1-fe83-4bce-933a-5a16bd49f6a0\" data-message-model-slug=\"gpt-5-1\">\n<div class=\"flex w-full flex-col gap-1 empty:hidden first:pt-[1px]\">\n<div class=\"markdown prose dark:prose-invert w-full break-words light markdown-new-styling\">\n<p data-start=\"784\" data-end=\"958\" data-is-last-node=\"\" data-is-only-node=\"\">Im\u00e1n tipo disco de 20\u00d73 mm, compacto y estable, perfecto para proyectos educativos, electr\u00f3nicos y usos generales con sujeci\u00f3n magn\u00e9tica pr\u00e1ctica.<\/p>\n<\/div>\n<\/div>\n<\/div>\n<\/div>\n<div class=\"z-0 flex min-h-[46px] justify-start\"><\/div>\n<div class=\"mt-3 w-full empty:hidden\">\n<div class=\"text-center\"><\/div>\n<\/div>\n<\/div>\n<\/div>\n<\/article>\n<div class=\"pointer-events-none h-px w-px\" aria-hidden=\"true\" data-edge=\"true\"><\/div>\n","protected":false},"featured_media":1037,"comment_status":"open","ping_status":"closed","template":"","meta":[],"product_brand":[],"product_cat":[54],"product_tag":[],"class_list":{"0":"post-1036","1":"product","2":"type-product","3":"status-publish","4":"has-post-thumbnail","6":"product_cat-imanes","8":"first","9":"instock","10":"sale","11":"taxable","12":"shipping-taxable","13":"purchasable","14":"product-type-simple"},"_links":{"self":[{"href":"https:\/\/www.vicsun.pe\/en\/wp-json\/wp\/v2\/product\/1036","targetHints":{"allow":["GET"]}}],"collection":[{"href":"https:\/\/www.vicsun.pe\/en\/wp-json\/wp\/v2\/product"}],"about":[{"href":"https:\/\/www.vicsun.pe\/en\/wp-json\/wp\/v2\/types\/product"}],"replies":[{"embeddable":true,"href":"https:\/\/www.vicsun.pe\/en\/wp-json\/wp\/v2\/comments?post=1036"}],"wp:featuredmedia":[{"embeddable":true,"href":"https:\/\/www.vicsun.pe\/en\/wp-json\/wp\/v2\/media\/1037"}],"wp:attachment":[{"href":"https:\/\/www.vicsun.pe\/en\/wp-json\/wp\/v2\/media?parent=1036"}],"wp:term":[{"taxonomy":"product_brand","embeddable":true,"href":"https:\/\/www.vicsun.pe\/en\/wp-json\/wp\/v2\/product_brand?post=1036"},{"taxonomy":"product_cat","embeddable":true,"href":"https:\/\/www.vicsun.pe\/en\/wp-json\/wp\/v2\/product_cat?post=1036"},{"taxonomy":"product_tag","embeddable":true,"href":"https:\/\/www.vicsun.pe\/en\/wp-json\/wp\/v2\/product_tag?post=1036"}],"curies":[{"name":"wp","href":"https:\/\/api.w.org\/{rel}","templated":true}]}}