{"id":1038,"date":"2025-11-21T17:13:00","date_gmt":"2025-11-21T22:13:00","guid":{"rendered":"https:\/\/www.vicsun.pe\/?post_type=product&#038;p=1038"},"modified":"2025-11-21T17:13:00","modified_gmt":"2025-11-21T22:13:00","slug":"kzy-8067-iman-tipo-cilindrico-8mm10mm","status":"publish","type":"product","link":"https:\/\/www.vicsun.pe\/en\/producto\/kzy-8067-iman-tipo-cilindrico-8mm10mm\/","title":{"rendered":"KZY-8067 IMAN TIPO CILINDRICO 8MM*10MM"},"content":{"rendered":"<p data-start=\"0\" data-end=\"334\">El <strong data-start=\"3\" data-end=\"44\">Im\u00e1n Tipo Cil\u00edndrico 8\u00d710 mm KZY-8067<\/strong> es un im\u00e1n compacto y resistente dise\u00f1ado para ofrecer una fuerza magn\u00e9tica estable en aplicaciones donde se requiere precisi\u00f3n y un formato alargado. Su forma cil\u00edndrica permite una concentraci\u00f3n efectiva del campo magn\u00e9tico, facilitando su integraci\u00f3n en proyectos t\u00e9cnicos y educativos.<\/p>\n<p data-start=\"336\" data-end=\"371\">\ud83d\udd27 <strong data-start=\"339\" data-end=\"369\">Especificaciones t\u00e9cnicas:<\/strong><\/p>\n<ul data-start=\"372\" data-end=\"570\">\n<li data-start=\"372\" data-end=\"397\">\n<p data-start=\"374\" data-end=\"397\">Tipo: im\u00e1n cil\u00edndrico<\/p>\n<\/li>\n<li data-start=\"398\" data-end=\"422\">\n<p data-start=\"400\" data-end=\"422\">Dimensiones: 8\u00d710 mm<\/p>\n<\/li>\n<li data-start=\"423\" data-end=\"453\">\n<p data-start=\"425\" data-end=\"453\">Dise\u00f1o compacto y elongado<\/p>\n<\/li>\n<li data-start=\"454\" data-end=\"493\">\n<p data-start=\"456\" data-end=\"493\">Buena fuerza de atracci\u00f3n magn\u00e9tica<\/p>\n<\/li>\n<li data-start=\"494\" data-end=\"530\">\n<p data-start=\"496\" data-end=\"530\">Resistente a la desmagnetizaci\u00f3n<\/p>\n<\/li>\n<li data-start=\"531\" data-end=\"570\">\n<p data-start=\"533\" data-end=\"570\">Superficie lisa para montaje seguro<\/p>\n<\/li>\n<\/ul>\n<p data-start=\"572\" data-end=\"797\">\u26a1 <strong data-start=\"574\" data-end=\"591\">Aplicaciones:<\/strong><br data-start=\"591\" data-end=\"594\" \/>Ideal para proyectos educativos, prototipos, mecanismos de cierre, experimentos de f\u00edsica, electr\u00f3nica, maquetas y aplicaciones t\u00e9cnicas que requieran un im\u00e1n cil\u00edndrico confiable y de f\u00e1cil integraci\u00f3n.<\/p>","protected":false},"excerpt":{"rendered":"<article class=\"text-token-text-primary w-full focus:outline-none [--shadow-height:45px] has-data-writing-block:pointer-events-none has-data-writing-block:-mt-(--shadow-height) has-data-writing-block:pt-(--shadow-height) [&amp;:has([data-writing-block])&gt;*]:pointer-events-auto [content-visibility:auto] supports-[content-visibility:auto]:[contain-intrinsic-size:auto_100lvh] scroll-mt-[calc(var(--header-height)+min(200px,max(70px,20svh)))]\" dir=\"auto\" tabindex=\"-1\" data-turn-id=\"request-68b8aa5e-2310-832c-83b6-8fe399b957d9-16\" data-testid=\"conversation-turn-106\" data-scroll-anchor=\"true\" data-turn=\"assistant\">\n<div class=\"text-base my-auto mx-auto pb-10 [--thread-content-margin:--spacing(4)] thread-sm:[--thread-content-margin:--spacing(6)] thread-lg:[--thread-content-margin:--spacing(16)] px-(--thread-content-margin)\">\n<div class=\"[--thread-content-max-width:40rem] thread-lg:[--thread-content-max-width:48rem] mx-auto max-w-(--thread-content-max-width) flex-1 group\/turn-messages focus-visible:outline-hidden relative flex w-full min-w-0 flex-col agent-turn\" tabindex=\"-1\">\n<div class=\"flex max-w-full flex-col grow\">\n<div class=\"min-h-8 text-message relative flex w-full flex-col items-end gap-2 text-start break-words whitespace-normal [.text-message+&amp;]:mt-1\" dir=\"auto\" data-message-author-role=\"assistant\" data-message-id=\"133664e6-3c72-4d33-956e-add689cb7dc6\" data-message-model-slug=\"gpt-5-1\">\n<div class=\"flex w-full flex-col gap-1 empty:hidden first:pt-[1px]\">\n<div class=\"markdown prose dark:prose-invert w-full break-words light markdown-new-styling\">\n<p data-start=\"799\" data-end=\"982\" data-is-last-node=\"\" data-is-only-node=\"\">Im\u00e1n cil\u00edndrico de 8\u00d710 mm, compacto y estable, perfecto para proyectos t\u00e9cnicos, educativos y usos generales que requieran una sujeci\u00f3n magn\u00e9tica precisa.<\/p>\n<\/div>\n<\/div>\n<\/div>\n<\/div>\n<\/div>\n<\/div>\n<\/article>\n","protected":false},"featured_media":1039,"comment_status":"open","ping_status":"closed","template":"","meta":[],"product_brand":[],"product_cat":[54],"product_tag":[],"class_list":{"0":"post-1038","1":"product","2":"type-product","3":"status-publish","4":"has-post-thumbnail","6":"product_cat-imanes","8":"first","9":"instock","10":"sale","11":"taxable","12":"shipping-taxable","13":"purchasable","14":"product-type-simple"},"_links":{"self":[{"href":"https:\/\/www.vicsun.pe\/en\/wp-json\/wp\/v2\/product\/1038","targetHints":{"allow":["GET"]}}],"collection":[{"href":"https:\/\/www.vicsun.pe\/en\/wp-json\/wp\/v2\/product"}],"about":[{"href":"https:\/\/www.vicsun.pe\/en\/wp-json\/wp\/v2\/types\/product"}],"replies":[{"embeddable":true,"href":"https:\/\/www.vicsun.pe\/en\/wp-json\/wp\/v2\/comments?post=1038"}],"wp:featuredmedia":[{"embeddable":true,"href":"https:\/\/www.vicsun.pe\/en\/wp-json\/wp\/v2\/media\/1039"}],"wp:attachment":[{"href":"https:\/\/www.vicsun.pe\/en\/wp-json\/wp\/v2\/media?parent=1038"}],"wp:term":[{"taxonomy":"product_brand","embeddable":true,"href":"https:\/\/www.vicsun.pe\/en\/wp-json\/wp\/v2\/product_brand?post=1038"},{"taxonomy":"product_cat","embeddable":true,"href":"https:\/\/www.vicsun.pe\/en\/wp-json\/wp\/v2\/product_cat?post=1038"},{"taxonomy":"product_tag","embeddable":true,"href":"https:\/\/www.vicsun.pe\/en\/wp-json\/wp\/v2\/product_tag?post=1038"}],"curies":[{"name":"wp","href":"https:\/\/api.w.org\/{rel}","templated":true}]}}