{"id":1040,"date":"2025-11-24T12:52:23","date_gmt":"2025-11-24T17:52:23","guid":{"rendered":"https:\/\/www.vicsun.pe\/?post_type=product&#038;p=1040"},"modified":"2025-11-24T12:52:23","modified_gmt":"2025-11-24T17:52:23","slug":"kzy-8068-iman-tipo-cilindrico-10mm30mm","status":"publish","type":"product","link":"https:\/\/www.vicsun.pe\/en\/producto\/kzy-8068-iman-tipo-cilindrico-10mm30mm\/","title":{"rendered":"KZY-8068 IMAN TIPO CILINDRICO  10MM*30MM"},"content":{"rendered":"<p data-start=\"0\" data-end=\"375\">El <strong data-start=\"3\" data-end=\"45\">Im\u00e1n Tipo Cil\u00edndrico 10\u00d730 mm KZY-8068<\/strong> es un im\u00e1n alargado de gran estabilidad magn\u00e9tica, dise\u00f1ado para proporcionar una atracci\u00f3n firme en aplicaciones que requieren precisi\u00f3n y una estructura m\u00e1s extensa. Su forma cil\u00edndrica permite una concentraci\u00f3n efectiva del campo magn\u00e9tico a lo largo de toda su longitud, facilitando su uso en proyectos t\u00e9cnicos y educativos.<\/p>\n<p data-start=\"377\" data-end=\"412\">\ud83d\udd27 <strong data-start=\"380\" data-end=\"410\">Especificaciones t\u00e9cnicas:<\/strong><\/p>\n<ul data-start=\"413\" data-end=\"619\">\n<li data-start=\"413\" data-end=\"438\">\n<p data-start=\"415\" data-end=\"438\">Tipo: im\u00e1n cil\u00edndrico<\/p>\n<\/li>\n<li data-start=\"439\" data-end=\"464\">\n<p data-start=\"441\" data-end=\"464\">Dimensiones: 10\u00d730 mm<\/p>\n<\/li>\n<li data-start=\"465\" data-end=\"497\">\n<p data-start=\"467\" data-end=\"497\">Dise\u00f1o alargado y resistente<\/p>\n<\/li>\n<li data-start=\"498\" data-end=\"537\">\n<p data-start=\"500\" data-end=\"537\">Buena fuerza de atracci\u00f3n magn\u00e9tica<\/p>\n<\/li>\n<li data-start=\"538\" data-end=\"576\">\n<p data-start=\"540\" data-end=\"576\">Estable y dif\u00edcil de desmagnetizar<\/p>\n<\/li>\n<li data-start=\"577\" data-end=\"619\">\n<p data-start=\"579\" data-end=\"619\">Superficie lisa para un montaje seguro<\/p>\n<\/li>\n<\/ul>\n<p data-start=\"621\" data-end=\"840\">\u26a1 <strong data-start=\"623\" data-end=\"640\">Aplicaciones:<\/strong><br data-start=\"640\" data-end=\"643\" \/>Ideal para experimentos de f\u00edsica, prototipado, mecanismos de cierre, proyectos educativos, electr\u00f3nica, maquetas y aplicaciones t\u00e9cnicas que necesiten un im\u00e1n cil\u00edndrico firme y de mayor longitud.<\/p>","protected":false},"excerpt":{"rendered":"<article class=\"text-token-text-primary w-full focus:outline-none [--shadow-height:45px] has-data-writing-block:pointer-events-none has-data-writing-block:-mt-(--shadow-height) has-data-writing-block:pt-(--shadow-height) [&amp;:has([data-writing-block])&gt;*]:pointer-events-auto [content-visibility:auto] supports-[content-visibility:auto]:[contain-intrinsic-size:auto_100lvh] scroll-mt-[calc(var(--header-height)+min(200px,max(70px,20svh)))]\" dir=\"auto\" tabindex=\"-1\" data-turn-id=\"7e237917-c6ec-4da5-8594-d9006409d2b9\" data-testid=\"conversation-turn-108\" data-scroll-anchor=\"true\" data-turn=\"assistant\">\n<div class=\"text-base my-auto mx-auto pb-10 [--thread-content-margin:--spacing(4)] thread-sm:[--thread-content-margin:--spacing(6)] thread-lg:[--thread-content-margin:--spacing(16)] px-(--thread-content-margin)\">\n<div class=\"[--thread-content-max-width:40rem] thread-lg:[--thread-content-max-width:48rem] mx-auto max-w-(--thread-content-max-width) flex-1 group\/turn-messages focus-visible:outline-hidden relative flex w-full min-w-0 flex-col agent-turn\" tabindex=\"-1\">\n<div class=\"flex max-w-full flex-col grow\">\n<div class=\"min-h-8 text-message relative flex w-full flex-col items-end gap-2 text-start break-words whitespace-normal [.text-message+&amp;]:mt-1\" dir=\"auto\" data-message-author-role=\"assistant\" data-message-id=\"d1c578d5-fd38-4c9a-ad3e-950e3f0c79ae\" data-message-model-slug=\"gpt-5-1\">\n<div class=\"flex w-full flex-col gap-1 empty:hidden first:pt-[1px]\">\n<div class=\"markdown prose dark:prose-invert w-full break-words light markdown-new-styling\">\n<p data-start=\"842\" data-end=\"1025\" data-is-last-node=\"\" data-is-only-node=\"\">Im\u00e1n cil\u00edndrico de 10\u00d730 mm, resistente y estable, ideal para proyectos educativos, t\u00e9cnicos e industriales que requieren una sujeci\u00f3n magn\u00e9tica confiable.<\/p>\n<\/div>\n<\/div>\n<\/div>\n<\/div>\n<\/div>\n<\/div>\n<\/article>\n","protected":false},"featured_media":1042,"comment_status":"open","ping_status":"closed","template":"","meta":[],"product_brand":[],"product_cat":[54],"product_tag":[],"class_list":{"0":"post-1040","1":"product","2":"type-product","3":"status-publish","4":"has-post-thumbnail","6":"product_cat-imanes","8":"first","9":"instock","10":"sale","11":"taxable","12":"shipping-taxable","13":"purchasable","14":"product-type-simple"},"_links":{"self":[{"href":"https:\/\/www.vicsun.pe\/en\/wp-json\/wp\/v2\/product\/1040","targetHints":{"allow":["GET"]}}],"collection":[{"href":"https:\/\/www.vicsun.pe\/en\/wp-json\/wp\/v2\/product"}],"about":[{"href":"https:\/\/www.vicsun.pe\/en\/wp-json\/wp\/v2\/types\/product"}],"replies":[{"embeddable":true,"href":"https:\/\/www.vicsun.pe\/en\/wp-json\/wp\/v2\/comments?post=1040"}],"wp:featuredmedia":[{"embeddable":true,"href":"https:\/\/www.vicsun.pe\/en\/wp-json\/wp\/v2\/media\/1042"}],"wp:attachment":[{"href":"https:\/\/www.vicsun.pe\/en\/wp-json\/wp\/v2\/media?parent=1040"}],"wp:term":[{"taxonomy":"product_brand","embeddable":true,"href":"https:\/\/www.vicsun.pe\/en\/wp-json\/wp\/v2\/product_brand?post=1040"},{"taxonomy":"product_cat","embeddable":true,"href":"https:\/\/www.vicsun.pe\/en\/wp-json\/wp\/v2\/product_cat?post=1040"},{"taxonomy":"product_tag","embeddable":true,"href":"https:\/\/www.vicsun.pe\/en\/wp-json\/wp\/v2\/product_tag?post=1040"}],"curies":[{"name":"wp","href":"https:\/\/api.w.org\/{rel}","templated":true}]}}