{"id":1088,"date":"2026-02-02T16:24:29","date_gmt":"2026-02-02T21:24:29","guid":{"rendered":"https:\/\/www.vicsun.pe\/?post_type=product&#038;p=1088"},"modified":"2026-04-14T15:52:38","modified_gmt":"2026-04-14T20:52:38","slug":"ts1500-12v-inversor-de-voltaje-onda-pura-1500w-12v-220vac-2","status":"publish","type":"product","link":"https:\/\/www.vicsun.pe\/en\/producto\/ts1500-12v-inversor-de-voltaje-onda-pura-1500w-12v-220vac-2\/","title":{"rendered":"SP1500-12V: INVERSOR DE VOLTAJE ONDA PURA 1500W (12V\/220VAC)"},"content":{"rendered":"<p data-start=\"0\" data-end=\"438\">El <strong data-start=\"3\" data-end=\"55\">Inversor de Voltaje Onda Pura 1500W (12V\/220VAC)<\/strong> est\u00e1 dise\u00f1ado para convertir corriente continua de <strong data-start=\"107\" data-end=\"117\">12V DC<\/strong> en corriente alterna de <strong data-start=\"142\" data-end=\"153\">220V AC<\/strong>, entregando una energ\u00eda limpia y estable que replica la de la red el\u00e9ctrica convencional. Su tecnolog\u00eda de onda senoidal pura permite alimentar equipos sensibles y de mayor consumo con total seguridad, siendo ideal para sistemas solares, veh\u00edculos y soluciones de respaldo energ\u00e9tico.<\/p>\n<p data-start=\"440\" data-end=\"475\">\ud83d\udd27 <strong data-start=\"443\" data-end=\"473\">Especificaciones t\u00e9cnicas:<\/strong><\/p>\n<p data-start=\"477\" data-end=\"658\">Potencia nominal: 1500W<br data-start=\"500\" data-end=\"503\" \/>Pico de potencia: 3000W<br data-start=\"526\" data-end=\"529\" \/>Voltaje de entrada: 12V DC<br data-start=\"555\" data-end=\"558\" \/>Voltaje de salida: 220V AC \u00b15%<br data-start=\"588\" data-end=\"591\" \/>Frecuencia: 50Hz<br data-start=\"607\" data-end=\"610\" \/>Tipo de onda: Senoidal pura<br data-start=\"637\" data-end=\"640\" \/>Eficiencia: \u226590%<\/p>\n<p data-start=\"660\" data-end=\"760\"><strong data-start=\"660\" data-end=\"688\">Protecciones integradas:<\/strong><br data-start=\"688\" data-end=\"691\" \/>Sobrecarga<br data-start=\"701\" data-end=\"704\" \/>Cortocircuito<br data-start=\"717\" data-end=\"720\" \/>Alta\/baja tensi\u00f3n<br data-start=\"737\" data-end=\"740\" \/>Sobrecalentamiento<\/p>\n<p data-start=\"762\" data-end=\"808\">Sistema de refrigeraci\u00f3n: Ventilaci\u00f3n activa<\/p>\n<p data-start=\"810\" data-end=\"1058\">\u26a1 <strong data-start=\"812\" data-end=\"829\">Aplicaciones:<\/strong><br data-start=\"829\" data-end=\"832\" \/>Ideal para sistemas solares, refrigeradoras peque\u00f1as, microondas compactos, herramientas el\u00e9ctricas, televisores, computadoras, equipos de comunicaci\u00f3n y dispositivos electr\u00f3nicos que requieren energ\u00eda estable fuera de la red.<\/p>","protected":false},"excerpt":{"rendered":"<div class=\"flex flex-col text-sm pb-25\">\n<article class=\"text-token-text-primary w-full focus:outline-none [--shadow-height:45px] has-data-writing-block:pointer-events-none has-data-writing-block:-mt-(--shadow-height) has-data-writing-block:pt-(--shadow-height) [&amp;:has([data-writing-block])&gt;*]:pointer-events-auto scroll-mt-[calc(var(--header-height)+min(200px,max(70px,20svh)))]\" dir=\"auto\" tabindex=\"-1\" data-turn-id=\"request-68b8aa5e-2310-832c-83b6-8fe399b957d9-0\" data-testid=\"conversation-turn-124\" data-scroll-anchor=\"true\" data-turn=\"assistant\">\n<div class=\"text-base my-auto mx-auto pb-10 [--thread-content-margin:--spacing(4)] @w-sm\/main:[--thread-content-margin:--spacing(6)] @w-lg\/main:[--thread-content-margin:--spacing(16)] px-(--thread-content-margin)\">\n<div class=\"[--thread-content-max-width:40rem] @w-lg\/main:[--thread-content-max-width:48rem] mx-auto max-w-(--thread-content-max-width) flex-1 group\/turn-messages focus-visible:outline-hidden relative flex w-full min-w-0 flex-col agent-turn\" tabindex=\"-1\">\n<div class=\"flex max-w-full flex-col grow\">\n<div class=\"min-h-8 text-message relative flex w-full flex-col items-end gap-2 text-start break-words whitespace-normal [.text-message+&amp;]:mt-1\" dir=\"auto\" data-message-author-role=\"assistant\" data-message-id=\"7b12284a-71f2-4f34-9ef9-cb4c6eac8060\" data-message-model-slug=\"gpt-5-2\">\n<div class=\"flex w-full flex-col gap-1 empty:hidden first:pt-[1px]\">\n<div class=\"markdown prose dark:prose-invert w-full wrap-break-word light markdown-new-styling\">\n<p data-start=\"1060\" data-end=\"1218\" data-is-last-node=\"\" data-is-only-node=\"\">Inversor de voltaje 1500W onda pura 12V a 220V, potente y seguro, ideal para sistemas solares, automotrices y respaldo energ\u00e9tico.<\/p>\n<\/div>\n<\/div>\n<\/div>\n<\/div>\n<div class=\"z-0 flex min-h-[46px] justify-start\"><\/div>\n<div class=\"mt-3 w-full empty:hidden\">\n<div class=\"text-center\"><\/div>\n<\/div>\n<\/div>\n<\/div>\n<\/article>\n<\/div>\n<div class=\"pointer-events-none h-px w-px absolute bottom-0\" aria-hidden=\"true\" data-edge=\"true\"><\/div>\n","protected":false},"featured_media":1090,"comment_status":"open","ping_status":"closed","template":"","meta":[],"product_brand":[],"product_cat":[27],"product_tag":[],"class_list":{"0":"post-1088","1":"product","2":"type-product","3":"status-publish","4":"has-post-thumbnail","6":"product_cat-onda-pura","8":"first","9":"instock","10":"sale","11":"taxable","12":"shipping-taxable","13":"purchasable","14":"product-type-simple"},"_links":{"self":[{"href":"https:\/\/www.vicsun.pe\/en\/wp-json\/wp\/v2\/product\/1088","targetHints":{"allow":["GET"]}}],"collection":[{"href":"https:\/\/www.vicsun.pe\/en\/wp-json\/wp\/v2\/product"}],"about":[{"href":"https:\/\/www.vicsun.pe\/en\/wp-json\/wp\/v2\/types\/product"}],"replies":[{"embeddable":true,"href":"https:\/\/www.vicsun.pe\/en\/wp-json\/wp\/v2\/comments?post=1088"}],"wp:featuredmedia":[{"embeddable":true,"href":"https:\/\/www.vicsun.pe\/en\/wp-json\/wp\/v2\/media\/1090"}],"wp:attachment":[{"href":"https:\/\/www.vicsun.pe\/en\/wp-json\/wp\/v2\/media?parent=1088"}],"wp:term":[{"taxonomy":"product_brand","embeddable":true,"href":"https:\/\/www.vicsun.pe\/en\/wp-json\/wp\/v2\/product_brand?post=1088"},{"taxonomy":"product_cat","embeddable":true,"href":"https:\/\/www.vicsun.pe\/en\/wp-json\/wp\/v2\/product_cat?post=1088"},{"taxonomy":"product_tag","embeddable":true,"href":"https:\/\/www.vicsun.pe\/en\/wp-json\/wp\/v2\/product_tag?post=1088"}],"curies":[{"name":"wp","href":"https:\/\/api.w.org\/{rel}","templated":true}]}}