{"id":1096,"date":"2026-02-03T11:42:13","date_gmt":"2026-02-03T16:42:13","guid":{"rendered":"https:\/\/www.vicsun.pe\/?post_type=product&#038;p=1096"},"modified":"2026-04-15T15:17:33","modified_gmt":"2026-04-15T20:17:33","slug":"np600-24v-inversor-de-voltaje-600w-24v","status":"publish","type":"product","link":"https:\/\/www.vicsun.pe\/en\/producto\/np600-24v-inversor-de-voltaje-600w-24v\/","title":{"rendered":"NP600-24V: INVERSOR DE VOLTAJE 600W-24V"},"content":{"rendered":"<p data-start=\"0\" data-end=\"389\">El <strong data-start=\"3\" data-end=\"53\">Inversor de Voltaje 600W \u2013 24V Onda Modificada<\/strong> est\u00e1 dise\u00f1ado para convertir corriente continua de <strong data-start=\"105\" data-end=\"115\">24V DC<\/strong> en corriente alterna de <strong data-start=\"140\" data-end=\"151\">220V AC<\/strong>, ofreciendo una soluci\u00f3n eficiente para alimentar equipos el\u00e9ctricos de uso general fuera de la red. Su tecnolog\u00eda de onda modificada es ideal para cargas no sensibles en sistemas solares, veh\u00edculos y aplicaciones de respaldo energ\u00e9tico.<\/p>\n<p data-start=\"391\" data-end=\"426\">\ud83d\udd27 <strong data-start=\"394\" data-end=\"424\">Especificaciones t\u00e9cnicas:<\/strong><\/p>\n<p data-start=\"428\" data-end=\"605\">Potencia nominal: 600W<br data-start=\"450\" data-end=\"453\" \/>Pico de potencia: 1200W<br data-start=\"476\" data-end=\"479\" \/>Voltaje de entrada: 24V DC<br data-start=\"505\" data-end=\"508\" \/>Voltaje de salida: 220V AC \u00b15%<br data-start=\"538\" data-end=\"541\" \/>Frecuencia: 50Hz<br data-start=\"557\" data-end=\"560\" \/>Tipo de onda: Modificada<br data-start=\"584\" data-end=\"587\" \/>Eficiencia: \u226585%<\/p>\n<p data-start=\"607\" data-end=\"707\"><strong data-start=\"607\" data-end=\"635\">Protecciones integradas:<\/strong><br data-start=\"635\" data-end=\"638\" \/>Sobrecarga<br data-start=\"648\" data-end=\"651\" \/>Cortocircuito<br data-start=\"664\" data-end=\"667\" \/>Alta\/baja tensi\u00f3n<br data-start=\"684\" data-end=\"687\" \/>Sobrecalentamiento<\/p>\n<p data-start=\"709\" data-end=\"755\">Sistema de refrigeraci\u00f3n: Ventilaci\u00f3n activa<\/p>\n<p data-start=\"757\" data-end=\"987\">\u26a1 <strong data-start=\"759\" data-end=\"776\">Aplicaciones:<\/strong><br data-start=\"776\" data-end=\"779\" \/>Ideal para iluminaci\u00f3n, cargadores, ventiladores, televisores, herramientas el\u00e9ctricas ligeras, peque\u00f1os electrodom\u00e9sticos y equipos no sensibles que requieren energ\u00eda confiable en sistemas solares o m\u00f3viles.<\/p>","protected":false},"excerpt":{"rendered":"<div class=\"flex flex-col text-sm pb-25\">\n<article class=\"text-token-text-primary w-full focus:outline-none [--shadow-height:45px] has-data-writing-block:pointer-events-none has-data-writing-block:-mt-(--shadow-height) has-data-writing-block:pt-(--shadow-height) [&amp;:has([data-writing-block])&gt;*]:pointer-events-auto scroll-mt-[calc(var(--header-height)+min(200px,max(70px,20svh)))]\" dir=\"auto\" tabindex=\"-1\" data-turn-id=\"request-68b8aa5e-2310-832c-83b6-8fe399b957d9-1\" data-testid=\"conversation-turn-130\" data-scroll-anchor=\"true\" data-turn=\"assistant\">\n<div class=\"text-base my-auto mx-auto pb-10 [--thread-content-margin:--spacing(4)] @w-sm\/main:[--thread-content-margin:--spacing(6)] @w-lg\/main:[--thread-content-margin:--spacing(16)] px-(--thread-content-margin)\">\n<div class=\"[--thread-content-max-width:40rem] @w-lg\/main:[--thread-content-max-width:48rem] mx-auto max-w-(--thread-content-max-width) flex-1 group\/turn-messages focus-visible:outline-hidden relative flex w-full min-w-0 flex-col agent-turn\" tabindex=\"-1\">\n<div class=\"flex max-w-full flex-col grow\">\n<div class=\"min-h-8 text-message relative flex w-full flex-col items-end gap-2 text-start break-words whitespace-normal [.text-message+&amp;]:mt-1\" dir=\"auto\" data-message-author-role=\"assistant\" data-message-id=\"9a8fea7b-9298-436f-960a-12d0e5dd92c2\" data-message-model-slug=\"gpt-5-2\">\n<div class=\"flex w-full flex-col gap-1 empty:hidden first:pt-[1px]\">\n<div class=\"markdown prose dark:prose-invert w-full wrap-break-word light markdown-new-styling\">\n<p data-start=\"989\" data-end=\"1153\" data-is-last-node=\"\" data-is-only-node=\"\">Inversor de voltaje 600W onda modificada 24V a 220V, pr\u00e1ctico y eficiente para aplicaciones generales, solares y de respaldo energ\u00e9tico.<\/p>\n<\/div>\n<\/div>\n<\/div>\n<\/div>\n<\/div>\n<\/div>\n<\/article>\n<\/div>\n","protected":false},"featured_media":1099,"comment_status":"open","ping_status":"closed","template":"","meta":[],"product_brand":[],"product_cat":[28],"product_tag":[],"class_list":{"0":"post-1096","1":"product","2":"type-product","3":"status-publish","4":"has-post-thumbnail","6":"product_cat-onda-modificada","8":"first","9":"instock","10":"sale","11":"taxable","12":"shipping-taxable","13":"purchasable","14":"product-type-simple"},"_links":{"self":[{"href":"https:\/\/www.vicsun.pe\/en\/wp-json\/wp\/v2\/product\/1096","targetHints":{"allow":["GET"]}}],"collection":[{"href":"https:\/\/www.vicsun.pe\/en\/wp-json\/wp\/v2\/product"}],"about":[{"href":"https:\/\/www.vicsun.pe\/en\/wp-json\/wp\/v2\/types\/product"}],"replies":[{"embeddable":true,"href":"https:\/\/www.vicsun.pe\/en\/wp-json\/wp\/v2\/comments?post=1096"}],"wp:featuredmedia":[{"embeddable":true,"href":"https:\/\/www.vicsun.pe\/en\/wp-json\/wp\/v2\/media\/1099"}],"wp:attachment":[{"href":"https:\/\/www.vicsun.pe\/en\/wp-json\/wp\/v2\/media?parent=1096"}],"wp:term":[{"taxonomy":"product_brand","embeddable":true,"href":"https:\/\/www.vicsun.pe\/en\/wp-json\/wp\/v2\/product_brand?post=1096"},{"taxonomy":"product_cat","embeddable":true,"href":"https:\/\/www.vicsun.pe\/en\/wp-json\/wp\/v2\/product_cat?post=1096"},{"taxonomy":"product_tag","embeddable":true,"href":"https:\/\/www.vicsun.pe\/en\/wp-json\/wp\/v2\/product_tag?post=1096"}],"curies":[{"name":"wp","href":"https:\/\/api.w.org\/{rel}","templated":true}]}}