{"id":1112,"date":"2026-02-04T15:49:24","date_gmt":"2026-02-04T20:49:24","guid":{"rendered":"https:\/\/www.vicsun.pe\/?post_type=product&#038;p=1112"},"modified":"2026-04-16T10:33:01","modified_gmt":"2026-04-16T15:33:01","slug":"revo-hm-4kw-24v-inversor-solar-hybrido-4kw-24v","status":"publish","type":"product","link":"https:\/\/www.vicsun.pe\/en\/producto\/revo-hm-4kw-24v-inversor-solar-hybrido-4kw-24v\/","title":{"rendered":"REVO HM-4KW\/24V: INVERSOR SOLAR HYBRIDO 4KW \/24V"},"content":{"rendered":"<p data-start=\"0\" data-end=\"374\">El <strong data-start=\"3\" data-end=\"73\">REVO HM-4KW\/24V es un inversor solar h\u00edbrido de onda senoidal pura<\/strong>, dise\u00f1ado para gestionar de forma inteligente la energ\u00eda proveniente de paneles solares, bater\u00edas y red el\u00e9ctrica. Su arquitectura h\u00edbrida permite priorizar el uso de energ\u00eda solar, optimizando el consumo y garantizando una alimentaci\u00f3n continua incluso cuando la red presenta cortes o inestabilidad.<\/p>\n<p data-start=\"376\" data-end=\"567\">Con una potencia de <strong data-start=\"396\" data-end=\"404\">4 kW<\/strong> y sistema a <strong data-start=\"417\" data-end=\"424\">24V<\/strong>, ofrece un excelente equilibrio entre capacidad y eficiencia para aplicaciones residenciales y comerciales que requieren autonom\u00eda energ\u00e9tica.<\/p>\n<p data-start=\"569\" data-end=\"604\">\ud83d\udd27 <strong data-start=\"572\" data-end=\"602\">Especificaciones t\u00e9cnicas:<\/strong><\/p>\n<p data-start=\"606\" data-end=\"858\">Potencia nominal: 4 kW<br data-start=\"628\" data-end=\"631\" \/>Voltaje del sistema: 24V DC<br data-start=\"658\" data-end=\"661\" \/>Voltaje de salida: 220V AC<br data-start=\"687\" data-end=\"690\" \/>Frecuencia: 50Hz<br data-start=\"706\" data-end=\"709\" \/>Tipo de onda: Senoidal pura<br data-start=\"736\" data-end=\"739\" \/>Tipo de sistema: H\u00edbrido (solar + red + bater\u00edas)<br data-start=\"788\" data-end=\"791\" \/>Controlador solar: MPPT integrado<br data-start=\"824\" data-end=\"827\" \/>Alta eficiencia de conversi\u00f3n<\/p>\n<p data-start=\"860\" data-end=\"984\"><strong data-start=\"860\" data-end=\"888\">Protecciones integradas:<\/strong><br data-start=\"888\" data-end=\"891\" \/>Sobrecarga<br data-start=\"901\" data-end=\"904\" \/>Cortocircuito<br data-start=\"917\" data-end=\"920\" \/>Alta\/baja tensi\u00f3n<br data-start=\"937\" data-end=\"940\" \/>Sobrecalentamiento<br data-start=\"958\" data-end=\"961\" \/>Protecci\u00f3n de bater\u00eda<\/p>\n<p data-start=\"986\" data-end=\"1032\">Sistema de refrigeraci\u00f3n: Ventilaci\u00f3n activa<\/p>\n<p data-start=\"1034\" data-end=\"1258\">\u26a1 <strong data-start=\"1036\" data-end=\"1053\">Aplicaciones:<\/strong><br data-start=\"1053\" data-end=\"1056\" \/>Ideal para viviendas, oficinas, comercios, sistemas solares h\u00edbridos, iluminaci\u00f3n, refrigeraci\u00f3n, computadoras, telecomunicaciones y respaldo energ\u00e9tico donde se combine red el\u00e9ctrica con energ\u00eda solar.<\/p>","protected":false},"excerpt":{"rendered":"<div class=\"flex flex-col text-sm pb-25\">\n<article class=\"text-token-text-primary w-full focus:outline-none [--shadow-height:45px] has-data-writing-block:pointer-events-none has-data-writing-block:-mt-(--shadow-height) has-data-writing-block:pt-(--shadow-height) [&amp;:has([data-writing-block])&gt;*]:pointer-events-auto scroll-mt-[calc(var(--header-height)+min(200px,max(70px,20svh)))]\" dir=\"auto\" tabindex=\"-1\" data-turn-id=\"request-68b8aa5e-2310-832c-83b6-8fe399b957d9-2\" data-testid=\"conversation-turn-144\" data-scroll-anchor=\"true\" data-turn=\"assistant\">\n<div class=\"text-base my-auto mx-auto pb-10 [--thread-content-margin:--spacing(4)] @w-sm\/main:[--thread-content-margin:--spacing(6)] @w-lg\/main:[--thread-content-margin:--spacing(16)] px-(--thread-content-margin)\">\n<div class=\"[--thread-content-max-width:40rem] @w-lg\/main:[--thread-content-max-width:48rem] mx-auto max-w-(--thread-content-max-width) flex-1 group\/turn-messages focus-visible:outline-hidden relative flex w-full min-w-0 flex-col agent-turn\" tabindex=\"-1\">\n<div class=\"flex max-w-full flex-col grow\">\n<div class=\"min-h-8 text-message relative flex w-full flex-col items-end gap-2 text-start break-words whitespace-normal [.text-message+&amp;]:mt-1\" dir=\"auto\" data-message-author-role=\"assistant\" data-message-id=\"6f8607a6-0cff-4170-a126-a27d15070510\" data-message-model-slug=\"gpt-5-2\">\n<div class=\"flex w-full flex-col gap-1 empty:hidden first:pt-[1px]\">\n<div class=\"markdown prose dark:prose-invert w-full wrap-break-word light markdown-new-styling\">\n<p data-start=\"1260\" data-end=\"1434\" data-is-last-node=\"\" data-is-only-node=\"\">Inversor solar h\u00edbrido 4 kW 24V con MPPT y onda pura, ideal para sistemas residenciales y comerciales que requieren energ\u00eda continua y optimizada.<\/p>\n<\/div>\n<\/div>\n<\/div>\n<\/div>\n<div class=\"z-0 flex min-h-[46px] justify-start\"><\/div>\n<div class=\"mt-3 w-full empty:hidden\">\n<div class=\"text-center\"><\/div>\n<\/div>\n<\/div>\n<\/div>\n<\/article>\n<\/div>\n<div class=\"pointer-events-none h-px w-px absolute bottom-0\" aria-hidden=\"true\" data-edge=\"true\"><\/div>\n","protected":false},"featured_media":1113,"comment_status":"open","ping_status":"closed","template":"","meta":[],"product_brand":[],"product_cat":[55],"product_tag":[],"class_list":{"0":"post-1112","1":"product","2":"type-product","3":"status-publish","4":"has-post-thumbnail","6":"product_cat-onda-modificada-revo-vm-alta-frecuencia","8":"first","9":"instock","10":"sale","11":"taxable","12":"shipping-taxable","13":"purchasable","14":"product-type-simple"},"_links":{"self":[{"href":"https:\/\/www.vicsun.pe\/en\/wp-json\/wp\/v2\/product\/1112","targetHints":{"allow":["GET"]}}],"collection":[{"href":"https:\/\/www.vicsun.pe\/en\/wp-json\/wp\/v2\/product"}],"about":[{"href":"https:\/\/www.vicsun.pe\/en\/wp-json\/wp\/v2\/types\/product"}],"replies":[{"embeddable":true,"href":"https:\/\/www.vicsun.pe\/en\/wp-json\/wp\/v2\/comments?post=1112"}],"wp:featuredmedia":[{"embeddable":true,"href":"https:\/\/www.vicsun.pe\/en\/wp-json\/wp\/v2\/media\/1113"}],"wp:attachment":[{"href":"https:\/\/www.vicsun.pe\/en\/wp-json\/wp\/v2\/media?parent=1112"}],"wp:term":[{"taxonomy":"product_brand","embeddable":true,"href":"https:\/\/www.vicsun.pe\/en\/wp-json\/wp\/v2\/product_brand?post=1112"},{"taxonomy":"product_cat","embeddable":true,"href":"https:\/\/www.vicsun.pe\/en\/wp-json\/wp\/v2\/product_cat?post=1112"},{"taxonomy":"product_tag","embeddable":true,"href":"https:\/\/www.vicsun.pe\/en\/wp-json\/wp\/v2\/product_tag?post=1112"}],"curies":[{"name":"wp","href":"https:\/\/api.w.org\/{rel}","templated":true}]}}