{"id":1332,"date":"2026-04-21T12:57:40","date_gmt":"2026-04-21T17:57:40","guid":{"rendered":"https:\/\/www.vicsun.pe\/?post_type=product&#038;p=1332"},"modified":"2026-04-21T12:57:40","modified_gmt":"2026-04-21T17:57:40","slug":"ups-online-hp9116cplus2kt","status":"publish","type":"product","link":"https:\/\/www.vicsun.pe\/en\/producto\/ups-online-hp9116cplus2kt\/","title":{"rendered":"UPS ONLINE: HP9116CPLUS2KT"},"content":{"rendered":"<p data-start=\"171\" data-end=\"551\">El <strong data-start=\"174\" data-end=\"192\">HP9116CPLUS2KT<\/strong> es un <strong data-start=\"199\" data-end=\"251\">UPS Online de doble conversi\u00f3n (alta frecuencia)<\/strong> dise\u00f1ado para proporcionar <strong data-start=\"279\" data-end=\"317\">energ\u00eda continua, limpia y estable<\/strong> a equipos electr\u00f3nicos cr\u00edticos. Su tecnolog\u00eda <strong data-start=\"365\" data-end=\"380\">True Online<\/strong> garantiza un suministro sin interrupciones, eliminando fluctuaciones de voltaje, picos el\u00e9ctricos y microcortes que podr\u00edan afectar el funcionamiento de los dispositivos.<\/p>\n<p data-start=\"553\" data-end=\"807\">Este modelo incorpora <strong data-start=\"575\" data-end=\"611\">4 bater\u00edas internas de 12V \/ 9Ah<\/strong>, lo que permite mantener operativos equipos esenciales durante cortes de energ\u00eda, siendo ideal para redes inform\u00e1ticas, servidores y sistemas de seguridad.<\/p>\n<hr data-start=\"809\" data-end=\"812\" \/>\n<h3 data-section-id=\"1g17akt\" data-start=\"814\" data-end=\"846\">\ud83d\udd27 Especificaciones t\u00e9cnicas<\/h3>\n<ul data-start=\"848\" data-end=\"1663\">\n<li data-section-id=\"i9hmsx\" data-start=\"848\" data-end=\"878\"><strong data-start=\"850\" data-end=\"861\">Modelo:<\/strong> HP9116CPLUS2KT<\/li>\n<li data-section-id=\"1s6jdxo\" data-start=\"879\" data-end=\"922\"><strong data-start=\"881\" data-end=\"890\">Tipo:<\/strong> UPS Online (doble conversi\u00f3n)<\/li>\n<li data-section-id=\"10tenf4\" data-start=\"923\" data-end=\"963\"><strong data-start=\"925\" data-end=\"946\">Potencia nominal:<\/strong> <strong data-start=\"947\" data-end=\"961\">2KVA \/ 2KW<\/strong><\/li>\n<li data-section-id=\"1wtf7bl\" data-start=\"964\" data-end=\"1002\"><strong data-start=\"966\" data-end=\"989\">Voltaje de entrada:<\/strong> <strong data-start=\"990\" data-end=\"1000\">220VAC<\/strong><\/li>\n<li data-section-id=\"13dpjh9\" data-start=\"1003\" data-end=\"1094\"><strong data-start=\"1005\" data-end=\"1037\">Rango de voltaje de entrada:<\/strong> <strong data-start=\"1038\" data-end=\"1054\">115 \u2013 300VAC<\/strong><\/li>\n<li data-section-id=\"1n300ak\" data-start=\"1095\" data-end=\"1184\"><strong data-start=\"1097\" data-end=\"1112\">Frecuencia:<\/strong> <strong data-start=\"1113\" data-end=\"1144\">50 \/ 60 Hz (auto detecci\u00f3n)<\/strong><\/li>\n<li data-section-id=\"19t0jzl\" data-start=\"1185\" data-end=\"1264\"><strong data-start=\"1187\" data-end=\"1209\">Voltaje de salida:<\/strong> <strong data-start=\"1210\" data-end=\"1224\">220VAC \u00b12%<\/strong><\/li>\n<li data-section-id=\"sprorq\" data-start=\"1265\" data-end=\"1358\"><strong data-start=\"1267\" data-end=\"1295\">Tiempo de transferencia:<\/strong> <strong data-start=\"1296\" data-end=\"1304\">0 ms<\/strong> (modo online)<\/li>\n<li data-section-id=\"ta6d1d\" data-start=\"1359\" data-end=\"1439\"><strong data-start=\"1361\" data-end=\"1381\">Bater\u00eda interna:<\/strong> <strong data-start=\"1382\" data-end=\"1399\">4 \u00d7 12V \/ 9Ah<\/strong><\/li>\n<li data-section-id=\"1fx4f51\" data-start=\"1440\" data-end=\"1538\"><strong data-start=\"1442\" data-end=\"1464\">Tiempo de recarga:<\/strong> <strong data-start=\"1465\" data-end=\"1498\">\u22487 horas al 90 % de capacidad<\/strong><\/li>\n<li data-section-id=\"1e9u8nc\" data-start=\"1539\" data-end=\"1626\"><strong data-start=\"1541\" data-end=\"1570\">Interfaz de comunicaci\u00f3n:<\/strong> <strong data-start=\"1571\" data-end=\"1586\">USB \/ RS232<\/strong><\/li>\n<li data-section-id=\"hqvscn\" data-start=\"1627\" data-end=\"1663\"><strong data-start=\"1629\" data-end=\"1641\">Salidas:<\/strong> <strong data-start=\"1642\" data-end=\"1661\">4 tomas AC 220V<\/strong><\/li>\n<\/ul>\n<hr data-start=\"1665\" data-end=\"1668\" \/>\n<h3 data-section-id=\"1b9qyih\" data-start=\"1670\" data-end=\"1692\">\ud83d\udee1 Caracter\u00edsticas<\/h3>\n<ul data-start=\"1694\" data-end=\"1982\">\n<li data-section-id=\"t9vt0p\" data-start=\"1694\" data-end=\"1761\">Tecnolog\u00eda <strong data-start=\"1707\" data-end=\"1737\">Online de doble conversi\u00f3n<\/strong> para energ\u00eda continua<\/li>\n<li data-section-id=\"87h3t\" data-start=\"1762\" data-end=\"1801\"><strong data-start=\"1764\" data-end=\"1786\">Onda senoidal pura<\/strong> en la salida<\/li>\n<li data-section-id=\"iozvx3\" data-start=\"1802\" data-end=\"1852\"><strong data-start=\"1804\" data-end=\"1820\">Pantalla LCD<\/strong> para monitoreo en tiempo real<\/li>\n<li data-section-id=\"uojmel\" data-start=\"1853\" data-end=\"1891\">Amplio rango de voltaje de entrada<\/li>\n<li data-section-id=\"jah1sa\" data-start=\"1892\" data-end=\"1937\">Compatible con <strong data-start=\"1909\" data-end=\"1935\">generadores el\u00e9ctricos<\/strong><\/li>\n<li data-section-id=\"1uq9ws3\" data-start=\"1938\" data-end=\"1982\">Sistema avanzado de protecci\u00f3n el\u00e9ctrica<\/li>\n<\/ul>\n<hr data-start=\"1984\" data-end=\"1987\" \/>\n<h3 data-section-id=\"ab1xon\" data-start=\"1989\" data-end=\"2004\">\u26a1 Funciones<\/h3>\n<ul data-start=\"2006\" data-end=\"2223\">\n<li data-section-id=\"y0hv5b\" data-start=\"2006\" data-end=\"2045\">Protecci\u00f3n contra cortes de energ\u00eda<\/li>\n<li data-section-id=\"10qgihx\" data-start=\"2046\" data-end=\"2082\">Regulaci\u00f3n autom\u00e1tica de voltaje<\/li>\n<li data-section-id=\"nmpuar\" data-start=\"2083\" data-end=\"2114\">Filtrado de ruido el\u00e9ctrico<\/li>\n<li data-section-id=\"h22r7n\" data-start=\"2115\" data-end=\"2171\">Protecci\u00f3n contra picos, sobrecarga y cortocircuitos<\/li>\n<li data-section-id=\"g9npju\" data-start=\"2172\" data-end=\"2223\">Suministro continuo de energ\u00eda sin interrupci\u00f3n<\/li>\n<\/ul>\n<hr data-start=\"2225\" data-end=\"2228\" \/>\n<h3 data-section-id=\"7npss3\" data-start=\"2230\" data-end=\"2249\">\ud83c\udfe2 Aplicaciones<\/h3>\n<p data-start=\"2251\" data-end=\"2262\">Ideal para:<\/p>\n<ul data-start=\"2264\" data-end=\"2513\">\n<li data-section-id=\"1aztxcy\" data-start=\"2264\" data-end=\"2310\"><strong data-start=\"2266\" data-end=\"2308\">Servidores y centros de datos peque\u00f1os<\/strong><\/li>\n<li data-section-id=\"c5hnfg\" data-start=\"2311\" data-end=\"2358\"><strong data-start=\"2313\" data-end=\"2356\">Redes inform\u00e1ticas y telecomunicaciones<\/strong><\/li>\n<li data-section-id=\"1xie1qx\" data-start=\"2359\" data-end=\"2399\"><strong data-start=\"2361\" data-end=\"2397\">Oficinas y estaciones de trabajo<\/strong><\/li>\n<li data-section-id=\"1jurep7\" data-start=\"2400\" data-end=\"2436\"><strong data-start=\"2402\" data-end=\"2434\">Sistemas de seguridad y CCTV<\/strong><\/li>\n<li data-section-id=\"1bid3ah\" data-start=\"2437\" data-end=\"2513\"><strong data-start=\"2439\" data-end=\"2473\">Equipos electr\u00f3nicos sensibles<\/strong><\/li>\n<\/ul>","protected":false},"excerpt":{"rendered":"<p data-start=\"2546\" data-end=\"2709\"><strong data-start=\"2546\" data-end=\"2709\">UPS Online de alta frecuencia 2KW con 4 bater\u00edas internas de 12V 9Ah, 4 salidas 220VAC y comunicaci\u00f3n USB, ideal para protecci\u00f3n el\u00e9ctrica de equipos cr\u00edticos.<\/strong><\/p>","protected":false},"featured_media":0,"comment_status":"open","ping_status":"closed","template":"","meta":[],"product_brand":[],"product_cat":[67],"product_tag":[],"class_list":{"0":"post-1332","1":"product","2":"type-product","3":"status-publish","5":"product_cat-ups-online-alta-frecuencia","7":"first","8":"instock","9":"sale","10":"taxable","11":"shipping-taxable","12":"purchasable","13":"product-type-simple"},"_links":{"self":[{"href":"https:\/\/www.vicsun.pe\/en\/wp-json\/wp\/v2\/product\/1332","targetHints":{"allow":["GET"]}}],"collection":[{"href":"https:\/\/www.vicsun.pe\/en\/wp-json\/wp\/v2\/product"}],"about":[{"href":"https:\/\/www.vicsun.pe\/en\/wp-json\/wp\/v2\/types\/product"}],"replies":[{"embeddable":true,"href":"https:\/\/www.vicsun.pe\/en\/wp-json\/wp\/v2\/comments?post=1332"}],"wp:attachment":[{"href":"https:\/\/www.vicsun.pe\/en\/wp-json\/wp\/v2\/media?parent=1332"}],"wp:term":[{"taxonomy":"product_brand","embeddable":true,"href":"https:\/\/www.vicsun.pe\/en\/wp-json\/wp\/v2\/product_brand?post=1332"},{"taxonomy":"product_cat","embeddable":true,"href":"https:\/\/www.vicsun.pe\/en\/wp-json\/wp\/v2\/product_cat?post=1332"},{"taxonomy":"product_tag","embeddable":true,"href":"https:\/\/www.vicsun.pe\/en\/wp-json\/wp\/v2\/product_tag?post=1332"}],"curies":[{"name":"wp","href":"https:\/\/api.w.org\/{rel}","templated":true}]}}