{"id":1333,"date":"2026-04-21T15:15:08","date_gmt":"2026-04-21T20:15:08","guid":{"rendered":"https:\/\/www.vicsun.pe\/?post_type=product&#038;p=1333"},"modified":"2026-04-21T15:35:23","modified_gmt":"2026-04-21T20:35:23","slug":"ups-online-hp9116cplus3kt","status":"publish","type":"product","link":"https:\/\/www.vicsun.pe\/en\/producto\/ups-online-hp9116cplus3kt\/","title":{"rendered":"UPS ONLINE: HP9116CPLUS3KT"},"content":{"rendered":"<p data-start=\"167\" data-end=\"537\">El <strong data-start=\"170\" data-end=\"188\">HP9116CPLUS3KT<\/strong> es un <strong data-start=\"195\" data-end=\"247\">UPS Online de doble conversi\u00f3n (alta frecuencia)<\/strong> dise\u00f1ado para suministrar <strong data-start=\"274\" data-end=\"324\">energ\u00eda continua, estable y sin interrupciones<\/strong> a equipos electr\u00f3nicos cr\u00edticos. Gracias a su tecnolog\u00eda <strong data-start=\"382\" data-end=\"397\">True Online<\/strong>, elimina completamente las variaciones de voltaje y protege los equipos ante cortes el\u00e9ctricos, picos de tensi\u00f3n y fluctuaciones de la red.<\/p>\n<p data-start=\"539\" data-end=\"761\">Este modelo incorpora <strong data-start=\"561\" data-end=\"597\">6 bater\u00edas internas de 12V \/ 9Ah<\/strong>, proporcionando mayor autonom\u00eda y capacidad de respaldo para sistemas inform\u00e1ticos, telecomunicaciones y equipos sensibles.<\/p>\n<hr data-start=\"763\" data-end=\"766\" \/>\n<h3 data-section-id=\"1g17akt\" data-start=\"768\" data-end=\"800\">\ud83d\udd27 Especificaciones t\u00e9cnicas<\/h3>\n<ul data-start=\"802\" data-end=\"1672\">\n<li data-section-id=\"ia5gs0\" data-start=\"802\" data-end=\"832\"><strong data-start=\"804\" data-end=\"815\">Modelo:<\/strong> HP9116CPLUS3KT<\/li>\n<li data-section-id=\"1s6jdxo\" data-start=\"833\" data-end=\"876\"><strong data-start=\"835\" data-end=\"844\">Tipo:<\/strong> UPS Online (doble conversi\u00f3n)<\/li>\n<li data-section-id=\"1651bqo\" data-start=\"877\" data-end=\"917\"><strong data-start=\"879\" data-end=\"900\">Potencia nominal:<\/strong> <strong data-start=\"901\" data-end=\"915\">3KVA \/ 3KW<\/strong><\/li>\n<li data-section-id=\"1wtf7bl\" data-start=\"918\" data-end=\"956\"><strong data-start=\"920\" data-end=\"943\">Voltaje de entrada:<\/strong> <strong data-start=\"944\" data-end=\"954\">220VAC<\/strong><\/li>\n<li data-section-id=\"13dpjh9\" data-start=\"957\" data-end=\"1048\"><strong data-start=\"959\" data-end=\"991\">Rango de voltaje de entrada:<\/strong> <strong data-start=\"992\" data-end=\"1008\">115 \u2013 300VAC<\/strong><\/li>\n<li data-section-id=\"6dken4\" data-start=\"1049\" data-end=\"1138\"><strong data-start=\"1051\" data-end=\"1066\">Frecuencia:<\/strong> <strong data-start=\"1067\" data-end=\"1098\">40 \u2013 70 Hz (auto detecci\u00f3n)<\/strong><\/li>\n<li data-section-id=\"1w1uer5\" data-start=\"1139\" data-end=\"1219\"><strong data-start=\"1141\" data-end=\"1163\">Voltaje de salida:<\/strong> <strong data-start=\"1164\" data-end=\"1179\">220VAC \u00b12 %<\/strong><\/li>\n<li data-section-id=\"10xgyp2\" data-start=\"1220\" data-end=\"1313\"><strong data-start=\"1222\" data-end=\"1250\">Tiempo de transferencia:<\/strong> <strong data-start=\"1251\" data-end=\"1273\">0 ms (modo online)<\/strong><\/li>\n<li data-section-id=\"9ch4kv\" data-start=\"1314\" data-end=\"1387\"><strong data-start=\"1316\" data-end=\"1339\">Factor de potencia:<\/strong> <strong data-start=\"1340\" data-end=\"1347\">0.9<\/strong><\/li>\n<li data-section-id=\"1d5ij7i\" data-start=\"1388\" data-end=\"1430\"><strong data-start=\"1390\" data-end=\"1410\">Bater\u00eda interna:<\/strong> <strong data-start=\"1411\" data-end=\"1428\">6 \u00d7 12V \/ 9Ah<\/strong><\/li>\n<li data-section-id=\"1fx4f51\" data-start=\"1431\" data-end=\"1529\"><strong data-start=\"1433\" data-end=\"1455\">Tiempo de recarga:<\/strong> <strong data-start=\"1456\" data-end=\"1489\">\u22487 horas al 90 % de capacidad<\/strong><\/li>\n<li data-section-id=\"vtqpmn\" data-start=\"1530\" data-end=\"1635\"><strong data-start=\"1532\" data-end=\"1561\">Interfaz de comunicaci\u00f3n:<\/strong> <strong data-start=\"1562\" data-end=\"1595\">USB \/ RS232 \/ SNMP (opcional)<\/strong><\/li>\n<li data-section-id=\"hqvscn\" data-start=\"1636\" data-end=\"1672\"><strong data-start=\"1638\" data-end=\"1650\">Salidas:<\/strong> <strong data-start=\"1651\" data-end=\"1670\">4 tomas AC 220V<\/strong><\/li>\n<\/ul>\n<hr data-start=\"1674\" data-end=\"1677\" \/>\n<h3 data-section-id=\"1b9qyih\" data-start=\"1679\" data-end=\"1701\">\ud83d\udee1 Caracter\u00edsticas<\/h3>\n<ul data-start=\"1703\" data-end=\"1991\">\n<li data-section-id=\"1l9pk0h\" data-start=\"1703\" data-end=\"1770\">Tecnolog\u00eda <strong data-start=\"1716\" data-end=\"1746\">Online de doble conversi\u00f3n<\/strong> para protecci\u00f3n total<\/li>\n<li data-section-id=\"87h3t\" data-start=\"1771\" data-end=\"1810\"><strong data-start=\"1773\" data-end=\"1795\">Onda senoidal pura<\/strong> en la salida<\/li>\n<li data-section-id=\"iozvx3\" data-start=\"1811\" data-end=\"1861\"><strong data-start=\"1813\" data-end=\"1829\">Pantalla LCD<\/strong> para monitoreo en tiempo real<\/li>\n<li data-section-id=\"uojmel\" data-start=\"1862\" data-end=\"1900\">Amplio rango de voltaje de entrada<\/li>\n<li data-section-id=\"jah1sa\" data-start=\"1901\" data-end=\"1946\">Compatible con <strong data-start=\"1918\" data-end=\"1944\">generadores el\u00e9ctricos<\/strong><\/li>\n<li data-section-id=\"1uq9ws3\" data-start=\"1947\" data-end=\"1991\">Sistema avanzado de protecci\u00f3n el\u00e9ctrica<\/li>\n<\/ul>\n<hr data-start=\"1993\" data-end=\"1996\" \/>\n<h3 data-section-id=\"ab1xon\" data-start=\"1998\" data-end=\"2013\">\u26a1 Funciones<\/h3>\n<ul data-start=\"2015\" data-end=\"2244\">\n<li data-section-id=\"y0hv5b\" data-start=\"2015\" data-end=\"2054\">Protecci\u00f3n contra cortes de energ\u00eda<\/li>\n<li data-section-id=\"10qgihx\" data-start=\"2055\" data-end=\"2091\">Regulaci\u00f3n autom\u00e1tica de voltaje<\/li>\n<li data-section-id=\"nmpuar\" data-start=\"2092\" data-end=\"2123\">Filtrado de ruido el\u00e9ctrico<\/li>\n<li data-section-id=\"67fzwp\" data-start=\"2124\" data-end=\"2190\">Protecci\u00f3n contra sobrecarga, cortocircuito y picos de tensi\u00f3n<\/li>\n<li data-section-id=\"xbw5ps\" data-start=\"2191\" data-end=\"2244\">Suministro continuo de energ\u00eda sin interrupciones<\/li>\n<\/ul>\n<hr data-start=\"2246\" data-end=\"2249\" \/>\n<h3 data-section-id=\"7npss3\" data-start=\"2251\" data-end=\"2270\">\ud83c\udfe2 Aplicaciones<\/h3>\n<p data-start=\"2272\" data-end=\"2283\">Ideal para:<\/p>\n<ul data-start=\"2285\" data-end=\"2511\">\n<li data-section-id=\"1aztxcy\" data-start=\"2285\" data-end=\"2331\"><strong data-start=\"2287\" data-end=\"2329\">Servidores y centros de datos peque\u00f1os<\/strong><\/li>\n<li data-section-id=\"c5hnfg\" data-start=\"2332\" data-end=\"2379\"><strong data-start=\"2334\" data-end=\"2377\">Redes inform\u00e1ticas y telecomunicaciones<\/strong><\/li>\n<li data-section-id=\"1jurep7\" data-start=\"2380\" data-end=\"2416\"><strong data-start=\"2382\" data-end=\"2414\">Sistemas de seguridad y CCTV<\/strong><\/li>\n<li data-section-id=\"1xie1qx\" data-start=\"2417\" data-end=\"2457\"><strong data-start=\"2419\" data-end=\"2455\">Oficinas y estaciones de trabajo<\/strong><\/li>\n<li data-section-id=\"q9jqei\" data-start=\"2458\" data-end=\"2511\"><strong data-start=\"2460\" data-end=\"2509\">Equipos electr\u00f3nicos sensibles o industriales<\/strong><\/li>\n<\/ul>","protected":false},"excerpt":{"rendered":"<p>UPS Online de alta frecuencia 3KW con 6 bater\u00edas internas de 12V 9Ah, 4 salidas 220VAC y comunicaci\u00f3n USB, ideal para protecci\u00f3n el\u00e9ctrica de equipos cr\u00edticos.<\/p>","protected":false},"featured_media":0,"comment_status":"open","ping_status":"closed","template":"","meta":[],"product_brand":[],"product_cat":[67],"product_tag":[],"class_list":{"0":"post-1333","1":"product","2":"type-product","3":"status-publish","5":"product_cat-ups-online-alta-frecuencia","7":"first","8":"instock","9":"sale","10":"taxable","11":"shipping-taxable","12":"purchasable","13":"product-type-simple"},"_links":{"self":[{"href":"https:\/\/www.vicsun.pe\/en\/wp-json\/wp\/v2\/product\/1333","targetHints":{"allow":["GET"]}}],"collection":[{"href":"https:\/\/www.vicsun.pe\/en\/wp-json\/wp\/v2\/product"}],"about":[{"href":"https:\/\/www.vicsun.pe\/en\/wp-json\/wp\/v2\/types\/product"}],"replies":[{"embeddable":true,"href":"https:\/\/www.vicsun.pe\/en\/wp-json\/wp\/v2\/comments?post=1333"}],"wp:attachment":[{"href":"https:\/\/www.vicsun.pe\/en\/wp-json\/wp\/v2\/media?parent=1333"}],"wp:term":[{"taxonomy":"product_brand","embeddable":true,"href":"https:\/\/www.vicsun.pe\/en\/wp-json\/wp\/v2\/product_brand?post=1333"},{"taxonomy":"product_cat","embeddable":true,"href":"https:\/\/www.vicsun.pe\/en\/wp-json\/wp\/v2\/product_cat?post=1333"},{"taxonomy":"product_tag","embeddable":true,"href":"https:\/\/www.vicsun.pe\/en\/wp-json\/wp\/v2\/product_tag?post=1333"}],"curies":[{"name":"wp","href":"https:\/\/api.w.org\/{rel}","templated":true}]}}