{"id":1337,"date":"2026-04-22T16:56:55","date_gmt":"2026-04-22T21:56:55","guid":{"rendered":"https:\/\/www.vicsun.pe\/?post_type=product&#038;p=1337"},"modified":"2026-04-22T16:59:07","modified_gmt":"2026-04-22T21:59:07","slug":"solway-sw-p-21-5","status":"publish","type":"product","link":"https:\/\/www.vicsun.pe\/en\/producto\/solway-sw-p-21-5\/","title":{"rendered":"SOLWAY: SW-P-2 (1.5M)"},"content":{"rendered":"<p data-start=\"150\" data-end=\"357\">El <strong data-start=\"153\" data-end=\"179\">SW-P-2 (1.5) de SOLWAY<\/strong> es un <strong data-start=\"186\" data-end=\"265\">poste met\u00e1lico dise\u00f1ado para la instalaci\u00f3n de l\u00e1mparas solares de exterior<\/strong>, proporcionando una estructura resistente y estable para luminarias en espacios abiertos.<\/p>\n<p data-start=\"359\" data-end=\"608\">Est\u00e1 fabricado en <strong data-start=\"377\" data-end=\"406\">acero de alta resistencia<\/strong>, con tratamiento anticorrosivo que permite soportar <strong data-start=\"459\" data-end=\"494\">condiciones clim\u00e1ticas adversas<\/strong>, lo que lo hace ideal para proyectos de <strong data-start=\"535\" data-end=\"607\">iluminaci\u00f3n solar en calles, parques, jardines y \u00e1reas residenciales<\/strong>.<\/p>\n<hr data-start=\"610\" data-end=\"613\" \/>\n<h3 data-section-id=\"1g17akt\" data-start=\"615\" data-end=\"647\">\ud83d\udd27 Especificaciones t\u00e9cnicas<\/h3>\n<ul data-start=\"649\" data-end=\"973\">\n<li data-section-id=\"5rbyb5\" data-start=\"649\" data-end=\"670\"><strong data-start=\"651\" data-end=\"661\">Marca:<\/strong> SOLWAY<\/li>\n<li data-section-id=\"1ecf1kv\" data-start=\"671\" data-end=\"699\"><strong data-start=\"673\" data-end=\"684\">Modelo:<\/strong> SW-P-2 (1.5)<\/li>\n<li data-section-id=\"1an5b8k\" data-start=\"700\" data-end=\"740\"><strong data-start=\"702\" data-end=\"711\">Tipo:<\/strong> Poste para luminaria solar<\/li>\n<li data-section-id=\"jdrc4q\" data-start=\"741\" data-end=\"762\"><strong data-start=\"743\" data-end=\"754\">Altura:<\/strong> 1.5 m<\/li>\n<li data-section-id=\"fo08h5\" data-start=\"763\" data-end=\"798\"><strong data-start=\"765\" data-end=\"778\">Material:<\/strong> Acero galvanizado<\/li>\n<li data-section-id=\"1cayyqw\" data-start=\"799\" data-end=\"851\"><strong data-start=\"801\" data-end=\"813\">Acabado:<\/strong> Pintura anticorrosiva para exterior<\/li>\n<li data-section-id=\"1w0e66p\" data-start=\"852\" data-end=\"898\"><strong data-start=\"854\" data-end=\"870\">Instalaci\u00f3n:<\/strong> Anclaje a base o concreto<\/li>\n<li data-section-id=\"2f74v5\" data-start=\"899\" data-end=\"973\"><strong data-start=\"901\" data-end=\"920\">Compatibilidad:<\/strong> L\u00e1mparas solares de exterior SOLWAY u otras marcas<\/li>\n<\/ul>\n<hr data-start=\"975\" data-end=\"978\" \/>\n<h3 data-section-id=\"1b9qyih\" data-start=\"980\" data-end=\"1002\">\ud83d\udee1 Caracter\u00edsticas<\/h3>\n<ul data-start=\"1004\" data-end=\"1302\">\n<li data-section-id=\"1lk37eg\" data-start=\"1004\" data-end=\"1061\">Estructura <strong data-start=\"1017\" data-end=\"1041\">robusta y resistente<\/strong> para uso exterior<\/li>\n<li data-section-id=\"1o3xk4b\" data-start=\"1062\" data-end=\"1118\"><strong data-start=\"1064\" data-end=\"1093\">Tratamiento anticorrosivo<\/strong> para mayor durabilidad<\/li>\n<li data-section-id=\"8wt7ih\" data-start=\"1119\" data-end=\"1174\">Dise\u00f1o <strong data-start=\"1128\" data-end=\"1148\">estable y seguro<\/strong> para luminarias solares<\/li>\n<li data-section-id=\"1yewqnc\" data-start=\"1175\" data-end=\"1242\">F\u00e1cil instalaci\u00f3n en <strong data-start=\"1198\" data-end=\"1240\">bases de concreto o superficies firmes<\/strong><\/li>\n<li data-section-id=\"zk33ov\" data-start=\"1243\" data-end=\"1302\">Compatible con diferentes <strong data-start=\"1271\" data-end=\"1302\">modelos de l\u00e1mparas solares<\/strong><\/li>\n<\/ul>\n<hr data-start=\"1304\" data-end=\"1307\" \/>\n<h3 data-section-id=\"ab1xon\" data-start=\"1309\" data-end=\"1324\">\u26a1 Funciones<\/h3>\n<ul data-start=\"1326\" data-end=\"1536\">\n<li data-section-id=\"ffog52\" data-start=\"1326\" data-end=\"1371\">Soporte estructural para l\u00e1mparas solares<\/li>\n<li data-section-id=\"1pq49ph\" data-start=\"1372\" data-end=\"1442\">Elevaci\u00f3n de la luminaria para mejorar la cobertura de iluminaci\u00f3n<\/li>\n<li data-section-id=\"bnpqyq\" data-start=\"1443\" data-end=\"1488\">Instalaci\u00f3n segura en espacios exteriores<\/li>\n<li data-section-id=\"1vr0be8\" data-start=\"1489\" data-end=\"1536\">Organizaci\u00f3n de sistemas de iluminaci\u00f3n solar<\/li>\n<\/ul>\n<hr data-start=\"1538\" data-end=\"1541\" \/>\n<h3 data-section-id=\"1pvb7xk\" data-start=\"1543\" data-end=\"1562\">\ud83c\udfd9 Aplicaciones<\/h3>\n<p data-start=\"1564\" data-end=\"1575\">Ideal para:<\/p>\n<ul data-start=\"1577\" data-end=\"1736\">\n<li data-section-id=\"1h40kq4\" data-start=\"1577\" data-end=\"1603\"><strong data-start=\"1579\" data-end=\"1601\">Parques y jardines<\/strong><\/li>\n<li data-section-id=\"1tbuyhy\" data-start=\"1604\" data-end=\"1630\"><strong data-start=\"1606\" data-end=\"1628\">Caminos peatonales<\/strong><\/li>\n<li data-section-id=\"w3qi8m\" data-start=\"1631\" data-end=\"1667\"><strong data-start=\"1633\" data-end=\"1665\">Patios y \u00e1reas residenciales<\/strong><\/li>\n<li data-section-id=\"qz6vnq\" data-start=\"1668\" data-end=\"1692\"><strong data-start=\"1670\" data-end=\"1690\">Estacionamientos<\/strong><\/li>\n<li data-section-id=\"y1er6f\" data-start=\"1693\" data-end=\"1736\"><strong data-start=\"1695\" data-end=\"1736\">Proyectos de iluminaci\u00f3n solar urbana<\/strong><\/li>\n<\/ul>","protected":false},"excerpt":{"rendered":"<p data-start=\"1769\" data-end=\"1920\"><strong data-start=\"1769\" data-end=\"1920\">Poste met\u00e1lico SOLWAY de 1.5 m dise\u00f1ado para la instalaci\u00f3n de luminarias solares en exteriores, con estructura resistente y acabado anticorrosivo.<\/strong><\/p>","protected":false},"featured_media":0,"comment_status":"open","ping_status":"closed","template":"","meta":[],"product_brand":[],"product_cat":[63],"product_tag":[],"class_list":{"0":"post-1337","1":"product","2":"type-product","3":"status-publish","5":"product_cat-sw-lamparas-solares","7":"first","8":"instock","9":"sale","10":"taxable","11":"shipping-taxable","12":"purchasable","13":"product-type-simple"},"_links":{"self":[{"href":"https:\/\/www.vicsun.pe\/en\/wp-json\/wp\/v2\/product\/1337","targetHints":{"allow":["GET"]}}],"collection":[{"href":"https:\/\/www.vicsun.pe\/en\/wp-json\/wp\/v2\/product"}],"about":[{"href":"https:\/\/www.vicsun.pe\/en\/wp-json\/wp\/v2\/types\/product"}],"replies":[{"embeddable":true,"href":"https:\/\/www.vicsun.pe\/en\/wp-json\/wp\/v2\/comments?post=1337"}],"wp:attachment":[{"href":"https:\/\/www.vicsun.pe\/en\/wp-json\/wp\/v2\/media?parent=1337"}],"wp:term":[{"taxonomy":"product_brand","embeddable":true,"href":"https:\/\/www.vicsun.pe\/en\/wp-json\/wp\/v2\/product_brand?post=1337"},{"taxonomy":"product_cat","embeddable":true,"href":"https:\/\/www.vicsun.pe\/en\/wp-json\/wp\/v2\/product_cat?post=1337"},{"taxonomy":"product_tag","embeddable":true,"href":"https:\/\/www.vicsun.pe\/en\/wp-json\/wp\/v2\/product_tag?post=1337"}],"curies":[{"name":"wp","href":"https:\/\/api.w.org\/{rel}","templated":true}]}}