{"id":1342,"date":"2026-04-22T17:12:45","date_gmt":"2026-04-22T22:12:45","guid":{"rendered":"https:\/\/www.vicsun.pe\/?post_type=product&#038;p=1342"},"modified":"2026-04-22T17:12:45","modified_gmt":"2026-04-22T22:12:45","slug":"philips-el-fl4bn-reflector-led-30w","status":"publish","type":"product","link":"https:\/\/www.vicsun.pe\/en\/producto\/philips-el-fl4bn-reflector-led-30w\/","title":{"rendered":"PHILIPS: EL-FL4BN REFLECTOR LED 30W"},"content":{"rendered":"<p data-start=\"45\" data-end=\"351\">El <strong data-start=\"48\" data-end=\"60\">EL-FL4BN<\/strong> de <strong data-start=\"64\" data-end=\"105\"><span class=\"hover:entity-accent entity-underline inline cursor-pointer align-baseline\"><span class=\"whitespace-normal\">Philips<\/span><\/span><\/strong> es un <strong data-start=\"112\" data-end=\"136\">reflector LED de 30W<\/strong> dise\u00f1ado para proporcionar <strong data-start=\"164\" data-end=\"209\">iluminaci\u00f3n potente, eficiente y duradera<\/strong>. Utiliza tecnolog\u00eda LED de alto rendimiento que permite <strong data-start=\"266\" data-end=\"299\">reducir el consumo energ\u00e9tico<\/strong> mientras mantiene un <strong data-start=\"321\" data-end=\"350\">alto nivel de luminosidad<\/strong>.<\/p>\n<p data-start=\"353\" data-end=\"558\">Su construcci\u00f3n robusta y su sistema de disipaci\u00f3n t\u00e9rmica permiten su uso en <strong data-start=\"431\" data-end=\"467\">espacios interiores y exteriores<\/strong>, siendo ideal para iluminaci\u00f3n de \u00e1reas amplias donde se requiere mayor intensidad de luz.<\/p>\n<hr data-start=\"560\" data-end=\"563\" \/>\n<h3 data-section-id=\"1g17akt\" data-start=\"565\" data-end=\"597\">\ud83d\udd27 Especificaciones t\u00e9cnicas<\/h3>\n<ul data-start=\"599\" data-end=\"821\">\n<li data-section-id=\"1qagp83\" data-start=\"599\" data-end=\"651\"><strong data-start=\"601\" data-end=\"611\">Marca:<\/strong> <span class=\"hover:entity-accent entity-underline inline cursor-pointer align-baseline\"><span class=\"whitespace-normal\">Philips<\/span><\/span><\/li>\n<li data-section-id=\"vx1t0k\" data-start=\"652\" data-end=\"676\"><strong data-start=\"654\" data-end=\"665\">Modelo:<\/strong> EL-FL4BN<\/li>\n<li data-section-id=\"1gwy9bj\" data-start=\"677\" data-end=\"704\"><strong data-start=\"679\" data-end=\"688\">Tipo:<\/strong> Reflector LED<\/li>\n<li data-section-id=\"15abxwt\" data-start=\"705\" data-end=\"727\"><strong data-start=\"707\" data-end=\"720\">Potencia:<\/strong> 30 W<\/li>\n<li data-section-id=\"1y8tb2p\" data-start=\"728\" data-end=\"763\"><strong data-start=\"730\" data-end=\"753\">Voltaje de entrada:<\/strong> 220 VAC<\/li>\n<li data-section-id=\"xfuq0v\" data-start=\"764\" data-end=\"788\"><strong data-start=\"766\" data-end=\"782\">Tipo de luz:<\/strong> LED<\/li>\n<li data-section-id=\"1fk7zvy\" data-start=\"789\" data-end=\"821\"><strong data-start=\"791\" data-end=\"799\">Uso:<\/strong> Interior \/ Exterior<\/li>\n<\/ul>\n<hr data-start=\"823\" data-end=\"826\" \/>\n<h3 data-section-id=\"1gtawd1\" data-start=\"828\" data-end=\"849\">\u2b50 Caracter\u00edsticas<\/h3>\n<ul data-start=\"851\" data-end=\"1023\">\n<li data-section-id=\"1bge6tj\" data-start=\"851\" data-end=\"892\"><strong data-start=\"853\" data-end=\"890\">Tecnolog\u00eda LED de alta eficiencia<\/strong><\/li>\n<li data-section-id=\"zubliv\" data-start=\"893\" data-end=\"924\"><strong data-start=\"895\" data-end=\"922\">Mayor potencia lum\u00ednica<\/strong><\/li>\n<li data-section-id=\"1yujd1a\" data-start=\"925\" data-end=\"956\"><strong data-start=\"927\" data-end=\"954\">Bajo consumo de energ\u00eda<\/strong><\/li>\n<li data-section-id=\"10ph3gz\" data-start=\"957\" data-end=\"986\"><strong data-start=\"959\" data-end=\"984\">Encendido instant\u00e1neo<\/strong><\/li>\n<li data-section-id=\"as5ros\" data-start=\"987\" data-end=\"1023\"><strong data-start=\"989\" data-end=\"1021\">Dise\u00f1o resistente y compacto<\/strong><\/li>\n<\/ul>\n<hr data-start=\"1025\" data-end=\"1028\" \/>\n<h3 data-section-id=\"ab1xon\" data-start=\"1030\" data-end=\"1045\">\u26a1 Funciones<\/h3>\n<ul data-start=\"1047\" data-end=\"1220\">\n<li data-section-id=\"yk6e2e\" data-start=\"1047\" data-end=\"1090\">Iluminaci\u00f3n de \u00e1reas exteriores amplias<\/li>\n<li data-section-id=\"i9o6u2\" data-start=\"1091\" data-end=\"1148\">Sustituci\u00f3n de reflectores hal\u00f3genos de mayor consumo<\/li>\n<li data-section-id=\"scj117\" data-start=\"1149\" data-end=\"1177\">Iluminaci\u00f3n de seguridad<\/li>\n<li data-section-id=\"i24f2s\" data-start=\"1178\" data-end=\"1220\">Iluminaci\u00f3n arquitect\u00f3nica o comercial<\/li>\n<\/ul>\n<hr data-start=\"1222\" data-end=\"1225\" \/>\n<h3 data-section-id=\"7npss3\" data-start=\"1227\" data-end=\"1246\">\ud83c\udfe2 Aplicaciones<\/h3>\n<p data-start=\"1248\" data-end=\"1259\">Ideal para:<\/p>\n<ul data-start=\"1261\" data-end=\"1406\">\n<li data-section-id=\"1zgaqr\" data-start=\"1261\" data-end=\"1290\"><strong data-start=\"1263\" data-end=\"1288\">Fachadas de edificios<\/strong><\/li>\n<li data-section-id=\"1x6x6p9\" data-start=\"1291\" data-end=\"1316\"><strong data-start=\"1293\" data-end=\"1314\">Patios y jardines<\/strong><\/li>\n<li data-section-id=\"qz6vnq\" data-start=\"1317\" data-end=\"1341\"><strong data-start=\"1319\" data-end=\"1339\">Estacionamientos<\/strong><\/li>\n<li data-section-id=\"i14sr6\" data-start=\"1342\" data-end=\"1381\"><strong data-start=\"1344\" data-end=\"1379\">Almacenes y locales comerciales<\/strong><\/li>\n<li data-section-id=\"185pjn7\" data-start=\"1382\" data-end=\"1406\"><strong data-start=\"1384\" data-end=\"1406\">\u00c1reas de seguridad<\/strong><\/li>\n<\/ul>","protected":false},"excerpt":{"rendered":"<section class=\"text-token-text-primary w-full focus:outline-none [--shadow-height:45px] has-data-writing-block:pointer-events-none has-data-writing-block:-mt-(--shadow-height) has-data-writing-block:pt-(--shadow-height) [&amp;:has([data-writing-block])&gt;*]:pointer-events-auto [content-visibility:auto] supports-[content-visibility:auto]:[contain-intrinsic-size:auto_100lvh] R6Vx5W_threadScrollVars scroll-mb-[calc(var(--scroll-root-safe-area-inset-bottom,0px)+var(--thread-response-height))] scroll-mt-[calc(var(--header-height)+min(200px,max(70px,20svh)))]\" dir=\"auto\" data-turn-id=\"request-68b8aa5e-2310-832c-83b6-8fe399b957d9-6\" data-testid=\"conversation-turn-300\" data-scroll-anchor=\"false\" data-turn=\"assistant\">\n<div class=\"text-base my-auto mx-auto pb-10 [--thread-content-margin:var(--thread-content-margin-xs,calc(var(--spacing)*4))] @w-sm\/main:[--thread-content-margin:var(--thread-content-margin-sm,calc(var(--spacing)*6))] @w-lg\/main:[--thread-content-margin:var(--thread-content-margin-lg,calc(var(--spacing)*16))] px-(--thread-content-margin)\">\n<div class=\"[--thread-content-max-width:40rem] @w-lg\/main:[--thread-content-max-width:48rem] mx-auto max-w-(--thread-content-max-width) flex-1 group\/turn-messages focus-visible:outline-hidden relative flex w-full min-w-0 flex-col agent-turn\">\n<div class=\"flex max-w-full flex-col gap-4 grow\">\n<div class=\"min-h-8 text-message relative flex w-full flex-col items-end gap-2 text-start break-words whitespace-normal outline-none keyboard-focused:focus-ring [.text-message+&amp;]:mt-1\" dir=\"auto\" tabindex=\"0\" data-message-author-role=\"assistant\" data-message-id=\"33d1732e-c049-413b-8128-f352e9669249\" data-turn-start-message=\"true\" data-message-model-slug=\"gpt-5-3\">\n<div class=\"flex w-full flex-col gap-1 empty:hidden\">\n<div class=\"markdown prose dark:prose-invert w-full wrap-break-word light markdown-new-styling\">\n<p data-start=\"1439\" data-end=\"1567\" data-is-last-node=\"\" data-is-only-node=\"\"><strong data-start=\"1439\" data-end=\"1567\" data-is-last-node=\"\">Reflector LED Philips de 30W para iluminaci\u00f3n interior y exterior, con alta eficiencia energ\u00e9tica y mayor potencia lum\u00ednica.<\/strong><\/p>\n<\/div>\n<\/div>\n<\/div>\n<\/div>\n<div class=\"z-0 flex min-h-[46px] justify-start\"><\/div>\n<div class=\"mt-3 w-full empty:hidden\">\n<div class=\"text-center\"><\/div>\n<\/div>\n<\/div>\n<\/div>\n<\/section>\n<div class=\"pointer-events-none -mt-px h-px translate-y-[calc(var(--scroll-root-safe-area-inset-bottom)-14*var(--spacing))]\" aria-hidden=\"true\"><\/div>\n","protected":false},"featured_media":0,"comment_status":"open","ping_status":"closed","template":"","meta":[],"product_brand":[],"product_cat":[65],"product_tag":[],"class_list":{"0":"post-1342","1":"product","2":"type-product","3":"status-publish","5":"product_cat-e-l-lamparas-a-led","7":"first","8":"instock","9":"sale","10":"taxable","11":"shipping-taxable","12":"purchasable","13":"product-type-simple"},"_links":{"self":[{"href":"https:\/\/www.vicsun.pe\/en\/wp-json\/wp\/v2\/product\/1342","targetHints":{"allow":["GET"]}}],"collection":[{"href":"https:\/\/www.vicsun.pe\/en\/wp-json\/wp\/v2\/product"}],"about":[{"href":"https:\/\/www.vicsun.pe\/en\/wp-json\/wp\/v2\/types\/product"}],"replies":[{"embeddable":true,"href":"https:\/\/www.vicsun.pe\/en\/wp-json\/wp\/v2\/comments?post=1342"}],"wp:attachment":[{"href":"https:\/\/www.vicsun.pe\/en\/wp-json\/wp\/v2\/media?parent=1342"}],"wp:term":[{"taxonomy":"product_brand","embeddable":true,"href":"https:\/\/www.vicsun.pe\/en\/wp-json\/wp\/v2\/product_brand?post=1342"},{"taxonomy":"product_cat","embeddable":true,"href":"https:\/\/www.vicsun.pe\/en\/wp-json\/wp\/v2\/product_cat?post=1342"},{"taxonomy":"product_tag","embeddable":true,"href":"https:\/\/www.vicsun.pe\/en\/wp-json\/wp\/v2\/product_tag?post=1342"}],"curies":[{"name":"wp","href":"https:\/\/api.w.org\/{rel}","templated":true}]}}