{"id":1343,"date":"2026-04-22T17:14:49","date_gmt":"2026-04-22T22:14:49","guid":{"rendered":"https:\/\/www.vicsun.pe\/?post_type=product&#038;p=1343"},"modified":"2026-04-22T17:14:49","modified_gmt":"2026-04-22T22:14:49","slug":"ufo-el-fl4bn-reflector-led-30w","status":"publish","type":"product","link":"https:\/\/www.vicsun.pe\/en\/producto\/ufo-el-fl4bn-reflector-led-30w\/","title":{"rendered":"UFO: EL-FL4BN REFLECTOR LED 30W"},"content":{"rendered":"<p data-start=\"41\" data-end=\"351\">El <strong data-start=\"44\" data-end=\"56\">EL-FL4BN<\/strong> de la marca <strong data-start=\"69\" data-end=\"110\"><span class=\"hover:entity-accent entity-underline inline cursor-pointer align-baseline\"><span class=\"whitespace-normal\">UFO<\/span><\/span><\/strong> es un <strong data-start=\"117\" data-end=\"141\">reflector LED de 30W<\/strong> dise\u00f1ado para ofrecer <strong data-start=\"164\" data-end=\"217\">iluminaci\u00f3n eficiente, uniforme y de bajo consumo<\/strong>. Gracias a su tecnolog\u00eda LED moderna, permite reemplazar reflectores tradicionales con <strong data-start=\"305\" data-end=\"350\">mayor ahorro energ\u00e9tico y mayor vida \u00fatil<\/strong>.<\/p>\n<p data-start=\"353\" data-end=\"519\">Su dise\u00f1o compacto y resistente facilita su instalaci\u00f3n en <strong data-start=\"412\" data-end=\"448\">espacios interiores y exteriores<\/strong>, proporcionando una iluminaci\u00f3n confiable para distintas aplicaciones.<\/p>\n<hr data-start=\"521\" data-end=\"524\" \/>\n<h3 data-section-id=\"1g17akt\" data-start=\"526\" data-end=\"558\">\ud83d\udd27 Especificaciones t\u00e9cnicas<\/h3>\n<ul data-start=\"560\" data-end=\"781\">\n<li data-section-id=\"1qagp83\" data-start=\"560\" data-end=\"612\"><strong data-start=\"562\" data-end=\"572\">Marca:<\/strong> <span class=\"hover:entity-accent entity-underline inline cursor-pointer align-baseline\"><span class=\"whitespace-normal\">UFO<\/span><\/span><\/li>\n<li data-section-id=\"vx1t0k\" data-start=\"613\" data-end=\"637\"><strong data-start=\"615\" data-end=\"626\">Modelo:<\/strong> EL-FL4BN<\/li>\n<li data-section-id=\"1gwy9bj\" data-start=\"638\" data-end=\"665\"><strong data-start=\"640\" data-end=\"649\">Tipo:<\/strong> Reflector LED<\/li>\n<li data-section-id=\"15abxwt\" data-start=\"666\" data-end=\"688\"><strong data-start=\"668\" data-end=\"681\">Potencia:<\/strong> 30 W<\/li>\n<li data-section-id=\"1y8tb2p\" data-start=\"689\" data-end=\"724\"><strong data-start=\"691\" data-end=\"714\">Voltaje de entrada:<\/strong> 220 VAC<\/li>\n<li data-section-id=\"mzmp8k\" data-start=\"725\" data-end=\"748\"><strong data-start=\"727\" data-end=\"742\">Tecnolog\u00eda:<\/strong> LED<\/li>\n<li data-section-id=\"1fk7zvy\" data-start=\"749\" data-end=\"781\"><strong data-start=\"751\" data-end=\"759\">Uso:<\/strong> Interior \/ Exterior<\/li>\n<\/ul>\n<hr data-start=\"783\" data-end=\"786\" \/>\n<h3 data-section-id=\"1gtawd1\" data-start=\"788\" data-end=\"809\">\u2b50 Caracter\u00edsticas<\/h3>\n<ul data-start=\"811\" data-end=\"976\">\n<li data-section-id=\"mn5vi5\" data-start=\"811\" data-end=\"845\"><strong data-start=\"813\" data-end=\"843\">Alta eficiencia energ\u00e9tica<\/strong><\/li>\n<li data-section-id=\"1kimest\" data-start=\"846\" data-end=\"884\"><strong data-start=\"848\" data-end=\"882\">Iluminaci\u00f3n potente y uniforme<\/strong><\/li>\n<li data-section-id=\"10ph3gz\" data-start=\"885\" data-end=\"914\"><strong data-start=\"887\" data-end=\"912\">Encendido instant\u00e1neo<\/strong><\/li>\n<li data-section-id=\"yhsa26\" data-start=\"915\" data-end=\"941\"><strong data-start=\"917\" data-end=\"939\">Bajo mantenimiento<\/strong><\/li>\n<li data-section-id=\"1brv52k\" data-start=\"942\" data-end=\"976\"><strong data-start=\"944\" data-end=\"976\">Dise\u00f1o compacto y resistente<\/strong><\/li>\n<\/ul>\n<hr data-start=\"978\" data-end=\"981\" \/>\n<h3 data-section-id=\"ab1xon\" data-start=\"983\" data-end=\"998\">\u26a1 Funciones<\/h3>\n<ul data-start=\"1000\" data-end=\"1159\">\n<li data-section-id=\"1pxtdml\" data-start=\"1000\" data-end=\"1035\">Iluminaci\u00f3n de \u00e1reas exteriores<\/li>\n<li data-section-id=\"scj117\" data-start=\"1036\" data-end=\"1064\">Iluminaci\u00f3n de seguridad<\/li>\n<li data-section-id=\"18v1ry4\" data-start=\"1065\" data-end=\"1103\">Reemplazo de reflectores hal\u00f3genos<\/li>\n<li data-section-id=\"pj14rz\" data-start=\"1104\" data-end=\"1159\">Iluminaci\u00f3n de espacios comerciales o residenciales<\/li>\n<\/ul>\n<hr data-start=\"1161\" data-end=\"1164\" \/>\n<h3 data-section-id=\"7npss3\" data-start=\"1166\" data-end=\"1185\">\ud83c\udfe2 Aplicaciones<\/h3>\n<p data-start=\"1187\" data-end=\"1198\">Ideal para:<\/p>\n<ul data-start=\"1200\" data-end=\"1324\">\n<li data-section-id=\"1x6x6p9\" data-start=\"1200\" data-end=\"1225\"><strong data-start=\"1202\" data-end=\"1223\">Patios y jardines<\/strong><\/li>\n<li data-section-id=\"qz6vnq\" data-start=\"1226\" data-end=\"1250\"><strong data-start=\"1228\" data-end=\"1248\">Estacionamientos<\/strong><\/li>\n<li data-section-id=\"1zgaqr\" data-start=\"1251\" data-end=\"1280\"><strong data-start=\"1253\" data-end=\"1278\">Fachadas de edificios<\/strong><\/li>\n<li data-section-id=\"llhb6f\" data-start=\"1281\" data-end=\"1298\"><strong data-start=\"1283\" data-end=\"1296\">Almacenes<\/strong><\/li>\n<li data-section-id=\"s78hbo\" data-start=\"1299\" data-end=\"1324\"><strong data-start=\"1301\" data-end=\"1324\">Locales comerciales<\/strong><\/li>\n<\/ul>","protected":false},"excerpt":{"rendered":"<section class=\"text-token-text-primary w-full focus:outline-none [--shadow-height:45px] has-data-writing-block:pointer-events-none has-data-writing-block:-mt-(--shadow-height) has-data-writing-block:pt-(--shadow-height) [&amp;:has([data-writing-block])&gt;*]:pointer-events-auto [content-visibility:auto] supports-[content-visibility:auto]:[contain-intrinsic-size:auto_100lvh] R6Vx5W_threadScrollVars scroll-mb-[calc(var(--scroll-root-safe-area-inset-bottom,0px)+var(--thread-response-height))] scroll-mt-[calc(var(--header-height)+min(200px,max(70px,20svh)))]\" dir=\"auto\" data-turn-id=\"request-68b8aa5e-2310-832c-83b6-8fe399b957d9-7\" data-testid=\"conversation-turn-302\" data-scroll-anchor=\"false\" data-turn=\"assistant\">\n<div class=\"text-base my-auto mx-auto pb-10 [--thread-content-margin:var(--thread-content-margin-xs,calc(var(--spacing)*4))] @w-sm\/main:[--thread-content-margin:var(--thread-content-margin-sm,calc(var(--spacing)*6))] @w-lg\/main:[--thread-content-margin:var(--thread-content-margin-lg,calc(var(--spacing)*16))] px-(--thread-content-margin)\">\n<div class=\"[--thread-content-max-width:40rem] @w-lg\/main:[--thread-content-max-width:48rem] mx-auto max-w-(--thread-content-max-width) flex-1 group\/turn-messages focus-visible:outline-hidden relative flex w-full min-w-0 flex-col agent-turn\">\n<div class=\"flex max-w-full flex-col gap-4 grow\">\n<div class=\"min-h-8 text-message relative flex w-full flex-col items-end gap-2 text-start break-words whitespace-normal outline-none keyboard-focused:focus-ring [.text-message+&amp;]:mt-1\" dir=\"auto\" tabindex=\"0\" data-message-author-role=\"assistant\" data-message-id=\"e356932c-f522-46d1-a6bd-ab4d6812e219\" data-turn-start-message=\"true\" data-message-model-slug=\"gpt-5-3\">\n<div class=\"flex w-full flex-col gap-1 empty:hidden\">\n<div class=\"markdown prose dark:prose-invert w-full wrap-break-word light markdown-new-styling\">\n<p data-start=\"1357\" data-end=\"1480\" data-is-last-node=\"\" data-is-only-node=\"\"><strong data-start=\"1357\" data-end=\"1480\" data-is-last-node=\"\">Reflector LED UFO de 30W dise\u00f1ado para iluminaci\u00f3n interior y exterior con alta eficiencia energ\u00e9tica y larga duraci\u00f3n.<\/strong><\/p>\n<\/div>\n<\/div>\n<\/div>\n<\/div>\n<div class=\"z-0 flex min-h-[46px] justify-start\"><\/div>\n<div class=\"mt-3 w-full empty:hidden\">\n<div class=\"text-center\"><\/div>\n<\/div>\n<\/div>\n<\/div>\n<\/section>\n<div class=\"pointer-events-none -mt-px h-px translate-y-[calc(var(--scroll-root-safe-area-inset-bottom)-14*var(--spacing))]\" aria-hidden=\"true\"><\/div>\n","protected":false},"featured_media":0,"comment_status":"open","ping_status":"closed","template":"","meta":[],"product_brand":[],"product_cat":[65],"product_tag":[],"class_list":{"0":"post-1343","1":"product","2":"type-product","3":"status-publish","5":"product_cat-e-l-lamparas-a-led","7":"first","8":"instock","9":"sale","10":"taxable","11":"shipping-taxable","12":"purchasable","13":"product-type-simple"},"_links":{"self":[{"href":"https:\/\/www.vicsun.pe\/en\/wp-json\/wp\/v2\/product\/1343","targetHints":{"allow":["GET"]}}],"collection":[{"href":"https:\/\/www.vicsun.pe\/en\/wp-json\/wp\/v2\/product"}],"about":[{"href":"https:\/\/www.vicsun.pe\/en\/wp-json\/wp\/v2\/types\/product"}],"replies":[{"embeddable":true,"href":"https:\/\/www.vicsun.pe\/en\/wp-json\/wp\/v2\/comments?post=1343"}],"wp:attachment":[{"href":"https:\/\/www.vicsun.pe\/en\/wp-json\/wp\/v2\/media?parent=1343"}],"wp:term":[{"taxonomy":"product_brand","embeddable":true,"href":"https:\/\/www.vicsun.pe\/en\/wp-json\/wp\/v2\/product_brand?post=1343"},{"taxonomy":"product_cat","embeddable":true,"href":"https:\/\/www.vicsun.pe\/en\/wp-json\/wp\/v2\/product_cat?post=1343"},{"taxonomy":"product_tag","embeddable":true,"href":"https:\/\/www.vicsun.pe\/en\/wp-json\/wp\/v2\/product_tag?post=1343"}],"curies":[{"name":"wp","href":"https:\/\/api.w.org\/{rel}","templated":true}]}}