{"id":1344,"date":"2026-04-23T11:13:41","date_gmt":"2026-04-23T16:13:41","guid":{"rendered":"https:\/\/www.vicsun.pe\/?post_type=product&#038;p=1344"},"modified":"2026-04-23T11:13:41","modified_gmt":"2026-04-23T16:13:41","slug":"el-hb3cm-100w-lampara-led-para-almacen-100w","status":"publish","type":"product","link":"https:\/\/www.vicsun.pe\/en\/producto\/el-hb3cm-100w-lampara-led-para-almacen-100w\/","title":{"rendered":"EL-HB3CM-100W: LAMPARA LED PARA ALMACEN 100W"},"content":{"rendered":"<p data-start=\"53\" data-end=\"366\">La <strong data-start=\"56\" data-end=\"73\">EL-HB3CM-100W<\/strong> es una <strong data-start=\"81\" data-end=\"110\">l\u00e1mpara LED tipo High Bay<\/strong> dise\u00f1ada para proporcionar <strong data-start=\"138\" data-end=\"214\">iluminaci\u00f3n potente y uniforme en espacios industriales o de gran altura<\/strong>. Su tecnolog\u00eda LED permite <strong data-start=\"242\" data-end=\"299\">alto rendimiento luminoso con bajo consumo energ\u00e9tico<\/strong>, siendo ideal para almacenes, f\u00e1bricas y grandes \u00e1reas de trabajo.<\/p>\n<p data-start=\"368\" data-end=\"548\">Gracias a su dise\u00f1o robusto y eficiente, ofrece <strong data-start=\"416\" data-end=\"477\">larga vida \u00fatil, bajo mantenimiento y encendido inmediato<\/strong>, convirti\u00e9ndose en una soluci\u00f3n confiable para iluminaci\u00f3n industrial.<\/p>\n<hr data-start=\"550\" data-end=\"553\" \/>\n<h3 data-section-id=\"1g17akt\" data-start=\"555\" data-end=\"587\">\ud83d\udd27 Especificaciones t\u00e9cnicas<\/h3>\n<ul data-start=\"589\" data-end=\"794\">\n<li data-section-id=\"4o1ngq\" data-start=\"589\" data-end=\"618\"><strong data-start=\"591\" data-end=\"602\">Modelo:<\/strong> EL-HB3CM-100W<\/li>\n<li data-section-id=\"3tdi25\" data-start=\"619\" data-end=\"666\"><strong data-start=\"621\" data-end=\"630\">Tipo:<\/strong> L\u00e1mpara LED industrial (High Bay)<\/li>\n<li data-section-id=\"14tzfvj\" data-start=\"667\" data-end=\"690\"><strong data-start=\"669\" data-end=\"682\">Potencia:<\/strong> 100 W<\/li>\n<li data-section-id=\"mzmp8k\" data-start=\"691\" data-end=\"714\"><strong data-start=\"693\" data-end=\"708\">Tecnolog\u00eda:<\/strong> LED<\/li>\n<li data-section-id=\"1y8tb2p\" data-start=\"715\" data-end=\"750\"><strong data-start=\"717\" data-end=\"740\">Voltaje de entrada:<\/strong> 220 VAC<\/li>\n<li data-section-id=\"vthzl6\" data-start=\"751\" data-end=\"794\"><strong data-start=\"753\" data-end=\"761\">Uso:<\/strong> Interior (espacios industriales)<\/li>\n<\/ul>\n<hr data-start=\"796\" data-end=\"799\" \/>\n<h3 data-section-id=\"1gtawd1\" data-start=\"801\" data-end=\"822\">\u2b50 Caracter\u00edsticas<\/h3>\n<ul data-start=\"824\" data-end=\"1024\">\n<li data-section-id=\"mn5vi5\" data-start=\"824\" data-end=\"858\"><strong data-start=\"826\" data-end=\"856\">Alta eficiencia energ\u00e9tica<\/strong><\/li>\n<li data-section-id=\"ke9be2\" data-start=\"859\" data-end=\"915\"><strong data-start=\"861\" data-end=\"913\">Gran capacidad de iluminaci\u00f3n para \u00e1reas amplias<\/strong><\/li>\n<li data-section-id=\"1u67ze0\" data-start=\"916\" data-end=\"959\"><strong data-start=\"918\" data-end=\"957\">Encendido instant\u00e1neo sin parpadeos<\/strong><\/li>\n<li data-section-id=\"yh5hc0\" data-start=\"960\" data-end=\"983\"><strong data-start=\"962\" data-end=\"981\">Larga vida \u00fatil<\/strong><\/li>\n<li data-section-id=\"1cj08gz\" data-start=\"984\" data-end=\"1024\"><strong data-start=\"986\" data-end=\"1024\">Dise\u00f1o robusto para uso industrial<\/strong><\/li>\n<\/ul>\n<hr data-start=\"1026\" data-end=\"1029\" \/>\n<h3 data-section-id=\"ab1xon\" data-start=\"1031\" data-end=\"1046\">\u26a1 Funciones<\/h3>\n<ul data-start=\"1048\" data-end=\"1214\">\n<li data-section-id=\"1wixwpb\" data-start=\"1048\" data-end=\"1091\">Iluminaci\u00f3n de grandes \u00e1reas interiores<\/li>\n<li data-section-id=\"1lma4dq\" data-start=\"1092\" data-end=\"1143\">Iluminaci\u00f3n de trabajo en entornos industriales<\/li>\n<li data-section-id=\"80fzw6\" data-start=\"1144\" data-end=\"1214\">Sustituci\u00f3n de luminarias industriales tradicionales de alto consumo<\/li>\n<\/ul>\n<hr data-start=\"1216\" data-end=\"1219\" \/>\n<h3 data-section-id=\"rg6w9o\" data-start=\"1221\" data-end=\"1240\">\ud83c\udfed Aplicaciones<\/h3>\n<p data-start=\"1242\" data-end=\"1253\">Ideal para:<\/p>\n<ul data-start=\"1255\" data-end=\"1388\">\n<li data-section-id=\"llhb6f\" data-start=\"1255\" data-end=\"1272\"><strong data-start=\"1257\" data-end=\"1270\">Almacenes<\/strong><\/li>\n<li data-section-id=\"1ctnruv\" data-start=\"1273\" data-end=\"1289\"><strong data-start=\"1275\" data-end=\"1287\">F\u00e1bricas<\/strong><\/li>\n<li data-section-id=\"jho2v6\" data-start=\"1290\" data-end=\"1316\"><strong data-start=\"1292\" data-end=\"1314\">Centros log\u00edsticos<\/strong><\/li>\n<li data-section-id=\"jt7vql\" data-start=\"1317\" data-end=\"1346\"><strong data-start=\"1319\" data-end=\"1344\">Talleres industriales<\/strong><\/li>\n<li data-section-id=\"15d49vc\" data-start=\"1347\" data-end=\"1388\"><strong data-start=\"1349\" data-end=\"1388\">Gimnasios o espacios de gran altura<\/strong><\/li>\n<\/ul>","protected":false},"excerpt":{"rendered":"<p>L\u00e1mpara LED industrial de 100W tipo High Bay dise\u00f1ada para iluminaci\u00f3n eficiente en almacenes y espacios de gran altura.<\/p>","protected":false},"featured_media":0,"comment_status":"open","ping_status":"closed","template":"","meta":[],"product_brand":[],"product_cat":[65],"product_tag":[],"class_list":{"0":"post-1344","1":"product","2":"type-product","3":"status-publish","5":"product_cat-e-l-lamparas-a-led","7":"first","8":"instock","9":"sale","10":"taxable","11":"shipping-taxable","12":"purchasable","13":"product-type-simple"},"_links":{"self":[{"href":"https:\/\/www.vicsun.pe\/en\/wp-json\/wp\/v2\/product\/1344","targetHints":{"allow":["GET"]}}],"collection":[{"href":"https:\/\/www.vicsun.pe\/en\/wp-json\/wp\/v2\/product"}],"about":[{"href":"https:\/\/www.vicsun.pe\/en\/wp-json\/wp\/v2\/types\/product"}],"replies":[{"embeddable":true,"href":"https:\/\/www.vicsun.pe\/en\/wp-json\/wp\/v2\/comments?post=1344"}],"wp:attachment":[{"href":"https:\/\/www.vicsun.pe\/en\/wp-json\/wp\/v2\/media?parent=1344"}],"wp:term":[{"taxonomy":"product_brand","embeddable":true,"href":"https:\/\/www.vicsun.pe\/en\/wp-json\/wp\/v2\/product_brand?post=1344"},{"taxonomy":"product_cat","embeddable":true,"href":"https:\/\/www.vicsun.pe\/en\/wp-json\/wp\/v2\/product_cat?post=1344"},{"taxonomy":"product_tag","embeddable":true,"href":"https:\/\/www.vicsun.pe\/en\/wp-json\/wp\/v2\/product_tag?post=1344"}],"curies":[{"name":"wp","href":"https:\/\/api.w.org\/{rel}","templated":true}]}}