{"id":1362,"date":"2026-04-28T10:28:33","date_gmt":"2026-04-28T15:28:33","guid":{"rendered":"https:\/\/www.vicsun.pe\/?post_type=product&#038;p=1362"},"modified":"2026-04-28T10:28:34","modified_gmt":"2026-04-28T15:28:34","slug":"el-st4en-40w-lampara-para-exterior-40w","status":"publish","type":"product","link":"https:\/\/www.vicsun.pe\/en\/producto\/el-st4en-40w-lampara-para-exterior-40w\/","title":{"rendered":"EL-ST4EN-40W: LAMPARA PARA EXTERIOR 40W"},"content":{"rendered":"<section class=\"text-token-text-primary w-full focus:outline-none [--shadow-height:45px] has-data-writing-block:pointer-events-none has-data-writing-block:-mt-(--shadow-height) has-data-writing-block:pt-(--shadow-height) [&amp;:has([data-writing-block])&gt;*]:pointer-events-auto [content-visibility:auto] supports-[content-visibility:auto]:[contain-intrinsic-size:auto_100lvh] R6Vx5W_threadScrollVars scroll-mb-[calc(var(--scroll-root-safe-area-inset-bottom,0px)+var(--thread-response-height))] scroll-mt-[calc(var(--header-height)+min(200px,max(70px,20svh)))]\" dir=\"auto\" data-turn-id=\"request-68b8aa5e-2310-832c-83b6-8fe399b957d9-0\" data-testid=\"conversation-turn-332\" data-scroll-anchor=\"false\" data-turn=\"assistant\">\n<div class=\"text-base my-auto mx-auto pb-10 [--thread-content-margin:var(--thread-content-margin-xs,calc(var(--spacing)*4))] @w-sm\/main:[--thread-content-margin:var(--thread-content-margin-sm,calc(var(--spacing)*6))] @w-lg\/main:[--thread-content-margin:var(--thread-content-margin-lg,calc(var(--spacing)*16))] px-(--thread-content-margin)\">\n<div class=\"[--thread-content-max-width:40rem] @w-lg\/main:[--thread-content-max-width:48rem] mx-auto max-w-(--thread-content-max-width) flex-1 group\/turn-messages focus-visible:outline-hidden relative flex w-full min-w-0 flex-col agent-turn\">\n<div class=\"flex max-w-full flex-col gap-4 grow\">\n<div class=\"min-h-8 text-message relative flex w-full flex-col items-end gap-2 text-start break-words whitespace-normal outline-none keyboard-focused:focus-ring [.text-message+&amp;]:mt-1\" dir=\"auto\" tabindex=\"0\" data-message-author-role=\"assistant\" data-message-id=\"c8f96ab1-423c-4558-92d2-464f34bc17cf\" data-turn-start-message=\"true\" data-message-model-slug=\"gpt-5-3\">\n<div class=\"flex w-full flex-col gap-1 empty:hidden\">\n<div class=\"markdown prose dark:prose-invert w-full wrap-break-word light markdown-new-styling\">\n<p data-start=\"52\" data-end=\"365\">La <strong data-start=\"55\" data-end=\"71\">EL-ST4EN-40W<\/strong> es una <strong data-start=\"79\" data-end=\"115\">l\u00e1mpara LED para exterior de 40W<\/strong>, dise\u00f1ada para ofrecer <strong data-start=\"139\" data-end=\"193\">iluminaci\u00f3n eficiente, uniforme y de mayor alcance<\/strong> en espacios abiertos. Su potencia intermedia la convierte en una opci\u00f3n ideal para cubrir \u00e1reas m\u00e1s amplias que modelos de 30W, manteniendo un consumo energ\u00e9tico reducido.<\/p>\n<p data-start=\"367\" data-end=\"546\">Gracias a su tecnolog\u00eda LED, proporciona <strong data-start=\"408\" data-end=\"455\">alto rendimiento lum\u00ednico y larga vida \u00fatil<\/strong>, siendo adecuada para aplicaciones residenciales, comerciales e incluso semi-industriales.<\/p>\n<hr data-start=\"548\" data-end=\"551\" \/>\n<h3 data-section-id=\"1g17akt\" data-start=\"553\" data-end=\"585\">\ud83d\udd27 Especificaciones t\u00e9cnicas<\/h3>\n<ul data-start=\"587\" data-end=\"818\">\n<li data-section-id=\"u39ads\" data-start=\"587\" data-end=\"615\"><strong data-start=\"589\" data-end=\"600\">Modelo:<\/strong> EL-ST4EN-40W<\/li>\n<li data-section-id=\"wbtcaf\" data-start=\"616\" data-end=\"655\"><strong data-start=\"618\" data-end=\"627\">Tipo:<\/strong> L\u00e1mpara LED para exterior<\/li>\n<li data-section-id=\"18hf00a\" data-start=\"656\" data-end=\"678\"><strong data-start=\"658\" data-end=\"671\">Potencia:<\/strong> 40 W<\/li>\n<li data-section-id=\"1y8tb2p\" data-start=\"679\" data-end=\"714\"><strong data-start=\"681\" data-end=\"704\">Voltaje de entrada:<\/strong> 220 VAC<\/li>\n<li data-section-id=\"mzmp8k\" data-start=\"715\" data-end=\"738\"><strong data-start=\"717\" data-end=\"732\">Tecnolog\u00eda:<\/strong> LED<\/li>\n<li data-section-id=\"mdpoha\" data-start=\"739\" data-end=\"771\"><strong data-start=\"741\" data-end=\"749\">Uso:<\/strong> Exterior \/ Interior<\/li>\n<li data-section-id=\"mjm1g4\" data-start=\"772\" data-end=\"818\"><strong data-start=\"774\" data-end=\"790\">Instalaci\u00f3n:<\/strong> Pared, poste o superficie<\/li>\n<\/ul>\n<hr data-start=\"820\" data-end=\"823\" \/>\n<h3 data-section-id=\"1gtawd1\" data-start=\"825\" data-end=\"846\">\u2b50 Caracter\u00edsticas<\/h3>\n<ul data-start=\"848\" data-end=\"1066\">\n<li data-section-id=\"mn5vi5\" data-start=\"848\" data-end=\"882\"><strong data-start=\"850\" data-end=\"880\">Alta eficiencia energ\u00e9tica<\/strong><\/li>\n<li data-section-id=\"17gi57q\" data-start=\"883\" data-end=\"929\"><strong data-start=\"885\" data-end=\"927\">Iluminaci\u00f3n uniforme y de buen alcance<\/strong><\/li>\n<li data-section-id=\"1u67ze0\" data-start=\"930\" data-end=\"973\"><strong data-start=\"932\" data-end=\"971\">Encendido instant\u00e1neo sin parpadeos<\/strong><\/li>\n<li data-section-id=\"13w0s3s\" data-start=\"974\" data-end=\"1034\"><strong data-start=\"976\" data-end=\"1032\">Dise\u00f1o resistente para exteriores (IP65\u2013IP66 aprox.)<\/strong><\/li>\n<li data-section-id=\"1m99nmo\" data-start=\"1035\" data-end=\"1066\"><strong data-start=\"1037\" data-end=\"1064\">Larga vida \u00fatil del LED<\/strong><\/li>\n<\/ul>\n<p data-start=\"1068\" data-end=\"1253\">\ud83d\udc49 Como referencia del mercado, luminarias LED de <strong data-start=\"1118\" data-end=\"1168\">40W pueden generar entre 3,600 y 7,000 l\u00famenes<\/strong>, dependiendo del dise\u00f1o y calidad del equipo<\/p>\n<hr data-start=\"1255\" data-end=\"1258\" \/>\n<h3 data-section-id=\"ab1xon\" data-start=\"1260\" data-end=\"1275\">\u26a1 Funciones<\/h3>\n<ul data-start=\"1277\" data-end=\"1442\">\n<li data-section-id=\"1pxtdml\" data-start=\"1277\" data-end=\"1312\">Iluminaci\u00f3n de \u00e1reas exteriores<\/li>\n<li data-section-id=\"1w5275m\" data-start=\"1313\" data-end=\"1350\">Mejora de visibilidad y seguridad<\/li>\n<li data-section-id=\"1qyvh2u\" data-start=\"1351\" data-end=\"1394\">Sustituci\u00f3n de luminarias tradicionales<\/li>\n<li data-section-id=\"1rq3sxx\" data-start=\"1395\" data-end=\"1442\">Iluminaci\u00f3n continua con bajo mantenimiento<\/li>\n<\/ul>\n<hr data-start=\"1444\" data-end=\"1447\" \/>\n<h3 data-section-id=\"7npss3\" data-start=\"1449\" data-end=\"1468\">\ud83c\udfe2 Aplicaciones<\/h3>\n<p data-start=\"1470\" data-end=\"1481\">Ideal para:<\/p>\n<ul data-start=\"1483\" data-end=\"1648\">\n<li data-section-id=\"19u3a0x\" data-start=\"1483\" data-end=\"1509\"><strong data-start=\"1485\" data-end=\"1507\">Fachadas y accesos<\/strong><\/li>\n<li data-section-id=\"nqxp3k\" data-start=\"1510\" data-end=\"1543\"><strong data-start=\"1512\" data-end=\"1541\">Estacionamientos medianos<\/strong><\/li>\n<li data-section-id=\"fz47s8\" data-start=\"1544\" data-end=\"1577\"><strong data-start=\"1546\" data-end=\"1575\">Patios y jardines amplios<\/strong><\/li>\n<li data-section-id=\"173h3eb\" data-start=\"1578\" data-end=\"1613\"><strong data-start=\"1580\" data-end=\"1611\">\u00c1reas comunes residenciales<\/strong><\/li>\n<li data-section-id=\"14f7wre\" data-start=\"1614\" data-end=\"1648\"><strong data-start=\"1616\" data-end=\"1648\">Zonas comerciales exteriores<\/strong><\/li>\n<\/ul>\n<\/div>\n<\/div>\n<\/div>\n<\/div>\n<\/div>\n<\/div>\n<\/section>\n","protected":false},"excerpt":{"rendered":"<p data-start=\"1681\" data-end=\"1828\">L\u00e1mpara LED de 40W para exterior, eficiente y resistente, ideal para iluminaci\u00f3n uniforme en \u00e1reas de tama\u00f1o medio con bajo consumo energ\u00e9tico.<\/p>","protected":false},"featured_media":0,"comment_status":"open","ping_status":"closed","template":"","meta":[],"product_brand":[],"product_cat":[65],"product_tag":[],"class_list":{"0":"post-1362","1":"product","2":"type-product","3":"status-publish","5":"product_cat-e-l-lamparas-a-led","7":"first","8":"instock","9":"sale","10":"taxable","11":"shipping-taxable","12":"purchasable","13":"product-type-simple"},"_links":{"self":[{"href":"https:\/\/www.vicsun.pe\/en\/wp-json\/wp\/v2\/product\/1362","targetHints":{"allow":["GET"]}}],"collection":[{"href":"https:\/\/www.vicsun.pe\/en\/wp-json\/wp\/v2\/product"}],"about":[{"href":"https:\/\/www.vicsun.pe\/en\/wp-json\/wp\/v2\/types\/product"}],"replies":[{"embeddable":true,"href":"https:\/\/www.vicsun.pe\/en\/wp-json\/wp\/v2\/comments?post=1362"}],"wp:attachment":[{"href":"https:\/\/www.vicsun.pe\/en\/wp-json\/wp\/v2\/media?parent=1362"}],"wp:term":[{"taxonomy":"product_brand","embeddable":true,"href":"https:\/\/www.vicsun.pe\/en\/wp-json\/wp\/v2\/product_brand?post=1362"},{"taxonomy":"product_cat","embeddable":true,"href":"https:\/\/www.vicsun.pe\/en\/wp-json\/wp\/v2\/product_cat?post=1362"},{"taxonomy":"product_tag","embeddable":true,"href":"https:\/\/www.vicsun.pe\/en\/wp-json\/wp\/v2\/product_tag?post=1362"}],"curies":[{"name":"wp","href":"https:\/\/api.w.org\/{rel}","templated":true}]}}