{"id":1363,"date":"2026-04-28T10:46:52","date_gmt":"2026-04-28T15:46:52","guid":{"rendered":"https:\/\/www.vicsun.pe\/?post_type=product&#038;p=1363"},"modified":"2026-04-28T10:46:52","modified_gmt":"2026-04-28T15:46:52","slug":"el-st4en-60w-lampara-para-exterior-60w","status":"publish","type":"product","link":"https:\/\/www.vicsun.pe\/en\/producto\/el-st4en-60w-lampara-para-exterior-60w\/","title":{"rendered":"EL-ST4EN-60W: LAMPARA PARA EXTERIOR 60W"},"content":{"rendered":"<section class=\"text-token-text-primary w-full focus:outline-none [--shadow-height:45px] has-data-writing-block:pointer-events-none has-data-writing-block:-mt-(--shadow-height) has-data-writing-block:pt-(--shadow-height) [&amp;:has([data-writing-block])&gt;*]:pointer-events-auto [content-visibility:auto] supports-[content-visibility:auto]:[contain-intrinsic-size:auto_100lvh] R6Vx5W_threadScrollVars scroll-mb-[calc(var(--scroll-root-safe-area-inset-bottom,0px)+var(--thread-response-height))] scroll-mt-[calc(var(--header-height)+min(200px,max(70px,20svh)))]\" dir=\"auto\" data-turn-id=\"request-68b8aa5e-2310-832c-83b6-8fe399b957d9-1\" data-testid=\"conversation-turn-334\" data-scroll-anchor=\"false\" data-turn=\"assistant\">\n<div class=\"text-base my-auto mx-auto pb-10 [--thread-content-margin:var(--thread-content-margin-xs,calc(var(--spacing)*4))] @w-sm\/main:[--thread-content-margin:var(--thread-content-margin-sm,calc(var(--spacing)*6))] @w-lg\/main:[--thread-content-margin:var(--thread-content-margin-lg,calc(var(--spacing)*16))] px-(--thread-content-margin)\">\n<div class=\"[--thread-content-max-width:40rem] @w-lg\/main:[--thread-content-max-width:48rem] mx-auto max-w-(--thread-content-max-width) flex-1 group\/turn-messages focus-visible:outline-hidden relative flex w-full min-w-0 flex-col agent-turn\">\n<div class=\"flex max-w-full flex-col gap-4 grow\">\n<div class=\"min-h-8 text-message relative flex w-full flex-col items-end gap-2 text-start break-words whitespace-normal outline-none keyboard-focused:focus-ring [.text-message+&amp;]:mt-1\" dir=\"auto\" tabindex=\"0\" data-message-author-role=\"assistant\" data-message-id=\"439a61f4-f15a-4cfb-86c2-1ea985cf15ea\" data-turn-start-message=\"true\" data-message-model-slug=\"gpt-5-3\">\n<div class=\"flex w-full flex-col gap-1 empty:hidden\">\n<div class=\"markdown prose dark:prose-invert w-full wrap-break-word light markdown-new-styling\">\n<p data-start=\"52\" data-end=\"347\">La <strong data-start=\"55\" data-end=\"71\">EL-ST4EN-60W<\/strong> es una <strong data-start=\"79\" data-end=\"115\">l\u00e1mpara LED para exterior de 60W<\/strong>, dise\u00f1ada para ofrecer <strong data-start=\"139\" data-end=\"192\">iluminaci\u00f3n potente, uniforme y de alta cobertura<\/strong> en espacios abiertos. Se posiciona como una opci\u00f3n superior frente a modelos de 30W\u201350W, ideal cuando se requiere <strong data-start=\"307\" data-end=\"346\">mayor intensidad lum\u00ednica y alcance<\/strong>.<\/p>\n<p data-start=\"349\" data-end=\"571\">Gracias a su tecnolog\u00eda LED, proporciona <strong data-start=\"390\" data-end=\"441\">alto flujo luminoso con bajo consumo energ\u00e9tico<\/strong>, adem\u00e1s de una larga vida \u00fatil y bajo mantenimiento, siendo perfecta para aplicaciones residenciales, comerciales e industriales.<\/p>\n<hr data-start=\"573\" data-end=\"576\" \/>\n<h3 data-section-id=\"1g17akt\" data-start=\"578\" data-end=\"610\">\ud83d\udd27 Especificaciones t\u00e9cnicas<\/h3>\n<ul data-start=\"612\" data-end=\"932\">\n<li data-section-id=\"u1ujma\" data-start=\"612\" data-end=\"640\"><strong data-start=\"614\" data-end=\"625\">Modelo:<\/strong> EL-ST4EN-60W<\/li>\n<li data-section-id=\"wbtcaf\" data-start=\"641\" data-end=\"680\"><strong data-start=\"643\" data-end=\"652\">Tipo:<\/strong> L\u00e1mpara LED para exterior<\/li>\n<li data-section-id=\"19rxj7s\" data-start=\"681\" data-end=\"703\"><strong data-start=\"683\" data-end=\"696\">Potencia:<\/strong> 60 W<\/li>\n<li data-section-id=\"11hccdi\" data-start=\"704\" data-end=\"828\"><strong data-start=\"706\" data-end=\"729\">Voltaje de entrada:<\/strong> 220 VAC (rango t\u00edpico 100\u2013277V en este tipo de luminarias)<\/li>\n<li data-section-id=\"mzmp8k\" data-start=\"829\" data-end=\"852\"><strong data-start=\"831\" data-end=\"846\">Tecnolog\u00eda:<\/strong> LED<\/li>\n<li data-section-id=\"mdpoha\" data-start=\"853\" data-end=\"885\"><strong data-start=\"855\" data-end=\"863\">Uso:<\/strong> Exterior \/ Interior<\/li>\n<li data-section-id=\"mjm1g4\" data-start=\"886\" data-end=\"932\"><strong data-start=\"888\" data-end=\"904\">Instalaci\u00f3n:<\/strong> Pared, poste o superficie<\/li>\n<\/ul>\n<hr data-start=\"934\" data-end=\"937\" \/>\n<h3 data-section-id=\"1gtawd1\" data-start=\"939\" data-end=\"960\">\u2b50 Caracter\u00edsticas<\/h3>\n<ul data-start=\"962\" data-end=\"1315\">\n<li data-section-id=\"1d8tt1q\" data-start=\"962\" data-end=\"1019\"><strong data-start=\"964\" data-end=\"1017\">Alta potencia lum\u00ednica (ideal para \u00e1reas amplias)<\/strong><\/li>\n<li data-section-id=\"mn5vi5\" data-start=\"1020\" data-end=\"1054\"><strong data-start=\"1022\" data-end=\"1052\">Alta eficiencia energ\u00e9tica<\/strong><\/li>\n<li data-section-id=\"1rfs6f4\" data-start=\"1055\" data-end=\"1101\"><strong data-start=\"1057\" data-end=\"1099\">Iluminaci\u00f3n uniforme y de gran alcance<\/strong><\/li>\n<li data-section-id=\"1u67ze0\" data-start=\"1102\" data-end=\"1145\"><strong data-start=\"1104\" data-end=\"1143\">Encendido instant\u00e1neo sin parpadeos<\/strong><\/li>\n<li data-section-id=\"1lf9arn\" data-start=\"1146\" data-end=\"1203\"><strong data-start=\"1148\" data-end=\"1201\">Estructura resistente para exteriores (IP65\u2013IP66)<\/strong><\/li>\n<li data-section-id=\"1d9k8f4\" data-start=\"1204\" data-end=\"1315\"><strong data-start=\"1206\" data-end=\"1275\">Larga vida \u00fatil (hasta 50,000\u2013100,000 horas seg\u00fan tecnolog\u00eda LED)<\/strong><\/li>\n<\/ul>\n<p data-start=\"1317\" data-end=\"1518\">\ud83d\udc49 Como referencia del mercado, luminarias LED de <strong data-start=\"1367\" data-end=\"1417\">60W pueden generar entre 7,200 y 8,100 l\u00famenes<\/strong>, lo que permite iluminar zonas amplias con buena visibilidad<\/p>\n<hr data-start=\"1520\" data-end=\"1523\" \/>\n<h3 data-section-id=\"ab1xon\" data-start=\"1525\" data-end=\"1540\">\u26a1 Funciones<\/h3>\n<ul data-start=\"1542\" data-end=\"1794\">\n<li data-section-id=\"q29gfd\" data-start=\"1542\" data-end=\"1589\">Iluminaci\u00f3n de exteriores de gran cobertura<\/li>\n<li data-section-id=\"1amtbwa\" data-start=\"1590\" data-end=\"1627\">Mejora de seguridad y visibilidad<\/li>\n<li data-section-id=\"11tl3bb\" data-start=\"1628\" data-end=\"1687\">Sustituci\u00f3n de luminarias tradicionales de alto consumo<\/li>\n<li data-section-id=\"1rq3sxx\" data-start=\"1688\" data-end=\"1735\">Iluminaci\u00f3n continua con bajo mantenimiento<\/li>\n<li data-section-id=\"10lygvu\" data-start=\"1736\" data-end=\"1794\">Posible integraci\u00f3n con fotocelda (encendido autom\u00e1tico)<\/li>\n<\/ul>\n<hr data-start=\"1796\" data-end=\"1799\" \/>\n<h3 data-section-id=\"7npss3\" data-start=\"1801\" data-end=\"1820\">\ud83c\udfe2 Aplicaciones<\/h3>\n<p data-start=\"1822\" data-end=\"1833\">Ideal para:<\/p>\n<ul data-start=\"1835\" data-end=\"2010\">\n<li data-section-id=\"1x2tcm3\" data-start=\"1835\" data-end=\"1859\"><strong data-start=\"1837\" data-end=\"1857\">Fachadas grandes<\/strong><\/li>\n<li data-section-id=\"xr6t1f\" data-start=\"1860\" data-end=\"1892\"><strong data-start=\"1862\" data-end=\"1890\">Estacionamientos amplios<\/strong><\/li>\n<li data-section-id=\"vchckh\" data-start=\"1893\" data-end=\"1934\"><strong data-start=\"1895\" data-end=\"1932\">Patios industriales o comerciales<\/strong><\/li>\n<li data-section-id=\"zctp0d\" data-start=\"1935\" data-end=\"1972\"><strong data-start=\"1937\" data-end=\"1970\">Calles internas o condominios<\/strong><\/li>\n<li data-section-id=\"167avl4\" data-start=\"1973\" data-end=\"2010\"><strong data-start=\"1975\" data-end=\"2010\">Zonas de seguridad o vigilancia<\/strong><\/li>\n<\/ul>\n<\/div>\n<\/div>\n<\/div>\n<\/div>\n<\/div>\n<\/div>\n<\/section>\n","protected":false},"excerpt":{"rendered":"<section class=\"text-token-text-primary w-full focus:outline-none [--shadow-height:45px] has-data-writing-block:pointer-events-none has-data-writing-block:-mt-(--shadow-height) has-data-writing-block:pt-(--shadow-height) [&amp;:has([data-writing-block])&gt;*]:pointer-events-auto [content-visibility:auto] supports-[content-visibility:auto]:[contain-intrinsic-size:auto_100lvh] R6Vx5W_threadScrollVars scroll-mb-[calc(var(--scroll-root-safe-area-inset-bottom,0px)+var(--thread-response-height))] scroll-mt-[calc(var(--header-height)+min(200px,max(70px,20svh)))]\" dir=\"auto\" data-turn-id=\"request-68b8aa5e-2310-832c-83b6-8fe399b957d9-1\" data-testid=\"conversation-turn-334\" data-scroll-anchor=\"false\" data-turn=\"assistant\">\n<div class=\"text-base my-auto mx-auto pb-10 [--thread-content-margin:var(--thread-content-margin-xs,calc(var(--spacing)*4))] @w-sm\/main:[--thread-content-margin:var(--thread-content-margin-sm,calc(var(--spacing)*6))] @w-lg\/main:[--thread-content-margin:var(--thread-content-margin-lg,calc(var(--spacing)*16))] px-(--thread-content-margin)\">\n<div class=\"[--thread-content-max-width:40rem] @w-lg\/main:[--thread-content-max-width:48rem] mx-auto max-w-(--thread-content-max-width) flex-1 group\/turn-messages focus-visible:outline-hidden relative flex w-full min-w-0 flex-col agent-turn\">\n<div class=\"flex max-w-full flex-col gap-4 grow\">\n<div class=\"min-h-8 text-message relative flex w-full flex-col items-end gap-2 text-start break-words whitespace-normal outline-none keyboard-focused:focus-ring [.text-message+&amp;]:mt-1\" dir=\"auto\" tabindex=\"0\" data-message-author-role=\"assistant\" data-message-id=\"439a61f4-f15a-4cfb-86c2-1ea985cf15ea\" data-turn-start-message=\"true\" data-message-model-slug=\"gpt-5-3\">\n<div class=\"flex w-full flex-col gap-1 empty:hidden\">\n<div class=\"markdown prose dark:prose-invert w-full wrap-break-word light markdown-new-styling\">\n<p data-start=\"2043\" data-end=\"2192\">L\u00e1mpara LED de 60W para exterior, dise\u00f1ada para iluminaci\u00f3n de alta potencia, amplia cobertura y alta eficiencia energ\u00e9tica en espacios abiertos.<\/p>\n<\/div>\n<\/div>\n<\/div>\n<\/div>\n<\/div>\n<\/div>\n<\/section>\n<div class=\"pointer-events-none -mt-px h-px translate-y-[calc(var(--scroll-root-safe-area-inset-bottom)-14*var(--spacing))]\" aria-hidden=\"true\"><\/div>\n","protected":false},"featured_media":0,"comment_status":"open","ping_status":"closed","template":"","meta":[],"product_brand":[],"product_cat":[65],"product_tag":[],"class_list":{"0":"post-1363","1":"product","2":"type-product","3":"status-publish","5":"product_cat-e-l-lamparas-a-led","7":"first","8":"instock","9":"sale","10":"taxable","11":"shipping-taxable","12":"purchasable","13":"product-type-simple"},"_links":{"self":[{"href":"https:\/\/www.vicsun.pe\/en\/wp-json\/wp\/v2\/product\/1363","targetHints":{"allow":["GET"]}}],"collection":[{"href":"https:\/\/www.vicsun.pe\/en\/wp-json\/wp\/v2\/product"}],"about":[{"href":"https:\/\/www.vicsun.pe\/en\/wp-json\/wp\/v2\/types\/product"}],"replies":[{"embeddable":true,"href":"https:\/\/www.vicsun.pe\/en\/wp-json\/wp\/v2\/comments?post=1363"}],"wp:attachment":[{"href":"https:\/\/www.vicsun.pe\/en\/wp-json\/wp\/v2\/media?parent=1363"}],"wp:term":[{"taxonomy":"product_brand","embeddable":true,"href":"https:\/\/www.vicsun.pe\/en\/wp-json\/wp\/v2\/product_brand?post=1363"},{"taxonomy":"product_cat","embeddable":true,"href":"https:\/\/www.vicsun.pe\/en\/wp-json\/wp\/v2\/product_cat?post=1363"},{"taxonomy":"product_tag","embeddable":true,"href":"https:\/\/www.vicsun.pe\/en\/wp-json\/wp\/v2\/product_tag?post=1363"}],"curies":[{"name":"wp","href":"https:\/\/api.w.org\/{rel}","templated":true}]}}