{"id":1364,"date":"2026-04-28T11:58:22","date_gmt":"2026-04-28T16:58:22","guid":{"rendered":"https:\/\/www.vicsun.pe\/?post_type=product&#038;p=1364"},"modified":"2026-04-28T11:58:22","modified_gmt":"2026-04-28T16:58:22","slug":"philips-el-st5cm-lampara-led-exterior-100w","status":"publish","type":"product","link":"https:\/\/www.vicsun.pe\/en\/producto\/philips-el-st5cm-lampara-led-exterior-100w\/","title":{"rendered":"PHILIPS: EL-ST5CM LAMPARA LED EXTERIOR 100W"},"content":{"rendered":"<section class=\"text-token-text-primary w-full focus:outline-none [--shadow-height:45px] has-data-writing-block:pointer-events-none has-data-writing-block:-mt-(--shadow-height) has-data-writing-block:pt-(--shadow-height) [&amp;:has([data-writing-block])&gt;*]:pointer-events-auto [content-visibility:auto] supports-[content-visibility:auto]:[contain-intrinsic-size:auto_100lvh] R6Vx5W_threadScrollVars scroll-mb-[calc(var(--scroll-root-safe-area-inset-bottom,0px)+var(--thread-response-height))] scroll-mt-[calc(var(--header-height)+min(200px,max(70px,20svh)))]\" dir=\"auto\" data-turn-id=\"request-68b8aa5e-2310-832c-83b6-8fe399b957d9-2\" data-testid=\"conversation-turn-336\" data-scroll-anchor=\"false\" data-turn=\"assistant\">\n<div class=\"text-base my-auto mx-auto pb-10 [--thread-content-margin:var(--thread-content-margin-xs,calc(var(--spacing)*4))] @w-sm\/main:[--thread-content-margin:var(--thread-content-margin-sm,calc(var(--spacing)*6))] @w-lg\/main:[--thread-content-margin:var(--thread-content-margin-lg,calc(var(--spacing)*16))] px-(--thread-content-margin)\">\n<div class=\"[--thread-content-max-width:40rem] @w-lg\/main:[--thread-content-max-width:48rem] mx-auto max-w-(--thread-content-max-width) flex-1 group\/turn-messages focus-visible:outline-hidden relative flex w-full min-w-0 flex-col agent-turn\">\n<div class=\"flex max-w-full flex-col gap-4 grow\">\n<div class=\"min-h-8 text-message relative flex w-full flex-col items-end gap-2 text-start break-words whitespace-normal outline-none keyboard-focused:focus-ring [.text-message+&amp;]:mt-1\" dir=\"auto\" tabindex=\"0\" data-message-author-role=\"assistant\" data-message-id=\"32bcdba9-63d0-4257-a844-ff375e229ea4\" data-turn-start-message=\"true\" data-message-model-slug=\"gpt-5-3\">\n<div class=\"flex w-full flex-col gap-1 empty:hidden\">\n<div class=\"markdown prose dark:prose-invert w-full wrap-break-word light markdown-new-styling\">\n<p data-start=\"58\" data-end=\"389\">La <strong data-start=\"61\" data-end=\"78\">EL-ST5CM-100W<\/strong> de <strong data-start=\"82\" data-end=\"123\"><span class=\"hover:entity-accent entity-underline inline cursor-pointer align-baseline\"><span class=\"whitespace-normal\">Philips<\/span><\/span><\/strong> es una <strong data-start=\"131\" data-end=\"184\">l\u00e1mpara LED para exterior de alta potencia (100W)<\/strong>, dise\u00f1ada para brindar <strong data-start=\"208\" data-end=\"261\">iluminaci\u00f3n intensa, uniforme y de gran cobertura<\/strong> en espacios abiertos. Est\u00e1 orientada a aplicaciones donde se requiere <strong data-start=\"332\" data-end=\"388\">m\u00e1xima visibilidad, seguridad y rendimiento lum\u00ednico<\/strong>.<\/p>\n<p data-start=\"391\" data-end=\"607\">Gracias a la tecnolog\u00eda LED de Philips, ofrece <strong data-start=\"438\" data-end=\"520\">alta eficiencia energ\u00e9tica, larga vida \u00fatil y excelente calidad de iluminaci\u00f3n<\/strong>, siendo una opci\u00f3n confiable para proyectos residenciales, comerciales e industriales.<\/p>\n<hr data-start=\"609\" data-end=\"612\" \/>\n<h3 data-section-id=\"1g17akt\" data-start=\"614\" data-end=\"646\">\ud83d\udd27 Especificaciones t\u00e9cnicas<\/h3>\n<ul data-start=\"648\" data-end=\"933\">\n<li data-section-id=\"1qagp83\" data-start=\"648\" data-end=\"700\"><strong data-start=\"650\" data-end=\"660\">Marca:<\/strong> <span class=\"hover:entity-accent entity-underline inline cursor-pointer align-baseline\"><span class=\"whitespace-normal\">Philips<\/span><\/span><\/li>\n<li data-section-id=\"aa4gwa\" data-start=\"701\" data-end=\"725\"><strong data-start=\"703\" data-end=\"714\">Modelo:<\/strong> EL-ST5CM<\/li>\n<li data-section-id=\"wbtcaf\" data-start=\"726\" data-end=\"765\"><strong data-start=\"728\" data-end=\"737\">Tipo:<\/strong> L\u00e1mpara LED para exterior<\/li>\n<li data-section-id=\"14tzfvj\" data-start=\"766\" data-end=\"789\"><strong data-start=\"768\" data-end=\"781\">Potencia:<\/strong> 100 W<\/li>\n<li data-section-id=\"1cz8etw\" data-start=\"790\" data-end=\"829\"><strong data-start=\"792\" data-end=\"815\">Voltaje de entrada:<\/strong> 220\u2013240 VAC<\/li>\n<li data-section-id=\"mzmp8k\" data-start=\"830\" data-end=\"853\"><strong data-start=\"832\" data-end=\"847\">Tecnolog\u00eda:<\/strong> LED<\/li>\n<li data-section-id=\"mdpoha\" data-start=\"854\" data-end=\"886\"><strong data-start=\"856\" data-end=\"864\">Uso:<\/strong> Exterior \/ Interior<\/li>\n<li data-section-id=\"8omuk4\" data-start=\"887\" data-end=\"933\"><strong data-start=\"889\" data-end=\"905\">Instalaci\u00f3n:<\/strong> Poste, pared o superficie<\/li>\n<\/ul>\n<p data-start=\"935\" data-end=\"999\">\ud83d\udc49 Como referencia en luminarias LED Philips de esta potencia:<\/p>\n<ul data-start=\"1000\" data-end=\"1322\">\n<li data-section-id=\"jt633o\" data-start=\"1000\" data-end=\"1083\">Flujo luminoso aprox.: <strong data-start=\"1025\" data-end=\"1043\">10,000 l\u00famenes<\/strong><\/li>\n<li data-section-id=\"qqflix\" data-start=\"1084\" data-end=\"1151\">Eficiencia: <strong data-start=\"1098\" data-end=\"1111\">~100 lm\/W<\/strong><\/li>\n<li data-section-id=\"iwm220\" data-start=\"1152\" data-end=\"1250\">Temperatura de color t\u00edpica: <strong data-start=\"1183\" data-end=\"1210\">6500K (luz blanca fr\u00eda)<\/strong><\/li>\n<li data-section-id=\"1sqd098\" data-start=\"1251\" data-end=\"1322\">\u00c1ngulo de apertura: <strong data-start=\"1273\" data-end=\"1282\">\u2248110\u00b0<\/strong><\/li>\n<\/ul>\n<hr data-start=\"1324\" data-end=\"1327\" \/>\n<h3 data-section-id=\"1gtawd1\" data-start=\"1329\" data-end=\"1350\">\u2b50 Caracter\u00edsticas<\/h3>\n<ul data-start=\"1352\" data-end=\"1663\">\n<li data-section-id=\"1xsb3f1\" data-start=\"1352\" data-end=\"1409\"><strong data-start=\"1354\" data-end=\"1407\">Alta potencia lum\u00ednica (ideal para \u00e1reas grandes)<\/strong><\/li>\n<li data-section-id=\"7h8hf0\" data-start=\"1410\" data-end=\"1471\"><strong data-start=\"1412\" data-end=\"1469\">Tecnolog\u00eda LED de alta eficiencia (ahorro energ\u00e9tico)<\/strong><\/li>\n<li data-section-id=\"1u67ze0\" data-start=\"1472\" data-end=\"1515\"><strong data-start=\"1474\" data-end=\"1513\">Encendido instant\u00e1neo sin parpadeos<\/strong><\/li>\n<li data-section-id=\"2aceiz\" data-start=\"1516\" data-end=\"1571\"><strong data-start=\"1518\" data-end=\"1569\">Estructura robusta (aluminio + vidrio templado)<\/strong><\/li>\n<li data-section-id=\"10m7ebj\" data-start=\"1572\" data-end=\"1620\"><strong data-start=\"1574\" data-end=\"1618\">Protecci\u00f3n para exteriores (IP65 aprox.)<\/strong><\/li>\n<li data-section-id=\"czmv3\" data-start=\"1621\" data-end=\"1663\"><strong data-start=\"1623\" data-end=\"1663\">Larga vida \u00fatil y bajo mantenimiento<\/strong><\/li>\n<\/ul>\n<hr data-start=\"1665\" data-end=\"1668\" \/>\n<h3 data-section-id=\"ab1xon\" data-start=\"1670\" data-end=\"1685\">\u26a1 Funciones<\/h3>\n<ul data-start=\"1687\" data-end=\"1883\">\n<li data-section-id=\"qdzr0j\" data-start=\"1687\" data-end=\"1734\">Iluminaci\u00f3n de gran cobertura en exteriores<\/li>\n<li data-section-id=\"16zlp5s\" data-start=\"1735\" data-end=\"1775\">Mejora de seguridad en zonas amplias<\/li>\n<li data-section-id=\"11tl3bb\" data-start=\"1776\" data-end=\"1835\">Sustituci\u00f3n de luminarias tradicionales de alto consumo<\/li>\n<li data-section-id=\"9o20pm\" data-start=\"1836\" data-end=\"1883\">Funcionamiento continuo con alta eficiencia<\/li>\n<\/ul>\n<hr data-start=\"1885\" data-end=\"1888\" \/>\n<h3 data-section-id=\"7npss3\" data-start=\"1890\" data-end=\"1909\">\ud83c\udfe2 Aplicaciones<\/h3>\n<p data-start=\"1911\" data-end=\"1922\">Ideal para:<\/p>\n<ul data-start=\"1924\" data-end=\"2124\">\n<li data-section-id=\"nlmi5q\" data-start=\"1924\" data-end=\"1956\"><strong data-start=\"1926\" data-end=\"1954\">Estacionamientos grandes<\/strong><\/li>\n<li data-section-id=\"1sowm2y\" data-start=\"1957\" data-end=\"2000\"><strong data-start=\"1959\" data-end=\"1998\">Fachadas industriales o comerciales<\/strong><\/li>\n<li data-section-id=\"8cz4cg\" data-start=\"2001\" data-end=\"2048\"><strong data-start=\"2003\" data-end=\"2046\">\u00c1reas log\u00edsticas y almacenes exteriores<\/strong><\/li>\n<li data-section-id=\"zctp0d\" data-start=\"2049\" data-end=\"2086\"><strong data-start=\"2051\" data-end=\"2084\">Calles internas o condominios<\/strong><\/li>\n<li data-section-id=\"1wf8zb2\" data-start=\"2087\" data-end=\"2124\"><strong data-start=\"2089\" data-end=\"2124\">Zonas de seguridad y vigilancia<\/strong><\/li>\n<\/ul>\n<\/div>\n<\/div>\n<\/div>\n<\/div>\n<\/div>\n<\/div>\n<\/section>\n","protected":false},"excerpt":{"rendered":"<p data-start=\"2157\" data-end=\"2294\">L\u00e1mpara LED Philips de 100W para exterior, dise\u00f1ada para iluminaci\u00f3n de alta potencia, gran cobertura y m\u00e1xima eficiencia energ\u00e9tica.<\/p>","protected":false},"featured_media":0,"comment_status":"open","ping_status":"closed","template":"","meta":[],"product_brand":[],"product_cat":[65],"product_tag":[],"class_list":{"0":"post-1364","1":"product","2":"type-product","3":"status-publish","5":"product_cat-e-l-lamparas-a-led","7":"first","8":"instock","9":"sale","10":"taxable","11":"shipping-taxable","12":"purchasable","13":"product-type-simple"},"_links":{"self":[{"href":"https:\/\/www.vicsun.pe\/en\/wp-json\/wp\/v2\/product\/1364","targetHints":{"allow":["GET"]}}],"collection":[{"href":"https:\/\/www.vicsun.pe\/en\/wp-json\/wp\/v2\/product"}],"about":[{"href":"https:\/\/www.vicsun.pe\/en\/wp-json\/wp\/v2\/types\/product"}],"replies":[{"embeddable":true,"href":"https:\/\/www.vicsun.pe\/en\/wp-json\/wp\/v2\/comments?post=1364"}],"wp:attachment":[{"href":"https:\/\/www.vicsun.pe\/en\/wp-json\/wp\/v2\/media?parent=1364"}],"wp:term":[{"taxonomy":"product_brand","embeddable":true,"href":"https:\/\/www.vicsun.pe\/en\/wp-json\/wp\/v2\/product_brand?post=1364"},{"taxonomy":"product_cat","embeddable":true,"href":"https:\/\/www.vicsun.pe\/en\/wp-json\/wp\/v2\/product_cat?post=1364"},{"taxonomy":"product_tag","embeddable":true,"href":"https:\/\/www.vicsun.pe\/en\/wp-json\/wp\/v2\/product_tag?post=1364"}],"curies":[{"name":"wp","href":"https:\/\/api.w.org\/{rel}","templated":true}]}}