{"id":190,"date":"2025-06-02T12:18:21","date_gmt":"2025-06-02T17:18:21","guid":{"rendered":"https:\/\/www.vicsun.pe\/?post_type=product&#038;p=190"},"modified":"2026-01-07T17:21:31","modified_gmt":"2026-01-07T22:21:31","slug":"vic5-18p-panel-poly","status":"publish","type":"product","link":"https:\/\/www.vicsun.pe\/en\/producto\/vic5-18p-panel-poly\/","title":{"rendered":"VIC5-18P: PANEL POLY"},"content":{"rendered":"<p data-start=\"185\" data-end=\"403\">El <strong data-start=\"188\" data-end=\"200\">VIC5-18P<\/strong> es un <strong data-start=\"207\" data-end=\"252\">panel solar policristalino compacto de 5W<\/strong>, ideal para aplicaciones de bajo consumo energ\u00e9tico como cargadores solares, iluminaci\u00f3n LED, cercos el\u00e9ctricos, y peque\u00f1os dispositivos de monitoreo.<\/p>\n<h4 data-start=\"405\" data-end=\"439\">\ud83d\udee0\ufe0f Caracter\u00edsticas t\u00e9cnicas:<\/h4>\n<ul data-start=\"440\" data-end=\"947\">\n<li data-start=\"440\" data-end=\"468\">\n<p data-start=\"442\" data-end=\"468\"><strong data-start=\"442\" data-end=\"463\">Potencia nominal:<\/strong> 5W<\/p>\n<\/li>\n<li data-start=\"469\" data-end=\"512\">\n<p data-start=\"471\" data-end=\"512\"><strong data-start=\"471\" data-end=\"495\">Tecnolog\u00eda de celda:<\/strong> Policristalina<\/p>\n<\/li>\n<li data-start=\"513\" data-end=\"559\">\n<p data-start=\"515\" data-end=\"559\"><strong data-start=\"515\" data-end=\"552\">Tensi\u00f3n m\u00e1xima de potencia (Vmp):<\/strong> ~18V<\/p>\n<\/li>\n<li data-start=\"560\" data-end=\"610\">\n<p data-start=\"562\" data-end=\"610\"><strong data-start=\"562\" data-end=\"601\">Corriente m\u00e1xima de potencia (Imp):<\/strong> ~0.28A<\/p>\n<\/li>\n<li data-start=\"611\" data-end=\"658\">\n<p data-start=\"613\" data-end=\"658\"><strong data-start=\"613\" data-end=\"651\">Tensi\u00f3n en circuito abierto (Voc):<\/strong> ~22V<\/p>\n<\/li>\n<li data-start=\"659\" data-end=\"701\">\n<p data-start=\"661\" data-end=\"701\"><strong data-start=\"661\" data-end=\"689\">Configuraci\u00f3n de celdas:<\/strong> 36 celdas<\/p>\n<\/li>\n<li data-start=\"702\" data-end=\"758\">\n<p data-start=\"704\" data-end=\"758\"><strong data-start=\"704\" data-end=\"724\">Tama\u00f1o compacto:<\/strong> F\u00e1cil de instalar y transportar<\/p>\n<\/li>\n<li data-start=\"759\" data-end=\"809\">\n<p data-start=\"761\" data-end=\"809\"><strong data-start=\"761\" data-end=\"771\">Marco:<\/strong> Aluminio resistente a la intemperie<\/p>\n<\/li>\n<li data-start=\"810\" data-end=\"861\">\n<p data-start=\"812\" data-end=\"861\"><strong data-start=\"812\" data-end=\"823\">Vidrio:<\/strong> Vidrio templado de protecci\u00f3n solar<\/p>\n<\/li>\n<li data-start=\"862\" data-end=\"947\">\n<p data-start=\"864\" data-end=\"947\"><strong data-start=\"864\" data-end=\"881\">Aplicaciones:<\/strong> Peque\u00f1os kits solares, sensores, cargadores, iluminaci\u00f3n exterior<\/p>\n<\/li>\n<\/ul>","protected":false},"excerpt":{"rendered":"<p data-start=\"185\" data-end=\"403\">El <strong data-start=\"188\" data-end=\"200\">VIC5-18P<\/strong> es un <strong data-start=\"207\" data-end=\"252\">panel solar policristalino compacto de 5W<\/strong>, ideal para aplicaciones de bajo consumo energ\u00e9tico como cargadores solares, iluminaci\u00f3n LED, cercos el\u00e9ctricos, y peque\u00f1os dispositivos de monitoreo.<\/p>\n<h4 data-start=\"405\" data-end=\"439\">\ud83d\udee0\ufe0f Caracter\u00edsticas t\u00e9cnicas:<\/h4>\n<ul data-start=\"440\" data-end=\"947\">\n<li data-start=\"440\" data-end=\"468\">\n<p data-start=\"442\" data-end=\"468\"><strong data-start=\"442\" data-end=\"463\">Potencia nominal:<\/strong> 5W<\/p>\n<\/li>\n<li data-start=\"469\" data-end=\"512\">\n<p data-start=\"471\" data-end=\"512\"><strong data-start=\"471\" data-end=\"495\">Tecnolog\u00eda de celda:<\/strong> Policristalina<\/p>\n<\/li>\n<li data-start=\"513\" data-end=\"559\">\n<p data-start=\"515\" data-end=\"559\"><strong data-start=\"515\" data-end=\"552\">Tensi\u00f3n m\u00e1xima de potencia (Vmp):<\/strong> ~18V<\/p>\n<\/li>\n<li data-start=\"560\" data-end=\"610\">\n<p data-start=\"562\" data-end=\"610\"><strong data-start=\"562\" data-end=\"601\">Corriente m\u00e1xima de potencia (Imp):<\/strong> ~0.28A<\/p>\n<\/li>\n<li data-start=\"611\" data-end=\"658\">\n<p data-start=\"613\" data-end=\"658\"><strong data-start=\"613\" data-end=\"651\">Tensi\u00f3n en circuito abierto (Voc):<\/strong> ~22V<\/p>\n<\/li>\n<li data-start=\"659\" data-end=\"701\">\n<p data-start=\"661\" data-end=\"701\"><strong data-start=\"661\" data-end=\"689\">Configuraci\u00f3n de celdas:<\/strong> 36 celdas<\/p>\n<\/li>\n<li data-start=\"702\" data-end=\"758\">\n<p data-start=\"704\" data-end=\"758\"><strong data-start=\"704\" data-end=\"724\">Tama\u00f1o compacto:<\/strong> F\u00e1cil de instalar y transportar<\/p>\n<\/li>\n<li data-start=\"759\" data-end=\"809\">\n<p data-start=\"761\" data-end=\"809\"><strong data-start=\"761\" data-end=\"771\">Marco:<\/strong> Aluminio resistente a la intemperie<\/p>\n<\/li>\n<li data-start=\"810\" data-end=\"861\">\n<p data-start=\"812\" data-end=\"861\"><strong data-start=\"812\" data-end=\"823\">Vidrio:<\/strong> Vidrio templado de protecci\u00f3n solar<\/p>\n<\/li>\n<li data-start=\"862\" data-end=\"947\">\n<p data-start=\"864\" data-end=\"947\"><strong data-start=\"864\" data-end=\"881\">Aplicaciones:<\/strong> Peque\u00f1os kits solares, sensores, cargadores, iluminaci\u00f3n exterior<\/p>\n<\/li>\n<\/ul>","protected":false},"featured_media":191,"comment_status":"open","ping_status":"closed","template":"","meta":[],"product_brand":[],"product_cat":[24],"product_tag":[],"class_list":{"0":"post-190","1":"product","2":"type-product","3":"status-publish","4":"has-post-thumbnail","6":"product_cat-policristalino","8":"first","9":"instock","10":"sale","11":"taxable","12":"shipping-taxable","13":"purchasable","14":"product-type-simple"},"_links":{"self":[{"href":"https:\/\/www.vicsun.pe\/en\/wp-json\/wp\/v2\/product\/190","targetHints":{"allow":["GET"]}}],"collection":[{"href":"https:\/\/www.vicsun.pe\/en\/wp-json\/wp\/v2\/product"}],"about":[{"href":"https:\/\/www.vicsun.pe\/en\/wp-json\/wp\/v2\/types\/product"}],"replies":[{"embeddable":true,"href":"https:\/\/www.vicsun.pe\/en\/wp-json\/wp\/v2\/comments?post=190"}],"wp:featuredmedia":[{"embeddable":true,"href":"https:\/\/www.vicsun.pe\/en\/wp-json\/wp\/v2\/media\/191"}],"wp:attachment":[{"href":"https:\/\/www.vicsun.pe\/en\/wp-json\/wp\/v2\/media?parent=190"}],"wp:term":[{"taxonomy":"product_brand","embeddable":true,"href":"https:\/\/www.vicsun.pe\/en\/wp-json\/wp\/v2\/product_brand?post=190"},{"taxonomy":"product_cat","embeddable":true,"href":"https:\/\/www.vicsun.pe\/en\/wp-json\/wp\/v2\/product_cat?post=190"},{"taxonomy":"product_tag","embeddable":true,"href":"https:\/\/www.vicsun.pe\/en\/wp-json\/wp\/v2\/product_tag?post=190"}],"curies":[{"name":"wp","href":"https:\/\/api.w.org\/{rel}","templated":true}]}}