{"id":200,"date":"2025-06-03T11:00:03","date_gmt":"2025-06-03T16:00:03","guid":{"rendered":"https:\/\/www.vicsun.pe\/?post_type=product&#038;p=200"},"modified":"2025-06-03T11:00:04","modified_gmt":"2025-06-03T16:00:04","slug":"vic150-18m-panel-mono","status":"publish","type":"product","link":"https:\/\/www.vicsun.pe\/en\/producto\/vic150-18m-panel-mono\/","title":{"rendered":"VIC150-18M: PANEL MONO"},"content":{"rendered":"<p data-start=\"185\" data-end=\"463\">El <strong data-start=\"188\" data-end=\"202\">VIC150-18M<\/strong> es un panel solar <strong data-start=\"221\" data-end=\"247\">monocristalino de 150W<\/strong>, ideal para sistemas fotovoltaicos de mediana escala. Ofrece alta eficiencia energ\u00e9tica y excelente rendimiento en condiciones de baja irradiaci\u00f3n. Apto para instalaciones dom\u00e9sticas, rurales, m\u00f3viles o de respaldo.<\/p>\n<h4 data-start=\"465\" data-end=\"499\">\ud83d\udee0\ufe0f Caracter\u00edsticas t\u00e9cnicas:<\/h4>\n<ul data-start=\"500\" data-end=\"1034\">\n<li data-start=\"500\" data-end=\"530\">\n<p data-start=\"502\" data-end=\"530\"><strong data-start=\"502\" data-end=\"523\">Potencia nominal:<\/strong> 150W<\/p>\n<\/li>\n<li data-start=\"531\" data-end=\"568\">\n<p data-start=\"533\" data-end=\"568\"><strong data-start=\"533\" data-end=\"551\">Tipo de celda:<\/strong> Monocristalina<\/p>\n<\/li>\n<li data-start=\"569\" data-end=\"615\">\n<p data-start=\"571\" data-end=\"615\"><strong data-start=\"571\" data-end=\"608\">Tensi\u00f3n m\u00e1xima de potencia (Vmp):<\/strong> ~18V<\/p>\n<\/li>\n<li data-start=\"616\" data-end=\"666\">\n<p data-start=\"618\" data-end=\"666\"><strong data-start=\"618\" data-end=\"657\">Corriente m\u00e1xima de potencia (Imp):<\/strong> ~8.33A<\/p>\n<\/li>\n<li data-start=\"667\" data-end=\"716\">\n<p data-start=\"669\" data-end=\"716\"><strong data-start=\"669\" data-end=\"707\">Tensi\u00f3n en circuito abierto (Voc):<\/strong> ~22.5V<\/p>\n<\/li>\n<li data-start=\"717\" data-end=\"759\">\n<p data-start=\"719\" data-end=\"759\"><strong data-start=\"719\" data-end=\"747\">Configuraci\u00f3n de celdas:<\/strong> 36 celdas<\/p>\n<\/li>\n<li data-start=\"760\" data-end=\"826\">\n<p data-start=\"762\" data-end=\"826\"><strong data-start=\"762\" data-end=\"785\">Eficiencia elevada:<\/strong> Mayor captaci\u00f3n solar en menor espacio<\/p>\n<\/li>\n<li data-start=\"827\" data-end=\"906\">\n<p data-start=\"829\" data-end=\"906\"><strong data-start=\"829\" data-end=\"844\">Materiales:<\/strong> Marco de aluminio resistente y vidrio templado antirreflejo<\/p>\n<\/li>\n<li data-start=\"907\" data-end=\"1034\">\n<p data-start=\"909\" data-end=\"1034\"><strong data-start=\"909\" data-end=\"926\">Usos comunes:<\/strong> Sistemas solares domiciliarios, kits port\u00e1tiles, estaciones de telecomunicaci\u00f3n, caravanas y sitios remotos<\/p>\n<\/li>\n<\/ul>","protected":false},"excerpt":{"rendered":"<p data-start=\"1068\" data-end=\"1176\">Panel solar monocristalino de 150W con alto rendimiento para sistemas solares dom\u00e9sticos, rurales o m\u00f3viles.<\/p>","protected":false},"featured_media":201,"comment_status":"open","ping_status":"closed","template":"","meta":[],"product_brand":[],"product_cat":[23],"product_tag":[],"class_list":{"0":"post-200","1":"product","2":"type-product","3":"status-publish","4":"has-post-thumbnail","6":"product_cat-monocristalino","8":"first","9":"instock","10":"taxable","11":"shipping-taxable","12":"purchasable","13":"product-type-simple"},"_links":{"self":[{"href":"https:\/\/www.vicsun.pe\/en\/wp-json\/wp\/v2\/product\/200","targetHints":{"allow":["GET"]}}],"collection":[{"href":"https:\/\/www.vicsun.pe\/en\/wp-json\/wp\/v2\/product"}],"about":[{"href":"https:\/\/www.vicsun.pe\/en\/wp-json\/wp\/v2\/types\/product"}],"replies":[{"embeddable":true,"href":"https:\/\/www.vicsun.pe\/en\/wp-json\/wp\/v2\/comments?post=200"}],"wp:featuredmedia":[{"embeddable":true,"href":"https:\/\/www.vicsun.pe\/en\/wp-json\/wp\/v2\/media\/201"}],"wp:attachment":[{"href":"https:\/\/www.vicsun.pe\/en\/wp-json\/wp\/v2\/media?parent=200"}],"wp:term":[{"taxonomy":"product_brand","embeddable":true,"href":"https:\/\/www.vicsun.pe\/en\/wp-json\/wp\/v2\/product_brand?post=200"},{"taxonomy":"product_cat","embeddable":true,"href":"https:\/\/www.vicsun.pe\/en\/wp-json\/wp\/v2\/product_cat?post=200"},{"taxonomy":"product_tag","embeddable":true,"href":"https:\/\/www.vicsun.pe\/en\/wp-json\/wp\/v2\/product_tag?post=200"}],"curies":[{"name":"wp","href":"https:\/\/api.w.org\/{rel}","templated":true}]}}