{"id":221,"date":"2025-06-03T12:10:18","date_gmt":"2025-06-03T17:10:18","guid":{"rendered":"https:\/\/www.vicsun.pe\/?post_type=product&#038;p=221"},"modified":"2026-04-09T14:24:52","modified_gmt":"2026-04-09T19:24:52","slug":"vic275-30m-panel-mono","status":"publish","type":"product","link":"https:\/\/www.vicsun.pe\/en\/producto\/vic275-30m-panel-mono\/","title":{"rendered":"VIC275-30M: PANEL MONO"},"content":{"rendered":"<p data-start=\"182\" data-end=\"456\">El <strong data-start=\"185\" data-end=\"199\">VIC275-30M<\/strong> es un panel solar <strong data-start=\"218\" data-end=\"244\">monocristalino de 275W<\/strong>, dise\u00f1ado para ofrecer un rendimiento energ\u00e9tico eficiente en instalaciones solares de <strong data-start=\"332\" data-end=\"339\">30V<\/strong>. Su tecnolog\u00eda de c\u00e9lula monocristalina asegura una mejor captaci\u00f3n en espacios reducidos y condiciones de poca luz.<\/p>\n<h4 data-start=\"458\" data-end=\"492\">\ud83d\udd27 Especificaciones t\u00e9cnicas:<\/h4>\n<ul data-start=\"493\" data-end=\"1074\">\n<li data-start=\"493\" data-end=\"523\">\n<p data-start=\"495\" data-end=\"523\"><strong data-start=\"495\" data-end=\"516\">Potencia nominal:<\/strong> 275W<\/p>\n<\/li>\n<li data-start=\"524\" data-end=\"561\">\n<p data-start=\"526\" data-end=\"561\"><strong data-start=\"526\" data-end=\"544\">Tipo de celda:<\/strong> Monocristalina<\/p>\n<\/li>\n<li data-start=\"562\" data-end=\"604\">\n<p data-start=\"564\" data-end=\"604\"><strong data-start=\"564\" data-end=\"592\">Configuraci\u00f3n de celdas:<\/strong> 60 (6&#215;10)<\/p>\n<\/li>\n<li data-start=\"605\" data-end=\"647\">\n<p data-start=\"607\" data-end=\"647\"><strong data-start=\"607\" data-end=\"638\">Voltaje de operaci\u00f3n (Vmp):<\/strong> ~30.5V<\/p>\n<\/li>\n<li data-start=\"648\" data-end=\"692\">\n<p data-start=\"650\" data-end=\"692\"><strong data-start=\"650\" data-end=\"683\">Corriente de operaci\u00f3n (Imp):<\/strong> ~9.02A<\/p>\n<\/li>\n<li data-start=\"693\" data-end=\"742\">\n<p data-start=\"695\" data-end=\"742\"><strong data-start=\"695\" data-end=\"733\">Voltaje en circuito abierto (Voc):<\/strong> ~38.2V<\/p>\n<\/li>\n<li data-start=\"743\" data-end=\"790\">\n<p data-start=\"745\" data-end=\"790\"><strong data-start=\"745\" data-end=\"782\">Corriente de cortocircuito (Isc):<\/strong> ~9.6A<\/p>\n<\/li>\n<li data-start=\"791\" data-end=\"829\">\n<p data-start=\"793\" data-end=\"829\"><strong data-start=\"793\" data-end=\"819\">Eficiencia del m\u00f3dulo:<\/strong> ~17\u201318%<\/p>\n<\/li>\n<li data-start=\"830\" data-end=\"890\">\n<p data-start=\"832\" data-end=\"890\"><strong data-start=\"832\" data-end=\"842\">Marco:<\/strong> Aluminio anodizado resistente a la intemperie<\/p>\n<\/li>\n<li data-start=\"891\" data-end=\"942\">\n<p data-start=\"893\" data-end=\"942\"><strong data-start=\"893\" data-end=\"904\">Vidrio:<\/strong> Vidrio templado de alta durabilidad<\/p>\n<\/li>\n<li data-start=\"943\" data-end=\"1074\">\n<p data-start=\"945\" data-end=\"1074\"><strong data-start=\"945\" data-end=\"962\">Aplicaciones:<\/strong> Sistemas aut\u00f3nomos, sistemas conectados a red, energ\u00eda en zonas rurales, iluminaci\u00f3n solar y telecomunicaciones<\/p>\n<\/li>\n<\/ul>","protected":false},"excerpt":{"rendered":"<p data-start=\"1112\" data-end=\"1198\">Panel solar monocristalino de 275W, eficiente y duradero para sistemas solares de 30V.<\/p>","protected":false},"featured_media":223,"comment_status":"open","ping_status":"closed","template":"","meta":[],"product_brand":[],"product_cat":[23],"product_tag":[],"class_list":{"0":"post-221","1":"product","2":"type-product","3":"status-publish","4":"has-post-thumbnail","6":"product_cat-monocristalino","8":"first","9":"instock","10":"sale","11":"taxable","12":"shipping-taxable","13":"purchasable","14":"product-type-simple"},"_links":{"self":[{"href":"https:\/\/www.vicsun.pe\/en\/wp-json\/wp\/v2\/product\/221","targetHints":{"allow":["GET"]}}],"collection":[{"href":"https:\/\/www.vicsun.pe\/en\/wp-json\/wp\/v2\/product"}],"about":[{"href":"https:\/\/www.vicsun.pe\/en\/wp-json\/wp\/v2\/types\/product"}],"replies":[{"embeddable":true,"href":"https:\/\/www.vicsun.pe\/en\/wp-json\/wp\/v2\/comments?post=221"}],"wp:featuredmedia":[{"embeddable":true,"href":"https:\/\/www.vicsun.pe\/en\/wp-json\/wp\/v2\/media\/223"}],"wp:attachment":[{"href":"https:\/\/www.vicsun.pe\/en\/wp-json\/wp\/v2\/media?parent=221"}],"wp:term":[{"taxonomy":"product_brand","embeddable":true,"href":"https:\/\/www.vicsun.pe\/en\/wp-json\/wp\/v2\/product_brand?post=221"},{"taxonomy":"product_cat","embeddable":true,"href":"https:\/\/www.vicsun.pe\/en\/wp-json\/wp\/v2\/product_cat?post=221"},{"taxonomy":"product_tag","embeddable":true,"href":"https:\/\/www.vicsun.pe\/en\/wp-json\/wp\/v2\/product_tag?post=221"}],"curies":[{"name":"wp","href":"https:\/\/api.w.org\/{rel}","templated":true}]}}