{"id":226,"date":"2025-06-03T12:54:25","date_gmt":"2025-06-03T17:54:25","guid":{"rendered":"https:\/\/www.vicsun.pe\/?post_type=product&#038;p=226"},"modified":"2026-04-09T12:55:18","modified_gmt":"2026-04-09T17:55:18","slug":"vic300-30m-panel-mono","status":"publish","type":"product","link":"https:\/\/www.vicsun.pe\/en\/producto\/vic300-30m-panel-mono\/","title":{"rendered":"VIC300-30V: PANEL MONO"},"content":{"rendered":"<p data-start=\"133\" data-end=\"459\">El <strong data-start=\"136\" data-end=\"150\">VIC300-30M<\/strong> es un panel solar <strong data-start=\"169\" data-end=\"195\">monocristalino de 300W<\/strong>, ideal para instalaciones fotovoltaicas que requieren eficiencia, rendimiento constante y larga durabilidad. Gracias a su tecnolog\u00eda de celdas monocristalinas, este panel proporciona una mayor producci\u00f3n de energ\u00eda, incluso en condiciones de baja radiaci\u00f3n solar.<\/p>\n<h4 data-start=\"461\" data-end=\"495\">\ud83d\udd27 Especificaciones t\u00e9cnicas:<\/h4>\n<ul data-start=\"496\" data-end=\"1033\">\n<li data-start=\"496\" data-end=\"526\">\n<p data-start=\"498\" data-end=\"526\"><strong data-start=\"498\" data-end=\"519\">Potencia nominal:<\/strong> 300W<\/p>\n<\/li>\n<li data-start=\"527\" data-end=\"564\">\n<p data-start=\"529\" data-end=\"564\"><strong data-start=\"529\" data-end=\"547\">Tipo de celda:<\/strong> Monocristalina<\/p>\n<\/li>\n<li data-start=\"565\" data-end=\"607\">\n<p data-start=\"567\" data-end=\"607\"><strong data-start=\"567\" data-end=\"595\">Configuraci\u00f3n de celdas:<\/strong> 60 (6&#215;10)<\/p>\n<\/li>\n<li data-start=\"608\" data-end=\"650\">\n<p data-start=\"610\" data-end=\"650\"><strong data-start=\"610\" data-end=\"641\">Voltaje de operaci\u00f3n (Vmp):<\/strong> ~31.2V<\/p>\n<\/li>\n<li data-start=\"651\" data-end=\"695\">\n<p data-start=\"653\" data-end=\"695\"><strong data-start=\"653\" data-end=\"686\">Corriente de operaci\u00f3n (Imp):<\/strong> ~9.62A<\/p>\n<\/li>\n<li data-start=\"696\" data-end=\"745\">\n<p data-start=\"698\" data-end=\"745\"><strong data-start=\"698\" data-end=\"736\">Voltaje en circuito abierto (Voc):<\/strong> ~38.6V<\/p>\n<\/li>\n<li data-start=\"746\" data-end=\"794\">\n<p data-start=\"748\" data-end=\"794\"><strong data-start=\"748\" data-end=\"785\">Corriente de cortocircuito (Isc):<\/strong> ~10.1A<\/p>\n<\/li>\n<li data-start=\"795\" data-end=\"830\">\n<p data-start=\"797\" data-end=\"830\"><strong data-start=\"797\" data-end=\"823\">Eficiencia del m\u00f3dulo:<\/strong> ~18%<\/p>\n<\/li>\n<li data-start=\"831\" data-end=\"875\">\n<p data-start=\"833\" data-end=\"875\"><strong data-start=\"833\" data-end=\"843\">Marco:<\/strong> Aluminio anodizado resistente<\/p>\n<\/li>\n<li data-start=\"876\" data-end=\"927\">\n<p data-start=\"878\" data-end=\"927\"><strong data-start=\"878\" data-end=\"889\">Vidrio:<\/strong> Vidrio templado de alta resistencia<\/p>\n<\/li>\n<li data-start=\"928\" data-end=\"1033\">\n<p data-start=\"930\" data-end=\"1033\"><strong data-start=\"930\" data-end=\"947\">Aplicaciones:<\/strong> Sistemas residenciales, industriales y rurales, tanto conectados a red como aut\u00f3nomos<\/p>\n<\/li>\n<\/ul>","protected":false},"excerpt":{"rendered":"<p data-start=\"1071\" data-end=\"1173\">Panel solar monocristalino de 300W, alto rendimiento y confiabilidad para proyectos solares exigentes.<\/p>","protected":false},"featured_media":227,"comment_status":"open","ping_status":"closed","template":"","meta":[],"product_brand":[],"product_cat":[23],"product_tag":[],"class_list":{"0":"post-226","1":"product","2":"type-product","3":"status-publish","4":"has-post-thumbnail","6":"product_cat-monocristalino","8":"first","9":"instock","10":"sale","11":"taxable","12":"shipping-taxable","13":"purchasable","14":"product-type-simple"},"_links":{"self":[{"href":"https:\/\/www.vicsun.pe\/en\/wp-json\/wp\/v2\/product\/226","targetHints":{"allow":["GET"]}}],"collection":[{"href":"https:\/\/www.vicsun.pe\/en\/wp-json\/wp\/v2\/product"}],"about":[{"href":"https:\/\/www.vicsun.pe\/en\/wp-json\/wp\/v2\/types\/product"}],"replies":[{"embeddable":true,"href":"https:\/\/www.vicsun.pe\/en\/wp-json\/wp\/v2\/comments?post=226"}],"wp:featuredmedia":[{"embeddable":true,"href":"https:\/\/www.vicsun.pe\/en\/wp-json\/wp\/v2\/media\/227"}],"wp:attachment":[{"href":"https:\/\/www.vicsun.pe\/en\/wp-json\/wp\/v2\/media?parent=226"}],"wp:term":[{"taxonomy":"product_brand","embeddable":true,"href":"https:\/\/www.vicsun.pe\/en\/wp-json\/wp\/v2\/product_brand?post=226"},{"taxonomy":"product_cat","embeddable":true,"href":"https:\/\/www.vicsun.pe\/en\/wp-json\/wp\/v2\/product_cat?post=226"},{"taxonomy":"product_tag","embeddable":true,"href":"https:\/\/www.vicsun.pe\/en\/wp-json\/wp\/v2\/product_tag?post=226"}],"curies":[{"name":"wp","href":"https:\/\/api.w.org\/{rel}","templated":true}]}}