{"id":230,"date":"2025-06-03T12:57:55","date_gmt":"2025-06-03T17:57:55","guid":{"rendered":"https:\/\/www.vicsun.pe\/?post_type=product&#038;p=230"},"modified":"2025-06-03T12:57:55","modified_gmt":"2025-06-03T17:57:55","slug":"vic345-30m-panel-mono","status":"publish","type":"product","link":"https:\/\/www.vicsun.pe\/en\/producto\/vic345-30m-panel-mono\/","title":{"rendered":"VIC345-30M: PANEL MONO"},"content":{"rendered":"<p data-start=\"133\" data-end=\"464\">El <strong data-start=\"136\" data-end=\"150\">VIC345-30M<\/strong> es un panel solar <strong data-start=\"169\" data-end=\"195\">monocristalino de 345W<\/strong>, dise\u00f1ado para ofrecer alta eficiencia energ\u00e9tica y confiabilidad en instalaciones solares de mediana y gran escala. Gracias a su avanzada tecnolog\u00eda de celdas monocristalinas, asegura una excelente captaci\u00f3n de energ\u00eda incluso en d\u00edas nublados o con baja irradiaci\u00f3n.<\/p>\n<h4 data-start=\"466\" data-end=\"500\">\ud83d\udd27 Especificaciones t\u00e9cnicas:<\/h4>\n<ul data-start=\"501\" data-end=\"1070\">\n<li data-start=\"501\" data-end=\"531\">\n<p data-start=\"503\" data-end=\"531\"><strong data-start=\"503\" data-end=\"524\">Potencia nominal:<\/strong> 345W<\/p>\n<\/li>\n<li data-start=\"532\" data-end=\"569\">\n<p data-start=\"534\" data-end=\"569\"><strong data-start=\"534\" data-end=\"552\">Tipo de celda:<\/strong> Monocristalina<\/p>\n<\/li>\n<li data-start=\"570\" data-end=\"612\">\n<p data-start=\"572\" data-end=\"612\"><strong data-start=\"572\" data-end=\"600\">Configuraci\u00f3n de celdas:<\/strong> 72 (6&#215;12)<\/p>\n<\/li>\n<li data-start=\"613\" data-end=\"655\">\n<p data-start=\"615\" data-end=\"655\"><strong data-start=\"615\" data-end=\"646\">Voltaje de operaci\u00f3n (Vmp):<\/strong> ~38.0V<\/p>\n<\/li>\n<li data-start=\"656\" data-end=\"700\">\n<p data-start=\"658\" data-end=\"700\"><strong data-start=\"658\" data-end=\"691\">Corriente de operaci\u00f3n (Imp):<\/strong> ~9.08A<\/p>\n<\/li>\n<li data-start=\"701\" data-end=\"750\">\n<p data-start=\"703\" data-end=\"750\"><strong data-start=\"703\" data-end=\"741\">Voltaje en circuito abierto (Voc):<\/strong> ~46.5V<\/p>\n<\/li>\n<li data-start=\"751\" data-end=\"798\">\n<p data-start=\"753\" data-end=\"798\"><strong data-start=\"753\" data-end=\"790\">Corriente de cortocircuito (Isc):<\/strong> ~9.6A<\/p>\n<\/li>\n<li data-start=\"799\" data-end=\"836\">\n<p data-start=\"801\" data-end=\"836\"><strong data-start=\"801\" data-end=\"827\">Eficiencia del m\u00f3dulo:<\/strong> ~18.5%<\/p>\n<\/li>\n<li data-start=\"837\" data-end=\"897\">\n<p data-start=\"839\" data-end=\"897\"><strong data-start=\"839\" data-end=\"849\">Marco:<\/strong> Aluminio anodizado resistente a la intemperie<\/p>\n<\/li>\n<li data-start=\"898\" data-end=\"951\">\n<p data-start=\"900\" data-end=\"951\"><strong data-start=\"900\" data-end=\"911\">Vidrio:<\/strong> Templado y de alta transmisi\u00f3n de luz<\/p>\n<\/li>\n<li data-start=\"952\" data-end=\"1070\">\n<p data-start=\"954\" data-end=\"1070\"><strong data-start=\"954\" data-end=\"971\">Aplicaciones:<\/strong> Sistemas solares conectados a red y fuera de red en entornos residenciales, industriales y rurales<\/p>\n<\/li>\n<\/ul>","protected":false},"excerpt":{"rendered":"<p data-start=\"1108\" data-end=\"1201\">Panel solar monocristalino de 345W, ideal para proyectos solares con alta demanda energ\u00e9tica.<\/p>","protected":false},"featured_media":231,"comment_status":"open","ping_status":"closed","template":"","meta":[],"product_brand":[],"product_cat":[23],"product_tag":[],"class_list":{"0":"post-230","1":"product","2":"type-product","3":"status-publish","4":"has-post-thumbnail","6":"product_cat-monocristalino","8":"first","9":"instock","10":"taxable","11":"shipping-taxable","12":"purchasable","13":"product-type-simple"},"_links":{"self":[{"href":"https:\/\/www.vicsun.pe\/en\/wp-json\/wp\/v2\/product\/230","targetHints":{"allow":["GET"]}}],"collection":[{"href":"https:\/\/www.vicsun.pe\/en\/wp-json\/wp\/v2\/product"}],"about":[{"href":"https:\/\/www.vicsun.pe\/en\/wp-json\/wp\/v2\/types\/product"}],"replies":[{"embeddable":true,"href":"https:\/\/www.vicsun.pe\/en\/wp-json\/wp\/v2\/comments?post=230"}],"wp:featuredmedia":[{"embeddable":true,"href":"https:\/\/www.vicsun.pe\/en\/wp-json\/wp\/v2\/media\/231"}],"wp:attachment":[{"href":"https:\/\/www.vicsun.pe\/en\/wp-json\/wp\/v2\/media?parent=230"}],"wp:term":[{"taxonomy":"product_brand","embeddable":true,"href":"https:\/\/www.vicsun.pe\/en\/wp-json\/wp\/v2\/product_brand?post=230"},{"taxonomy":"product_cat","embeddable":true,"href":"https:\/\/www.vicsun.pe\/en\/wp-json\/wp\/v2\/product_cat?post=230"},{"taxonomy":"product_tag","embeddable":true,"href":"https:\/\/www.vicsun.pe\/en\/wp-json\/wp\/v2\/product_tag?post=230"}],"curies":[{"name":"wp","href":"https:\/\/api.w.org\/{rel}","templated":true}]}}