{"id":271,"date":"2025-06-04T15:29:31","date_gmt":"2025-06-04T20:29:31","guid":{"rendered":"https:\/\/www.vicsun.pe\/?post_type=product&#038;p=271"},"modified":"2026-03-26T12:18:37","modified_gmt":"2026-03-26T17:18:37","slug":"js4-4ah-serie-js-agm","status":"publish","type":"product","link":"https:\/\/www.vicsun.pe\/en\/producto\/js4-4ah-serie-js-agm\/","title":{"rendered":"JS4.4AH: SERIE JS AGM"},"content":{"rendered":"<p data-start=\"151\" data-end=\"524\">La bater\u00eda <strong data-start=\"162\" data-end=\"173\">JS4.4AH<\/strong> de 6V y 4.4Ah es parte de la <strong data-start=\"203\" data-end=\"255\">Serie JS de tecnolog\u00eda AGM (Absorbent Glass Mat)<\/strong>, dise\u00f1ada para ofrecer un rendimiento confiable y libre de mantenimiento en aplicaciones de respaldo, seguridad y energ\u00eda port\u00e1til. Gracias a su dise\u00f1o sellado y libre de derrames, proporciona seguridad y eficiencia en instalaciones tanto verticales como horizontales.<\/p>\n<h4 data-start=\"526\" data-end=\"564\">\ud83d\udd27 <strong data-start=\"534\" data-end=\"564\">Especificaciones t\u00e9cnicas:<\/strong><\/h4>\n<ul data-start=\"565\" data-end=\"1028\">\n<li data-start=\"565\" data-end=\"592\">\n<p data-start=\"567\" data-end=\"592\"><strong data-start=\"567\" data-end=\"587\">Voltaje nominal:<\/strong> 6V<\/p>\n<\/li>\n<li data-start=\"593\" data-end=\"625\">\n<p data-start=\"595\" data-end=\"625\"><strong data-start=\"595\" data-end=\"617\">Capacidad nominal:<\/strong> 4.4Ah<\/p>\n<\/li>\n<li data-start=\"626\" data-end=\"669\">\n<p data-start=\"628\" data-end=\"669\"><strong data-start=\"628\" data-end=\"643\">Tecnolog\u00eda:<\/strong> AGM (sin mantenimiento)<\/p>\n<\/li>\n<li data-start=\"670\" data-end=\"734\">\n<p data-start=\"672\" data-end=\"734\"><strong data-start=\"672\" data-end=\"681\">Tipo:<\/strong> VRLA (Bater\u00eda de Plomo \u00c1cido Regulada por V\u00e1lvula)<\/p>\n<\/li>\n<li data-start=\"735\" data-end=\"884\">\n<p data-start=\"737\" data-end=\"884\"><strong data-start=\"737\" data-end=\"754\">Aplicaciones:<\/strong> Sistemas de respaldo UPS, juguetes el\u00e9ctricos, linternas recargables, sistemas de seguridad, alarmas, iluminaci\u00f3n de emergencia<\/p>\n<\/li>\n<li data-start=\"885\" data-end=\"918\">\n<p data-start=\"887\" data-end=\"918\"><strong data-start=\"887\" data-end=\"916\">Dise\u00f1o compacto y liviano<\/strong><\/p>\n<\/li>\n<li data-start=\"919\" data-end=\"971\">\n<p data-start=\"921\" data-end=\"971\"><strong data-start=\"921\" data-end=\"944\">Vida \u00fatil esperada:<\/strong> 3\u20135 a\u00f1os en uso flotante<\/p>\n<\/li>\n<li data-start=\"972\" data-end=\"1028\">\n<p data-start=\"974\" data-end=\"1028\"><strong data-start=\"974\" data-end=\"986\">Montaje:<\/strong> En cualquier posici\u00f3n (excepto invertida)<\/p>\n<\/li>\n<\/ul>","protected":false},"excerpt":{"rendered":"<p data-start=\"1066\" data-end=\"1206\">Bater\u00eda sellada AGM de 6V y 4.4Ah, compacta, libre de mantenimiento y perfecta para sistemas de respaldo, alarmas y dispositivos port\u00e1tiles.<\/p>","protected":false},"featured_media":272,"comment_status":"open","ping_status":"closed","template":"","meta":[],"product_brand":[],"product_cat":[33],"product_tag":[],"class_list":{"0":"post-271","1":"product","2":"type-product","3":"status-publish","4":"has-post-thumbnail","6":"product_cat-baterias-agm-ciclo-profundo","8":"first","9":"instock","10":"sale","11":"taxable","12":"shipping-taxable","13":"purchasable","14":"product-type-simple"},"_links":{"self":[{"href":"https:\/\/www.vicsun.pe\/en\/wp-json\/wp\/v2\/product\/271","targetHints":{"allow":["GET"]}}],"collection":[{"href":"https:\/\/www.vicsun.pe\/en\/wp-json\/wp\/v2\/product"}],"about":[{"href":"https:\/\/www.vicsun.pe\/en\/wp-json\/wp\/v2\/types\/product"}],"replies":[{"embeddable":true,"href":"https:\/\/www.vicsun.pe\/en\/wp-json\/wp\/v2\/comments?post=271"}],"wp:featuredmedia":[{"embeddable":true,"href":"https:\/\/www.vicsun.pe\/en\/wp-json\/wp\/v2\/media\/272"}],"wp:attachment":[{"href":"https:\/\/www.vicsun.pe\/en\/wp-json\/wp\/v2\/media?parent=271"}],"wp:term":[{"taxonomy":"product_brand","embeddable":true,"href":"https:\/\/www.vicsun.pe\/en\/wp-json\/wp\/v2\/product_brand?post=271"},{"taxonomy":"product_cat","embeddable":true,"href":"https:\/\/www.vicsun.pe\/en\/wp-json\/wp\/v2\/product_cat?post=271"},{"taxonomy":"product_tag","embeddable":true,"href":"https:\/\/www.vicsun.pe\/en\/wp-json\/wp\/v2\/product_tag?post=271"}],"curies":[{"name":"wp","href":"https:\/\/api.w.org\/{rel}","templated":true}]}}