{"id":273,"date":"2025-06-04T15:54:34","date_gmt":"2025-06-04T20:54:34","guid":{"rendered":"https:\/\/www.vicsun.pe\/?post_type=product&#038;p=273"},"modified":"2026-03-26T12:18:25","modified_gmt":"2026-03-26T17:18:25","slug":"js6-4ah-serie-js-agm","status":"publish","type":"product","link":"https:\/\/www.vicsun.pe\/en\/producto\/js6-4ah-serie-js-agm\/","title":{"rendered":"JS6-4AH SERIE JS AGM"},"content":{"rendered":"<p data-start=\"185\" data-end=\"596\">La bater\u00eda <strong data-start=\"196\" data-end=\"207\">JS6-4AH<\/strong> de 6V y 4Ah es una soluci\u00f3n eficiente de energ\u00eda con tecnolog\u00eda <strong data-start=\"272\" data-end=\"301\">AGM (Absorbent Glass Mat)<\/strong>, dise\u00f1ada para garantizar un rendimiento estable, confiable y sin mantenimiento. Pertenece a la <strong data-start=\"398\" data-end=\"410\">Serie JS<\/strong>, reconocida por su durabilidad, bajo nivel de autodescarga y capacidad de instalaci\u00f3n vers\u00e1til. Ideal para aplicaciones de respaldo, iluminaci\u00f3n de emergencia y dispositivos port\u00e1tiles.<\/p>\n<h4 data-start=\"598\" data-end=\"636\">\ud83d\udd27 <strong data-start=\"606\" data-end=\"636\">Especificaciones t\u00e9cnicas:<\/strong><\/h4>\n<ul data-start=\"637\" data-end=\"1092\">\n<li data-start=\"637\" data-end=\"664\">\n<p data-start=\"639\" data-end=\"664\"><strong data-start=\"639\" data-end=\"659\">Voltaje nominal:<\/strong> 6V<\/p>\n<\/li>\n<li data-start=\"665\" data-end=\"695\">\n<p data-start=\"667\" data-end=\"695\"><strong data-start=\"667\" data-end=\"689\">Capacidad nominal:<\/strong> 4Ah<\/p>\n<\/li>\n<li data-start=\"696\" data-end=\"748\">\n<p data-start=\"698\" data-end=\"748\"><strong data-start=\"698\" data-end=\"713\">Tecnolog\u00eda:<\/strong> AGM (sin mantenimiento, sellada)<\/p>\n<\/li>\n<li data-start=\"749\" data-end=\"802\">\n<p data-start=\"751\" data-end=\"802\"><strong data-start=\"751\" data-end=\"760\">Tipo:<\/strong> VRLA (Plomo-\u00e1cido regulada por v\u00e1lvula)<\/p>\n<\/li>\n<li data-start=\"803\" data-end=\"935\">\n<p data-start=\"805\" data-end=\"935\"><strong data-start=\"805\" data-end=\"830\">Aplicaciones comunes:<\/strong> UPS, sistemas de seguridad, juguetes el\u00e9ctricos, l\u00e1mparas recargables, dispositivos m\u00e9dicos port\u00e1tiles<\/p>\n<\/li>\n<li data-start=\"936\" data-end=\"990\">\n<p data-start=\"938\" data-end=\"990\"><strong data-start=\"938\" data-end=\"961\">Vida \u00fatil estimada:<\/strong> 3 a 5 a\u00f1os en uso flotante<\/p>\n<\/li>\n<li data-start=\"991\" data-end=\"1050\">\n<p data-start=\"993\" data-end=\"1050\"><strong data-start=\"993\" data-end=\"1048\">Montaje en m\u00faltiples posiciones (excepto invertida)<\/strong><\/p>\n<\/li>\n<li data-start=\"1051\" data-end=\"1092\">\n<p data-start=\"1053\" data-end=\"1092\"><strong data-start=\"1053\" data-end=\"1092\">Alta eficiencia de carga y descarga<\/strong><\/p>\n<\/li>\n<\/ul>","protected":false},"excerpt":{"rendered":"<p data-start=\"1130\" data-end=\"1252\">Bater\u00eda AGM sellada de 6V y 4Ah, ideal para respaldo energ\u00e9tico y aplicaciones port\u00e1tiles, sin necesidad de mantenimiento.<\/p>","protected":false},"featured_media":274,"comment_status":"open","ping_status":"closed","template":"","meta":[],"product_brand":[],"product_cat":[33],"product_tag":[],"class_list":{"0":"post-273","1":"product","2":"type-product","3":"status-publish","4":"has-post-thumbnail","6":"product_cat-baterias-agm-ciclo-profundo","8":"first","9":"instock","10":"sale","11":"taxable","12":"shipping-taxable","13":"purchasable","14":"product-type-simple"},"_links":{"self":[{"href":"https:\/\/www.vicsun.pe\/en\/wp-json\/wp\/v2\/product\/273","targetHints":{"allow":["GET"]}}],"collection":[{"href":"https:\/\/www.vicsun.pe\/en\/wp-json\/wp\/v2\/product"}],"about":[{"href":"https:\/\/www.vicsun.pe\/en\/wp-json\/wp\/v2\/types\/product"}],"replies":[{"embeddable":true,"href":"https:\/\/www.vicsun.pe\/en\/wp-json\/wp\/v2\/comments?post=273"}],"wp:featuredmedia":[{"embeddable":true,"href":"https:\/\/www.vicsun.pe\/en\/wp-json\/wp\/v2\/media\/274"}],"wp:attachment":[{"href":"https:\/\/www.vicsun.pe\/en\/wp-json\/wp\/v2\/media?parent=273"}],"wp:term":[{"taxonomy":"product_brand","embeddable":true,"href":"https:\/\/www.vicsun.pe\/en\/wp-json\/wp\/v2\/product_brand?post=273"},{"taxonomy":"product_cat","embeddable":true,"href":"https:\/\/www.vicsun.pe\/en\/wp-json\/wp\/v2\/product_cat?post=273"},{"taxonomy":"product_tag","embeddable":true,"href":"https:\/\/www.vicsun.pe\/en\/wp-json\/wp\/v2\/product_tag?post=273"}],"curies":[{"name":"wp","href":"https:\/\/api.w.org\/{rel}","templated":true}]}}