{"id":281,"date":"2025-06-04T16:43:44","date_gmt":"2025-06-04T21:43:44","guid":{"rendered":"https:\/\/www.vicsun.pe\/?post_type=product&#038;p=281"},"modified":"2026-03-26T12:17:00","modified_gmt":"2026-03-26T17:17:00","slug":"js6-10ah-serie-js-agm","status":"publish","type":"product","link":"https:\/\/www.vicsun.pe\/en\/producto\/js6-10ah-serie-js-agm\/","title":{"rendered":"JS6-10AH: SERIE JS AGM"},"content":{"rendered":"<p data-start=\"151\" data-end=\"478\">La <strong data-start=\"154\" data-end=\"166\">JS6-10AH<\/strong> es una bater\u00eda sellada de <strong data-start=\"193\" data-end=\"225\">6 voltios y 10 amperios-hora<\/strong>, desarrollada con tecnolog\u00eda <strong data-start=\"255\" data-end=\"284\">AGM (Absorbent Glass Mat)<\/strong>, que asegura una excelente eficiencia de carga\/descarga, seguridad y durabilidad. Es ideal para sistemas de respaldo, equipos m\u00e9dicos, juguetes el\u00e9ctricos, se\u00f1alizaci\u00f3n y sistemas de seguridad.<\/p>\n<h4 data-start=\"480\" data-end=\"518\">\ud83d\udd27 <strong data-start=\"488\" data-end=\"518\">Especificaciones t\u00e9cnicas:<\/strong><\/h4>\n<ul data-start=\"519\" data-end=\"932\">\n<li data-start=\"519\" data-end=\"546\">\n<p data-start=\"521\" data-end=\"546\"><strong data-start=\"521\" data-end=\"541\">Voltaje nominal:<\/strong> 6V<\/p>\n<\/li>\n<li data-start=\"547\" data-end=\"578\">\n<p data-start=\"549\" data-end=\"578\"><strong data-start=\"549\" data-end=\"571\">Capacidad nominal:<\/strong> 10Ah<\/p>\n<\/li>\n<li data-start=\"579\" data-end=\"622\">\n<p data-start=\"581\" data-end=\"622\"><strong data-start=\"581\" data-end=\"596\">Tecnolog\u00eda:<\/strong> AGM (sin mantenimiento)<\/p>\n<\/li>\n<li data-start=\"623\" data-end=\"697\">\n<p data-start=\"625\" data-end=\"697\"><strong data-start=\"625\" data-end=\"634\">Tipo:<\/strong> VRLA \u2013 bater\u00eda de plomo-\u00e1cido sellada y regulada por v\u00e1lvula<\/p>\n<\/li>\n<li data-start=\"698\" data-end=\"801\">\n<p data-start=\"700\" data-end=\"801\"><strong data-start=\"700\" data-end=\"717\">Aplicaciones:<\/strong> juguetes el\u00e9ctricos, UPS, iluminaci\u00f3n de emergencia, alarmas, sistemas port\u00e1tiles<\/p>\n<\/li>\n<li data-start=\"802\" data-end=\"868\">\n<p data-start=\"804\" data-end=\"868\"><strong data-start=\"804\" data-end=\"866\">Uso en posici\u00f3n m\u00faltiple, resistente a fugas y vibraciones<\/strong><\/p>\n<\/li>\n<li data-start=\"869\" data-end=\"932\">\n<p data-start=\"871\" data-end=\"932\"><strong data-start=\"871\" data-end=\"932\">Larga vida \u00fatil en aplicaciones de flotaci\u00f3n (3 a 5 a\u00f1os)<\/strong><\/p>\n<\/li>\n<\/ul>","protected":false},"excerpt":{"rendered":"<p data-start=\"970\" data-end=\"1076\">Bater\u00eda AGM 6V 10Ah sin mantenimiento, ideal para juguetes el\u00e9ctricos, alarmas, UPS y equipos de respaldo.<\/p>","protected":false},"featured_media":282,"comment_status":"open","ping_status":"closed","template":"","meta":[],"product_brand":[],"product_cat":[33],"product_tag":[],"class_list":{"0":"post-281","1":"product","2":"type-product","3":"status-publish","4":"has-post-thumbnail","6":"product_cat-baterias-agm-ciclo-profundo","8":"first","9":"instock","10":"sale","11":"taxable","12":"shipping-taxable","13":"purchasable","14":"product-type-simple"},"_links":{"self":[{"href":"https:\/\/www.vicsun.pe\/en\/wp-json\/wp\/v2\/product\/281","targetHints":{"allow":["GET"]}}],"collection":[{"href":"https:\/\/www.vicsun.pe\/en\/wp-json\/wp\/v2\/product"}],"about":[{"href":"https:\/\/www.vicsun.pe\/en\/wp-json\/wp\/v2\/types\/product"}],"replies":[{"embeddable":true,"href":"https:\/\/www.vicsun.pe\/en\/wp-json\/wp\/v2\/comments?post=281"}],"wp:featuredmedia":[{"embeddable":true,"href":"https:\/\/www.vicsun.pe\/en\/wp-json\/wp\/v2\/media\/282"}],"wp:attachment":[{"href":"https:\/\/www.vicsun.pe\/en\/wp-json\/wp\/v2\/media?parent=281"}],"wp:term":[{"taxonomy":"product_brand","embeddable":true,"href":"https:\/\/www.vicsun.pe\/en\/wp-json\/wp\/v2\/product_brand?post=281"},{"taxonomy":"product_cat","embeddable":true,"href":"https:\/\/www.vicsun.pe\/en\/wp-json\/wp\/v2\/product_cat?post=281"},{"taxonomy":"product_tag","embeddable":true,"href":"https:\/\/www.vicsun.pe\/en\/wp-json\/wp\/v2\/product_tag?post=281"}],"curies":[{"name":"wp","href":"https:\/\/api.w.org\/{rel}","templated":true}]}}