{"id":291,"date":"2025-06-04T16:59:51","date_gmt":"2025-06-04T21:59:51","guid":{"rendered":"https:\/\/www.vicsun.pe\/?post_type=product&#038;p=291"},"modified":"2026-03-26T12:14:21","modified_gmt":"2026-03-26T17:14:21","slug":"js12-7ah-serie-js-agm","status":"publish","type":"product","link":"https:\/\/www.vicsun.pe\/en\/producto\/js12-7ah-serie-js-agm\/","title":{"rendered":"JS12-7AH: SERIE JS AGM"},"content":{"rendered":"<p data-start=\"173\" data-end=\"621\">La <strong data-start=\"176\" data-end=\"188\">JS12-7AH<\/strong> es una bater\u00eda sellada tipo AGM con tecnolog\u00eda VRLA, de <strong data-start=\"245\" data-end=\"277\">12 voltios y 7 amperios-hora<\/strong>, dise\u00f1ada para aplicaciones que demandan energ\u00eda estable, durabilidad y seguridad. Su fabricaci\u00f3n con separadores de fibra de vidrio absorbente (AGM) permite una mejor eficiencia y rendimiento en ciclos de descarga y recarga, haci\u00e9ndola ideal para sistemas de respaldo, telecomunicaciones, alarmas, iluminaci\u00f3n de emergencia y equipos m\u00e9dicos.<\/p>\n<h4 data-start=\"623\" data-end=\"661\">\ud83d\udd27 <strong data-start=\"631\" data-end=\"661\">Especificaciones t\u00e9cnicas:<\/strong><\/h4>\n<ul data-start=\"662\" data-end=\"1053\">\n<li data-start=\"662\" data-end=\"690\">\n<p data-start=\"664\" data-end=\"690\"><strong data-start=\"664\" data-end=\"684\">Voltaje nominal:<\/strong> 12V<\/p>\n<\/li>\n<li data-start=\"691\" data-end=\"713\">\n<p data-start=\"693\" data-end=\"713\"><strong data-start=\"693\" data-end=\"707\">Capacidad:<\/strong> 7Ah<\/p>\n<\/li>\n<li data-start=\"714\" data-end=\"759\">\n<p data-start=\"716\" data-end=\"759\"><strong data-start=\"716\" data-end=\"731\">Tecnolog\u00eda:<\/strong> AGM (Absorbent Glass Mat)<\/p>\n<\/li>\n<li data-start=\"760\" data-end=\"818\">\n<p data-start=\"762\" data-end=\"818\"><strong data-start=\"762\" data-end=\"771\">Tipo:<\/strong> Bater\u00eda sellada VRLA, libre de mantenimiento<\/p>\n<\/li>\n<li data-start=\"819\" data-end=\"878\">\n<p data-start=\"821\" data-end=\"878\"><strong data-start=\"821\" data-end=\"876\">Montaje en m\u00faltiples posiciones (excepto invertida)<\/strong><\/p>\n<\/li>\n<li data-start=\"879\" data-end=\"937\">\n<p data-start=\"881\" data-end=\"937\"><strong data-start=\"881\" data-end=\"935\">Vida \u00fatil prolongada con baja tasa de autodescarga<\/strong><\/p>\n<\/li>\n<li data-start=\"938\" data-end=\"1053\">\n<p data-start=\"940\" data-end=\"1053\"><strong data-start=\"940\" data-end=\"965\">Aplicaciones comunes:<\/strong> UPS, alarmas, luces de emergencia, juguetes el\u00e9ctricos, CCTV, sistemas solares peque\u00f1os<\/p>\n<\/li>\n<\/ul>","protected":false},"excerpt":{"rendered":"<p data-start=\"1091\" data-end=\"1201\">Bater\u00eda AGM 12V 7Ah, sellada y confiable para respaldo en UPS, alarmas, luces de emergencia y equipos solares.<\/p>","protected":false},"featured_media":292,"comment_status":"open","ping_status":"closed","template":"","meta":[],"product_brand":[],"product_cat":[33],"product_tag":[],"class_list":{"0":"post-291","1":"product","2":"type-product","3":"status-publish","4":"has-post-thumbnail","6":"product_cat-baterias-agm-ciclo-profundo","8":"first","9":"instock","10":"sale","11":"taxable","12":"shipping-taxable","13":"purchasable","14":"product-type-simple"},"_links":{"self":[{"href":"https:\/\/www.vicsun.pe\/en\/wp-json\/wp\/v2\/product\/291","targetHints":{"allow":["GET"]}}],"collection":[{"href":"https:\/\/www.vicsun.pe\/en\/wp-json\/wp\/v2\/product"}],"about":[{"href":"https:\/\/www.vicsun.pe\/en\/wp-json\/wp\/v2\/types\/product"}],"replies":[{"embeddable":true,"href":"https:\/\/www.vicsun.pe\/en\/wp-json\/wp\/v2\/comments?post=291"}],"wp:featuredmedia":[{"embeddable":true,"href":"https:\/\/www.vicsun.pe\/en\/wp-json\/wp\/v2\/media\/292"}],"wp:attachment":[{"href":"https:\/\/www.vicsun.pe\/en\/wp-json\/wp\/v2\/media?parent=291"}],"wp:term":[{"taxonomy":"product_brand","embeddable":true,"href":"https:\/\/www.vicsun.pe\/en\/wp-json\/wp\/v2\/product_brand?post=291"},{"taxonomy":"product_cat","embeddable":true,"href":"https:\/\/www.vicsun.pe\/en\/wp-json\/wp\/v2\/product_cat?post=291"},{"taxonomy":"product_tag","embeddable":true,"href":"https:\/\/www.vicsun.pe\/en\/wp-json\/wp\/v2\/product_tag?post=291"}],"curies":[{"name":"wp","href":"https:\/\/api.w.org\/{rel}","templated":true}]}}