{"id":293,"date":"2025-06-04T17:01:19","date_gmt":"2025-06-04T22:01:19","guid":{"rendered":"https:\/\/www.vicsun.pe\/?post_type=product&#038;p=293"},"modified":"2026-03-26T12:14:09","modified_gmt":"2026-03-26T17:14:09","slug":"js12-7-2ah-serie-js-agm","status":"publish","type":"product","link":"https:\/\/www.vicsun.pe\/en\/producto\/js12-7-2ah-serie-js-agm\/","title":{"rendered":"JS12-7.2AH: SERIE JS AGM"},"content":{"rendered":"<p data-start=\"182\" data-end=\"681\">La <strong data-start=\"185\" data-end=\"199\">JS12-7.2AH<\/strong> es una bater\u00eda de plomo-\u00e1cido sellada tipo AGM (Absorbent Glass Mat) con tecnolog\u00eda VRLA, con una capacidad nominal de <strong data-start=\"319\" data-end=\"334\">12V y 7.2Ah<\/strong>. Dise\u00f1ada para ofrecer <strong data-start=\"358\" data-end=\"383\">rendimiento constante<\/strong>, confiabilidad y cero mantenimiento, esta bater\u00eda es ideal para sistemas de energ\u00eda de respaldo, telecomunicaciones, sistemas de seguridad, iluminaci\u00f3n de emergencia y peque\u00f1os sistemas solares. Su construcci\u00f3n sellada permite operar en diversas posiciones (excepto invertida) sin riesgo de fugas.<\/p>\n<h4 data-start=\"683\" data-end=\"721\">\ud83d\udd27 <strong data-start=\"691\" data-end=\"721\">Especificaciones t\u00e9cnicas:<\/strong><\/h4>\n<ul data-start=\"722\" data-end=\"1015\">\n<li data-start=\"722\" data-end=\"750\">\n<p data-start=\"724\" data-end=\"750\"><strong data-start=\"724\" data-end=\"744\">Voltaje nominal:<\/strong> 12V<\/p>\n<\/li>\n<li data-start=\"751\" data-end=\"775\">\n<p data-start=\"753\" data-end=\"775\"><strong data-start=\"753\" data-end=\"767\">Capacidad:<\/strong> 7.2Ah<\/p>\n<\/li>\n<li data-start=\"776\" data-end=\"829\">\n<p data-start=\"778\" data-end=\"829\"><strong data-start=\"778\" data-end=\"793\">Tecnolog\u00eda:<\/strong> AGM VRLA (libre de mantenimiento)<\/p>\n<\/li>\n<li data-start=\"830\" data-end=\"860\">\n<p data-start=\"832\" data-end=\"860\"><strong data-start=\"832\" data-end=\"858\">Sellada y sin derrames<\/strong><\/p>\n<\/li>\n<li data-start=\"861\" data-end=\"904\">\n<p data-start=\"863\" data-end=\"904\"><strong data-start=\"863\" data-end=\"902\">Baja autodescarga y larga vida \u00fatil<\/strong><\/p>\n<\/li>\n<li data-start=\"905\" data-end=\"1015\">\n<p data-start=\"907\" data-end=\"1015\"><strong data-start=\"907\" data-end=\"927\">Uso recomendado:<\/strong> UPS, alarmas, sistemas solares peque\u00f1os, juguetes el\u00e9ctricos, CCTV, luces de emergencia<\/p>\n<\/li>\n<\/ul>","protected":false},"excerpt":{"rendered":"<p data-start=\"1053\" data-end=\"1159\">Bater\u00eda AGM 12V 7.2Ah sellada, ideal para respaldo de energ\u00eda en UPS, alarmas y sistemas solares peque\u00f1os.<\/p>","protected":false},"featured_media":294,"comment_status":"open","ping_status":"closed","template":"","meta":[],"product_brand":[],"product_cat":[33],"product_tag":[],"class_list":{"0":"post-293","1":"product","2":"type-product","3":"status-publish","4":"has-post-thumbnail","6":"product_cat-baterias-agm-ciclo-profundo","8":"first","9":"instock","10":"taxable","11":"shipping-taxable","12":"purchasable","13":"product-type-simple"},"_links":{"self":[{"href":"https:\/\/www.vicsun.pe\/en\/wp-json\/wp\/v2\/product\/293","targetHints":{"allow":["GET"]}}],"collection":[{"href":"https:\/\/www.vicsun.pe\/en\/wp-json\/wp\/v2\/product"}],"about":[{"href":"https:\/\/www.vicsun.pe\/en\/wp-json\/wp\/v2\/types\/product"}],"replies":[{"embeddable":true,"href":"https:\/\/www.vicsun.pe\/en\/wp-json\/wp\/v2\/comments?post=293"}],"wp:featuredmedia":[{"embeddable":true,"href":"https:\/\/www.vicsun.pe\/en\/wp-json\/wp\/v2\/media\/294"}],"wp:attachment":[{"href":"https:\/\/www.vicsun.pe\/en\/wp-json\/wp\/v2\/media?parent=293"}],"wp:term":[{"taxonomy":"product_brand","embeddable":true,"href":"https:\/\/www.vicsun.pe\/en\/wp-json\/wp\/v2\/product_brand?post=293"},{"taxonomy":"product_cat","embeddable":true,"href":"https:\/\/www.vicsun.pe\/en\/wp-json\/wp\/v2\/product_cat?post=293"},{"taxonomy":"product_tag","embeddable":true,"href":"https:\/\/www.vicsun.pe\/en\/wp-json\/wp\/v2\/product_tag?post=293"}],"curies":[{"name":"wp","href":"https:\/\/api.w.org\/{rel}","templated":true}]}}