{"id":295,"date":"2025-06-04T17:03:27","date_gmt":"2025-06-04T22:03:27","guid":{"rendered":"https:\/\/www.vicsun.pe\/?post_type=product&#038;p=295"},"modified":"2026-03-26T12:13:55","modified_gmt":"2026-03-26T17:13:55","slug":"js12-9ah-serie-js-agm","status":"publish","type":"product","link":"https:\/\/www.vicsun.pe\/en\/producto\/js12-9ah-serie-js-agm\/","title":{"rendered":"JS12-9AH: SERIE JS AGM"},"content":{"rendered":"<p data-start=\"163\" data-end=\"609\">La <strong data-start=\"166\" data-end=\"178\">JS12-9AH<\/strong> es una bater\u00eda sellada de plomo-\u00e1cido con tecnolog\u00eda <strong data-start=\"232\" data-end=\"244\">AGM VRLA<\/strong>, de <strong data-start=\"249\" data-end=\"262\">12V y 9Ah<\/strong> de capacidad. Esta bater\u00eda libre de mantenimiento ofrece <strong data-start=\"320\" data-end=\"342\">alta confiabilidad<\/strong>, bajo nivel de autodescarga y un rendimiento excelente en aplicaciones de respaldo de energ\u00eda. Su dise\u00f1o compacto la hace ideal para <strong data-start=\"476\" data-end=\"492\">sistemas UPS<\/strong>, <strong data-start=\"494\" data-end=\"505\">alarmas<\/strong>, <strong data-start=\"507\" data-end=\"536\">iluminaci\u00f3n de emergencia<\/strong>, <strong data-start=\"538\" data-end=\"557\">equipos m\u00e9dicos<\/strong>, <strong data-start=\"559\" data-end=\"581\">telecomunicaciones<\/strong> y sistemas solares b\u00e1sicos.<\/p>\n<h4 data-start=\"611\" data-end=\"649\">\ud83d\udd27 <strong data-start=\"619\" data-end=\"649\">Especificaciones t\u00e9cnicas:<\/strong><\/h4>\n<ul data-start=\"650\" data-end=\"928\">\n<li data-start=\"650\" data-end=\"678\">\n<p data-start=\"652\" data-end=\"678\"><strong data-start=\"652\" data-end=\"672\">Voltaje nominal:<\/strong> 12V<\/p>\n<\/li>\n<li data-start=\"679\" data-end=\"701\">\n<p data-start=\"681\" data-end=\"701\"><strong data-start=\"681\" data-end=\"695\">Capacidad:<\/strong> 9Ah<\/p>\n<\/li>\n<li data-start=\"702\" data-end=\"750\">\n<p data-start=\"704\" data-end=\"750\"><strong data-start=\"704\" data-end=\"719\">Tecnolog\u00eda:<\/strong> AGM VRLA (sin mantenimiento)<\/p>\n<\/li>\n<li data-start=\"751\" data-end=\"792\">\n<p data-start=\"753\" data-end=\"792\"><strong data-start=\"753\" data-end=\"790\">Tipo sellado, sin riesgo de fugas<\/strong><\/p>\n<\/li>\n<li data-start=\"793\" data-end=\"836\">\n<p data-start=\"795\" data-end=\"836\"><strong data-start=\"795\" data-end=\"834\">Vida \u00fatil prolongada y carga r\u00e1pida<\/strong><\/p>\n<\/li>\n<li data-start=\"837\" data-end=\"928\">\n<p data-start=\"839\" data-end=\"928\"><strong data-start=\"839\" data-end=\"856\">Aplicaciones:<\/strong> UPS, CCTV, sistemas de alarma, luces de emergencia, energ\u00edas renovables<\/p>\n<\/li>\n<\/ul>","protected":false},"excerpt":{"rendered":"<p data-start=\"966\" data-end=\"1079\">Bater\u00eda sellada AGM 12V 9Ah, libre de mantenimiento, para respaldo de energ\u00eda en UPS, alarmas y sistemas solares.<\/p>","protected":false},"featured_media":296,"comment_status":"open","ping_status":"closed","template":"","meta":[],"product_brand":[],"product_cat":[33],"product_tag":[],"class_list":{"0":"post-295","1":"product","2":"type-product","3":"status-publish","4":"has-post-thumbnail","6":"product_cat-baterias-agm-ciclo-profundo","8":"first","9":"instock","10":"sale","11":"taxable","12":"shipping-taxable","13":"purchasable","14":"product-type-simple"},"_links":{"self":[{"href":"https:\/\/www.vicsun.pe\/en\/wp-json\/wp\/v2\/product\/295","targetHints":{"allow":["GET"]}}],"collection":[{"href":"https:\/\/www.vicsun.pe\/en\/wp-json\/wp\/v2\/product"}],"about":[{"href":"https:\/\/www.vicsun.pe\/en\/wp-json\/wp\/v2\/types\/product"}],"replies":[{"embeddable":true,"href":"https:\/\/www.vicsun.pe\/en\/wp-json\/wp\/v2\/comments?post=295"}],"wp:featuredmedia":[{"embeddable":true,"href":"https:\/\/www.vicsun.pe\/en\/wp-json\/wp\/v2\/media\/296"}],"wp:attachment":[{"href":"https:\/\/www.vicsun.pe\/en\/wp-json\/wp\/v2\/media?parent=295"}],"wp:term":[{"taxonomy":"product_brand","embeddable":true,"href":"https:\/\/www.vicsun.pe\/en\/wp-json\/wp\/v2\/product_brand?post=295"},{"taxonomy":"product_cat","embeddable":true,"href":"https:\/\/www.vicsun.pe\/en\/wp-json\/wp\/v2\/product_cat?post=295"},{"taxonomy":"product_tag","embeddable":true,"href":"https:\/\/www.vicsun.pe\/en\/wp-json\/wp\/v2\/product_tag?post=295"}],"curies":[{"name":"wp","href":"https:\/\/api.w.org\/{rel}","templated":true}]}}