{"id":914,"date":"2025-09-08T11:45:57","date_gmt":"2025-09-08T16:45:57","guid":{"rendered":"https:\/\/www.vicsun.pe\/?post_type=product&#038;p=914"},"modified":"2025-09-08T11:45:57","modified_gmt":"2025-09-08T16:45:57","slug":"adap-15cm-din-5p-mach-a-mini-din-6p-hembra","status":"publish","type":"product","link":"https:\/\/www.vicsun.pe\/en\/producto\/adap-15cm-din-5p-mach-a-mini-din-6p-hembra\/","title":{"rendered":"ADAP 15CM DIN 5P MACH A MINI DIN 6P HEMBRA"},"content":{"rendered":"<p>El ADAP 15CM DIN 5P MACH A MINI DIN 6P HEMBRA es un adaptador con cable de 15 cm que permite la conversi\u00f3n entre conectores DIN de 5 pines macho y Mini DIN de 6 pines hembra. Dise\u00f1ado para facilitar la compatibilidad entre dispositivos electr\u00f3nicos y de computaci\u00f3n, ofrece una conexi\u00f3n confiable y segura con mayor flexibilidad gracias a su extensi\u00f3n de cable.<\/p>\n<p>\ud83d\udd27 Especificaciones t\u00e9cnicas:<\/p>\n<p>Entrada: DIN Macho 5 pines<\/p>\n<p>Salida: Mini DIN Hembra 6 pines<\/p>\n<p>Longitud del cable: 15 cm<\/p>\n<p>Material: cubierta pl\u00e1stica flexible y conectores met\u00e1licos de alta durabilidad<\/p>\n<p>Conexi\u00f3n estable y sin p\u00e9rdida de se\u00f1al<\/p>\n<p>Instalaci\u00f3n sencilla, plug &amp; play<\/p>\n<p>\u26a1 Aplicaciones:<br \/>\nIdeal para la interconexi\u00f3n de equipos de c\u00f3mputo, perif\u00e9ricos antiguos, sistemas de audio, teclados y dispositivos de comunicaci\u00f3n que requieren compatibilidad entre formatos DIN y Mini DIN.<\/p>","protected":false},"excerpt":{"rendered":"<p data-start=\"1011\" data-end=\"1199\">Adaptador DIN macho 5 pines a Mini DIN hembra 6 pines con cable de 15 cm, pr\u00e1ctico para conexiones seguras y flexibles entre equipos de c\u00f3mputo y perif\u00e9ricos.<\/p>","protected":false},"featured_media":911,"comment_status":"open","ping_status":"closed","template":"","meta":[],"product_brand":[],"product_cat":[46],"product_tag":[],"class_list":{"0":"post-914","1":"product","2":"type-product","3":"status-publish","4":"has-post-thumbnail","6":"product_cat-adaptadores","8":"first","9":"instock","10":"sale","11":"taxable","12":"shipping-taxable","13":"purchasable","14":"product-type-simple"},"_links":{"self":[{"href":"https:\/\/www.vicsun.pe\/en\/wp-json\/wp\/v2\/product\/914","targetHints":{"allow":["GET"]}}],"collection":[{"href":"https:\/\/www.vicsun.pe\/en\/wp-json\/wp\/v2\/product"}],"about":[{"href":"https:\/\/www.vicsun.pe\/en\/wp-json\/wp\/v2\/types\/product"}],"replies":[{"embeddable":true,"href":"https:\/\/www.vicsun.pe\/en\/wp-json\/wp\/v2\/comments?post=914"}],"wp:featuredmedia":[{"embeddable":true,"href":"https:\/\/www.vicsun.pe\/en\/wp-json\/wp\/v2\/media\/911"}],"wp:attachment":[{"href":"https:\/\/www.vicsun.pe\/en\/wp-json\/wp\/v2\/media?parent=914"}],"wp:term":[{"taxonomy":"product_brand","embeddable":true,"href":"https:\/\/www.vicsun.pe\/en\/wp-json\/wp\/v2\/product_brand?post=914"},{"taxonomy":"product_cat","embeddable":true,"href":"https:\/\/www.vicsun.pe\/en\/wp-json\/wp\/v2\/product_cat?post=914"},{"taxonomy":"product_tag","embeddable":true,"href":"https:\/\/www.vicsun.pe\/en\/wp-json\/wp\/v2\/product_tag?post=914"}],"curies":[{"name":"wp","href":"https:\/\/api.w.org\/{rel}","templated":true}]}}