{"id":995,"date":"2025-11-05T11:04:04","date_gmt":"2025-11-05T16:04:04","guid":{"rendered":"https:\/\/www.vicsun.pe\/?post_type=product&#038;p=995"},"modified":"2025-11-05T11:24:14","modified_gmt":"2025-11-05T16:24:14","slug":"kzy-84-redondo-84","status":"publish","type":"product","link":"https:\/\/www.vicsun.pe\/en\/producto\/kzy-84-redondo-84\/","title":{"rendered":"KZY-8*4 REDONDO 8*4"},"content":{"rendered":"<p data-start=\"0\" data-end=\"294\">El <strong data-start=\"3\" data-end=\"43\">Im\u00e1n de Neodimio Redondo 8\u00d74 KZY-8*4<\/strong> es un im\u00e1n compacto y potente dise\u00f1ado para ofrecer una excelente fuerza de atracci\u00f3n en aplicaciones de precisi\u00f3n. Fabricado con material de neodimio (NdFeB), garantiza un rendimiento magn\u00e9tico superior en comparaci\u00f3n con los imanes tradicionales.<\/p>\n<p data-start=\"296\" data-end=\"331\">\ud83d\udd27 <strong data-start=\"299\" data-end=\"329\">Especificaciones t\u00e9cnicas:<\/strong><\/p>\n<ul data-start=\"332\" data-end=\"574\">\n<li data-start=\"332\" data-end=\"366\">\n<p data-start=\"334\" data-end=\"366\">Tipo: im\u00e1n de neodimio (NdFeB)<\/p>\n<\/li>\n<li data-start=\"367\" data-end=\"391\">\n<p data-start=\"369\" data-end=\"391\">Forma: disco redondo<\/p>\n<\/li>\n<li data-start=\"392\" data-end=\"415\">\n<p data-start=\"394\" data-end=\"415\">Dimensiones: 8\u00d74 mm<\/p>\n<\/li>\n<li data-start=\"416\" data-end=\"460\">\n<p data-start=\"418\" data-end=\"460\">Alta fuerza magn\u00e9tica en tama\u00f1o reducido<\/p>\n<\/li>\n<li data-start=\"461\" data-end=\"520\">\n<p data-start=\"463\" data-end=\"520\">Recubrimiento niquelado para resistencia a la corrosi\u00f3n<\/p>\n<\/li>\n<li data-start=\"521\" data-end=\"574\">\n<p data-start=\"523\" data-end=\"574\">Temperatura m\u00e1xima de operaci\u00f3n aproximada: 80 \u00b0C<\/p>\n<\/li>\n<\/ul>\n<p data-start=\"576\" data-end=\"778\">\u26a1 <strong data-start=\"578\" data-end=\"595\">Aplicaciones:<\/strong><br data-start=\"595\" data-end=\"598\" \/>Ideal para proyectos de rob\u00f3tica, sensores magn\u00e9ticos, cerraduras, experimentos educativos, maquetas, electr\u00f3nica y usos industriales que requieren imanes peque\u00f1os pero potentes.<\/p>","protected":false},"excerpt":{"rendered":"<article class=\"text-token-text-primary w-full focus:outline-none [--shadow-height:45px] has-data-writing-block:pointer-events-none has-data-writing-block:-mt-(--shadow-height) has-data-writing-block:pt-(--shadow-height) [&amp;:has([data-writing-block])&gt;*]:pointer-events-auto [content-visibility:auto] supports-[content-visibility:auto]:[contain-intrinsic-size:auto_100lvh] scroll-mt-[calc(var(--header-height)+min(200px,max(70px,20svh)))]\" dir=\"auto\" tabindex=\"-1\" data-turn-id=\"request-68b8aa5e-2310-832c-83b6-8fe399b957d9-0\" data-testid=\"conversation-turn-74\" data-scroll-anchor=\"false\" data-turn=\"assistant\">\n<div class=\"text-base my-auto mx-auto [--thread-content-margin:--spacing(4)] thread-sm:[--thread-content-margin:--spacing(6)] thread-lg:[--thread-content-margin:--spacing(16)] px-(--thread-content-margin)\">\n<div class=\"[--thread-content-max-width:40rem] thread-lg:[--thread-content-max-width:48rem] mx-auto max-w-(--thread-content-max-width) flex-1 group\/turn-messages focus-visible:outline-hidden relative flex w-full min-w-0 flex-col agent-turn\" tabindex=\"-1\">\n<div class=\"flex max-w-full flex-col grow\">\n<div class=\"min-h-8 text-message relative flex w-full flex-col items-end gap-2 text-start break-words whitespace-normal [.text-message+&amp;]:mt-1\" dir=\"auto\" data-message-author-role=\"assistant\" data-message-id=\"e5f9e736-adba-468d-8b9e-fe5cd0ce4fcd\" data-message-model-slug=\"gpt-5\">\n<div class=\"flex w-full flex-col gap-1 empty:hidden first:pt-[1px]\">\n<div class=\"markdown prose dark:prose-invert w-full break-words light markdown-new-styling\">\n<p data-start=\"780\" data-end=\"938\" data-is-last-node=\"\" data-is-only-node=\"\">Im\u00e1n redondo de neodimio 8\u00d74 mm, de gran potencia y durabilidad, perfecto para aplicaciones t\u00e9cnicas, electr\u00f3nicas y de precisi\u00f3n.<\/p>\n<\/div>\n<\/div>\n<\/div>\n<\/div>\n<div class=\"z-0 flex min-h-[46px] justify-start\"><\/div>\n<\/div>\n<\/div>\n<\/article>\n<article class=\"text-token-text-primary w-full focus:outline-none [--shadow-height:45px] has-data-writing-block:pointer-events-none has-data-writing-block:-mt-(--shadow-height) has-data-writing-block:pt-(--shadow-height) [&amp;:has([data-writing-block])&gt;*]:pointer-events-auto scroll-mt-(--header-height)\" dir=\"auto\" tabindex=\"-1\" data-turn-id=\"5f82d8f0-87f5-45b5-bbd0-fd64f2c332b1\" data-testid=\"conversation-turn-75\" data-scroll-anchor=\"false\" data-turn=\"user\">\n<h5 class=\"sr-only\"><\/h5>\n<\/article>\n","protected":false},"featured_media":996,"comment_status":"open","ping_status":"closed","template":"","meta":[],"product_brand":[],"product_cat":[54],"product_tag":[],"class_list":{"0":"post-995","1":"product","2":"type-product","3":"status-publish","4":"has-post-thumbnail","6":"product_cat-imanes","8":"first","9":"instock","10":"sale","11":"taxable","12":"shipping-taxable","13":"purchasable","14":"product-type-simple"},"_links":{"self":[{"href":"https:\/\/www.vicsun.pe\/en\/wp-json\/wp\/v2\/product\/995","targetHints":{"allow":["GET"]}}],"collection":[{"href":"https:\/\/www.vicsun.pe\/en\/wp-json\/wp\/v2\/product"}],"about":[{"href":"https:\/\/www.vicsun.pe\/en\/wp-json\/wp\/v2\/types\/product"}],"replies":[{"embeddable":true,"href":"https:\/\/www.vicsun.pe\/en\/wp-json\/wp\/v2\/comments?post=995"}],"wp:featuredmedia":[{"embeddable":true,"href":"https:\/\/www.vicsun.pe\/en\/wp-json\/wp\/v2\/media\/996"}],"wp:attachment":[{"href":"https:\/\/www.vicsun.pe\/en\/wp-json\/wp\/v2\/media?parent=995"}],"wp:term":[{"taxonomy":"product_brand","embeddable":true,"href":"https:\/\/www.vicsun.pe\/en\/wp-json\/wp\/v2\/product_brand?post=995"},{"taxonomy":"product_cat","embeddable":true,"href":"https:\/\/www.vicsun.pe\/en\/wp-json\/wp\/v2\/product_cat?post=995"},{"taxonomy":"product_tag","embeddable":true,"href":"https:\/\/www.vicsun.pe\/en\/wp-json\/wp\/v2\/product_tag?post=995"}],"curies":[{"name":"wp","href":"https:\/\/api.w.org\/{rel}","templated":true}]}}