{"id":1078,"date":"2026-01-31T10:21:20","date_gmt":"2026-01-31T15:21:20","guid":{"rendered":"https:\/\/www.vicsun.pe\/?post_type=product&#038;p=1078"},"modified":"2026-04-14T11:45:01","modified_gmt":"2026-04-14T16:45:01","slug":"ts600-24v-inversor-de-voltaje-onda-pura-600w-24v","status":"publish","type":"product","link":"https:\/\/www.vicsun.pe\/es\/producto\/ts600-24v-inversor-de-voltaje-onda-pura-600w-24v\/","title":{"rendered":"TS600-24V: INVERSOR DE VOLTAJE ONDA PURA 600W 24V"},"content":{"rendered":"<p data-start=\"0\" data-end=\"396\">El <strong data-start=\"3\" data-end=\"72\">TS600-24V es un inversor de voltaje de onda senoidal pura de 600W<\/strong>, dise\u00f1ado para convertir corriente continua de <strong data-start=\"120\" data-end=\"130\">24V DC<\/strong> en corriente alterna de <strong data-start=\"155\" data-end=\"166\">220V AC<\/strong>, entregando una energ\u00eda estable y limpia que replica la red el\u00e9ctrica convencional. Es ideal para proteger y alimentar equipos electr\u00f3nicos sensibles en sistemas solares, respaldo energ\u00e9tico y aplicaciones m\u00f3viles o industriales.<\/p>\n<p data-start=\"398\" data-end=\"433\">\ud83d\udd27 <strong data-start=\"401\" data-end=\"431\">Especificaciones t\u00e9cnicas:<\/strong><\/p>\n<p data-start=\"435\" data-end=\"615\">Potencia nominal: 600W<br data-start=\"457\" data-end=\"460\" \/>Pico de potencia: 1200W<br data-start=\"483\" data-end=\"486\" \/>Voltaje de entrada: 24V DC<br data-start=\"512\" data-end=\"515\" \/>Voltaje de salida: 220V AC \u00b15%<br data-start=\"545\" data-end=\"548\" \/>Frecuencia: 50Hz<br data-start=\"564\" data-end=\"567\" \/>Tipo de onda: Senoidal pura<br data-start=\"594\" data-end=\"597\" \/>Eficiencia: \u226590%<\/p>\n<p data-start=\"617\" data-end=\"719\"><strong data-start=\"617\" data-end=\"645\">Protecciones integradas:<\/strong><br data-start=\"645\" data-end=\"648\" \/>Sobrecarga<br data-start=\"658\" data-end=\"661\" \/>Cortocircuito<br data-start=\"674\" data-end=\"677\" \/>Alta y baja tensi\u00f3n<br data-start=\"696\" data-end=\"699\" \/>Sobrecalentamiento<\/p>\n<p data-start=\"721\" data-end=\"767\">Sistema de refrigeraci\u00f3n: Ventilaci\u00f3n activa<\/p>\n<p data-start=\"769\" data-end=\"998\">\u26a1 <strong data-start=\"771\" data-end=\"788\">Aplicaciones:<\/strong><br data-start=\"788\" data-end=\"791\" \/>Ideal para sistemas solares, laptops, televisores, equipos de comunicaci\u00f3n, cargadores, peque\u00f1as herramientas el\u00e9ctricas y dispositivos electr\u00f3nicos que requieren energ\u00eda estable y confiable fuera de la red.<\/p>\n","protected":false},"excerpt":{"rendered":"<div class=\"flex flex-col text-sm pb-25\">\n<article class=\"text-token-text-primary w-full focus:outline-none [--shadow-height:45px] has-data-writing-block:pointer-events-none has-data-writing-block:-mt-(--shadow-height) has-data-writing-block:pt-(--shadow-height) [&amp;:has([data-writing-block])&gt;*]:pointer-events-auto scroll-mt-[calc(var(--header-height)+min(200px,max(70px,20svh)))]\" dir=\"auto\" tabindex=\"-1\" data-turn-id=\"request-68b8aa5e-2310-832c-83b6-8fe399b957d9-2\" data-testid=\"conversation-turn-116\" data-scroll-anchor=\"true\" data-turn=\"assistant\">\n<div class=\"text-base my-auto mx-auto pb-10 [--thread-content-margin:--spacing(4)] @w-sm\/main:[--thread-content-margin:--spacing(6)] @w-lg\/main:[--thread-content-margin:--spacing(16)] px-(--thread-content-margin)\">\n<div class=\"[--thread-content-max-width:40rem] @w-lg\/main:[--thread-content-max-width:48rem] mx-auto max-w-(--thread-content-max-width) flex-1 group\/turn-messages focus-visible:outline-hidden relative flex w-full min-w-0 flex-col agent-turn\" tabindex=\"-1\">\n<div class=\"flex max-w-full flex-col grow\">\n<div class=\"min-h-8 text-message relative flex w-full flex-col items-end gap-2 text-start break-words whitespace-normal [.text-message+&amp;]:mt-1\" dir=\"auto\" data-message-author-role=\"assistant\" data-message-id=\"3afb5a33-6d59-4400-9697-38b187b27079\" data-message-model-slug=\"gpt-5-2\">\n<div class=\"flex w-full flex-col gap-1 empty:hidden first:pt-[1px]\">\n<div class=\"markdown prose dark:prose-invert w-full wrap-break-word light markdown-new-styling\">\n<p data-start=\"1000\" data-end=\"1158\" data-is-last-node=\"\" data-is-only-node=\"\">Inversor de voltaje 600W onda pura 24V a 220V, eficiente y seguro, ideal para sistemas solares y respaldo de equipos electr\u00f3nicos.<\/p>\n<\/div>\n<\/div>\n<\/div>\n<\/div>\n<div class=\"z-0 flex min-h-[46px] justify-start\"><\/div>\n<div class=\"mt-3 w-full empty:hidden\">\n<div class=\"text-center\"><\/div>\n<\/div>\n<\/div>\n<\/div>\n<\/article>\n<\/div>\n<div class=\"pointer-events-none h-px w-px absolute bottom-0\" aria-hidden=\"true\" data-edge=\"true\"><\/div>\n","protected":false},"featured_media":1079,"comment_status":"open","ping_status":"closed","template":"","meta":[],"product_brand":[],"product_cat":[27],"product_tag":[],"class_list":{"0":"post-1078","1":"product","2":"type-product","3":"status-publish","4":"has-post-thumbnail","6":"product_cat-onda-pura","8":"first","9":"instock","10":"sale","11":"taxable","12":"shipping-taxable","13":"purchasable","14":"product-type-simple"},"_links":{"self":[{"href":"https:\/\/www.vicsun.pe\/es\/wp-json\/wp\/v2\/product\/1078","targetHints":{"allow":["GET"]}}],"collection":[{"href":"https:\/\/www.vicsun.pe\/es\/wp-json\/wp\/v2\/product"}],"about":[{"href":"https:\/\/www.vicsun.pe\/es\/wp-json\/wp\/v2\/types\/product"}],"replies":[{"embeddable":true,"href":"https:\/\/www.vicsun.pe\/es\/wp-json\/wp\/v2\/comments?post=1078"}],"wp:featuredmedia":[{"embeddable":true,"href":"https:\/\/www.vicsun.pe\/es\/wp-json\/wp\/v2\/media\/1079"}],"wp:attachment":[{"href":"https:\/\/www.vicsun.pe\/es\/wp-json\/wp\/v2\/media?parent=1078"}],"wp:term":[{"taxonomy":"product_brand","embeddable":true,"href":"https:\/\/www.vicsun.pe\/es\/wp-json\/wp\/v2\/product_brand?post=1078"},{"taxonomy":"product_cat","embeddable":true,"href":"https:\/\/www.vicsun.pe\/es\/wp-json\/wp\/v2\/product_cat?post=1078"},{"taxonomy":"product_tag","embeddable":true,"href":"https:\/\/www.vicsun.pe\/es\/wp-json\/wp\/v2\/product_tag?post=1078"}],"curies":[{"name":"wp","href":"https:\/\/api.w.org\/{rel}","templated":true}]}}