{"id":1085,"date":"2026-02-02T10:39:58","date_gmt":"2026-02-02T15:39:58","guid":{"rendered":"https:\/\/www.vicsun.pe\/?post_type=product&#038;p=1085"},"modified":"2026-02-02T12:56:20","modified_gmt":"2026-02-02T17:56:20","slug":"sp1000-24v-inversor-de-voltaje-onda-pura-1000w-24v-salida-220vac","status":"publish","type":"product","link":"https:\/\/www.vicsun.pe\/es\/producto\/sp1000-24v-inversor-de-voltaje-onda-pura-1000w-24v-salida-220vac\/","title":{"rendered":"SP1000-24V: INVERSOR DE VOLTAJE ONDA PURA 1000W &#8211; 24V SALIDA 220VAC"},"content":{"rendered":"<p data-start=\"0\" data-end=\"399\">El <strong data-start=\"3\" data-end=\"48\">Inversor de Voltaje Onda Pura 1000W \u2013 24V<\/strong> est\u00e1 dise\u00f1ado para convertir corriente continua de <strong data-start=\"100\" data-end=\"110\">24V DC<\/strong> en corriente alterna de <strong data-start=\"135\" data-end=\"146\">220V AC<\/strong>, entregando una energ\u00eda limpia y estable similar a la de la red el\u00e9ctrica convencional. Su tecnolog\u00eda de onda senoidal pura permite alimentar equipos sensibles con total seguridad, siendo ideal para sistemas solares y soluciones de respaldo energ\u00e9tico.<\/p>\n<p data-start=\"401\" data-end=\"436\">\ud83d\udd27 <strong data-start=\"404\" data-end=\"434\">Especificaciones t\u00e9cnicas:<\/strong><\/p>\n<p data-start=\"438\" data-end=\"619\">Potencia nominal: 1000W<br data-start=\"461\" data-end=\"464\" \/>Pico de potencia: 2000W<br data-start=\"487\" data-end=\"490\" \/>Voltaje de entrada: 24V DC<br data-start=\"516\" data-end=\"519\" \/>Voltaje de salida: 220V AC \u00b15%<br data-start=\"549\" data-end=\"552\" \/>Frecuencia: 50Hz<br data-start=\"568\" data-end=\"571\" \/>Tipo de onda: Senoidal pura<br data-start=\"598\" data-end=\"601\" \/>Eficiencia: \u226590%<\/p>\n<p data-start=\"621\" data-end=\"721\"><strong data-start=\"621\" data-end=\"649\">Protecciones integradas:<\/strong><br data-start=\"649\" data-end=\"652\" \/>Sobrecarga<br data-start=\"662\" data-end=\"665\" \/>Cortocircuito<br data-start=\"678\" data-end=\"681\" \/>Alta\/baja tensi\u00f3n<br data-start=\"698\" data-end=\"701\" \/>Sobrecalentamiento<\/p>\n<p data-start=\"723\" data-end=\"769\">Sistema de refrigeraci\u00f3n: Ventilaci\u00f3n activa<\/p>\n<p data-start=\"771\" data-end=\"1013\">\u26a1 <strong data-start=\"773\" data-end=\"790\">Aplicaciones:<\/strong><br data-start=\"790\" data-end=\"793\" \/>Ideal para sistemas solares, computadoras, televisores, refrigeradoras peque\u00f1as, equipos de comunicaci\u00f3n, cargadores, herramientas el\u00e9ctricas ligeras y dispositivos electr\u00f3nicos que requieren energ\u00eda estable y confiable.<\/p>\n","protected":false},"excerpt":{"rendered":"<div class=\"flex flex-col text-sm pb-25\">\n<article class=\"text-token-text-primary w-full focus:outline-none [--shadow-height:45px] has-data-writing-block:pointer-events-none has-data-writing-block:-mt-(--shadow-height) has-data-writing-block:pt-(--shadow-height) [&amp;:has([data-writing-block])&gt;*]:pointer-events-auto scroll-mt-[calc(var(--header-height)+min(200px,max(70px,20svh)))]\" dir=\"auto\" tabindex=\"-1\" data-turn-id=\"ea8974f5-616e-4b9b-9072-57ca3eaba30f\" data-testid=\"conversation-turn-122\" data-scroll-anchor=\"true\" data-turn=\"assistant\">\n<div class=\"text-base my-auto mx-auto pb-10 [--thread-content-margin:--spacing(4)] @w-sm\/main:[--thread-content-margin:--spacing(6)] @w-lg\/main:[--thread-content-margin:--spacing(16)] px-(--thread-content-margin)\">\n<div class=\"[--thread-content-max-width:40rem] @w-lg\/main:[--thread-content-max-width:48rem] mx-auto max-w-(--thread-content-max-width) flex-1 group\/turn-messages focus-visible:outline-hidden relative flex w-full min-w-0 flex-col agent-turn\" tabindex=\"-1\">\n<div class=\"flex max-w-full flex-col grow\">\n<div class=\"min-h-8 text-message relative flex w-full flex-col items-end gap-2 text-start break-words whitespace-normal [.text-message+&amp;]:mt-1\" dir=\"auto\" data-message-author-role=\"assistant\" data-message-id=\"d197a247-3024-4a87-9ea3-191d113a270c\" data-message-model-slug=\"gpt-5-2\">\n<div class=\"flex w-full flex-col gap-1 empty:hidden first:pt-[1px]\">\n<div class=\"markdown prose dark:prose-invert w-full wrap-break-word light markdown-new-styling\">\n<p data-start=\"1015\" data-end=\"1170\" data-is-last-node=\"\" data-is-only-node=\"\">Inversor de voltaje 1000W onda pura 24V a 220V, potente, seguro y eficiente, ideal para sistemas solares y respaldo energ\u00e9tico.<\/p>\n<\/div>\n<\/div>\n<\/div>\n<\/div>\n<div class=\"z-0 flex min-h-[46px] justify-start\"><\/div>\n<div class=\"mt-3 w-full empty:hidden\">\n<div class=\"text-center\"><\/div>\n<\/div>\n<\/div>\n<\/div>\n<\/article>\n<\/div>\n<div class=\"pointer-events-none h-px w-px absolute bottom-0\" aria-hidden=\"true\" data-edge=\"true\"><\/div>\n","protected":false},"featured_media":1086,"comment_status":"open","ping_status":"closed","template":"","meta":[],"product_brand":[],"product_cat":[27],"product_tag":[],"class_list":{"0":"post-1085","1":"product","2":"type-product","3":"status-publish","4":"has-post-thumbnail","6":"product_cat-onda-pura","8":"first","9":"instock","10":"sale","11":"taxable","12":"shipping-taxable","13":"purchasable","14":"product-type-simple"},"_links":{"self":[{"href":"https:\/\/www.vicsun.pe\/es\/wp-json\/wp\/v2\/product\/1085","targetHints":{"allow":["GET"]}}],"collection":[{"href":"https:\/\/www.vicsun.pe\/es\/wp-json\/wp\/v2\/product"}],"about":[{"href":"https:\/\/www.vicsun.pe\/es\/wp-json\/wp\/v2\/types\/product"}],"replies":[{"embeddable":true,"href":"https:\/\/www.vicsun.pe\/es\/wp-json\/wp\/v2\/comments?post=1085"}],"wp:featuredmedia":[{"embeddable":true,"href":"https:\/\/www.vicsun.pe\/es\/wp-json\/wp\/v2\/media\/1086"}],"wp:attachment":[{"href":"https:\/\/www.vicsun.pe\/es\/wp-json\/wp\/v2\/media?parent=1085"}],"wp:term":[{"taxonomy":"product_brand","embeddable":true,"href":"https:\/\/www.vicsun.pe\/es\/wp-json\/wp\/v2\/product_brand?post=1085"},{"taxonomy":"product_cat","embeddable":true,"href":"https:\/\/www.vicsun.pe\/es\/wp-json\/wp\/v2\/product_cat?post=1085"},{"taxonomy":"product_tag","embeddable":true,"href":"https:\/\/www.vicsun.pe\/es\/wp-json\/wp\/v2\/product_tag?post=1085"}],"curies":[{"name":"wp","href":"https:\/\/api.w.org\/{rel}","templated":true}]}}