{"id":165,"date":"2025-05-30T15:42:33","date_gmt":"2025-05-30T20:42:33","guid":{"rendered":"https:\/\/www.vicsun.pe\/?post_type=product&#038;p=165"},"modified":"2026-01-29T16:41:17","modified_gmt":"2026-01-29T21:41:17","slug":"yh100w-18zbd-1","status":"publish","type":"product","link":"https:\/\/www.vicsun.pe\/es\/producto\/yh100w-18zbd-1\/","title":{"rendered":"YH100W-18ZBD-1"},"content":{"rendered":"<h3 data-start=\"138\" data-end=\"187\">\u2600\ufe0f YH100W-18ZBD-1 \u2013 Panel Solar Port\u00e1til 100W<\/h3>\n<p data-start=\"189\" data-end=\"496\">El <strong data-start=\"192\" data-end=\"210\">YH100W-18ZBD-1<\/strong> es un <strong data-start=\"217\" data-end=\"264\">panel solar port\u00e1til monocristalino de 100W<\/strong>, ideal para cargar bater\u00edas, alimentar peque\u00f1os dispositivos y brindar energ\u00eda en zonas sin acceso a la red el\u00e9ctrica. Su dise\u00f1o plegable y liviano lo hace perfecto para actividades al aire libre como camping, viajes o emergencias.<\/p>\n<h4 data-start=\"498\" data-end=\"532\">\ud83d\udee0\ufe0f Caracter\u00edsticas t\u00e9cnicas:<\/h4>\n<ul data-start=\"533\" data-end=\"1062\">\n<li data-start=\"533\" data-end=\"563\">\n<p data-start=\"535\" data-end=\"563\"><strong data-start=\"535\" data-end=\"556\">Potencia nominal:<\/strong> 100W<\/p>\n<\/li>\n<li data-start=\"564\" data-end=\"603\">\n<p data-start=\"566\" data-end=\"603\"><strong data-start=\"566\" data-end=\"597\">Tensi\u00f3n de operaci\u00f3n (Vmp):<\/strong> 18V<\/p>\n<\/li>\n<li data-start=\"604\" data-end=\"647\">\n<p data-start=\"606\" data-end=\"647\"><strong data-start=\"606\" data-end=\"639\">Corriente de operaci\u00f3n (Imp):<\/strong> ~5.5A<\/p>\n<\/li>\n<li data-start=\"648\" data-end=\"704\">\n<p data-start=\"650\" data-end=\"704\"><strong data-start=\"650\" data-end=\"668\">Tipo de celda:<\/strong> Monocristalino de alta eficiencia<\/p>\n<\/li>\n<li data-start=\"705\" data-end=\"762\">\n<p data-start=\"707\" data-end=\"762\"><strong data-start=\"707\" data-end=\"718\">Dise\u00f1o:<\/strong> Plegable, port\u00e1til y f\u00e1cil de transportar<\/p>\n<\/li>\n<li data-start=\"763\" data-end=\"844\">\n<p data-start=\"765\" data-end=\"844\"><strong data-start=\"765\" data-end=\"780\">Conectores:<\/strong> Compatible con diversos controladores de carga (seg\u00fan modelo)<\/p>\n<\/li>\n<li data-start=\"845\" data-end=\"925\">\n<p data-start=\"847\" data-end=\"925\"><strong data-start=\"847\" data-end=\"870\">Estructura externa:<\/strong> Reforzada con materiales resistentes a la intemperie<\/p>\n<\/li>\n<li data-start=\"926\" data-end=\"1062\">\n<p data-start=\"928\" data-end=\"1062\"><strong data-start=\"928\" data-end=\"945\">Aplicaciones:<\/strong> Carga de bater\u00edas, sistemas solares port\u00e1tiles, iluminaci\u00f3n aut\u00f3noma, respaldo de energ\u00eda en campamentos o caravanas<\/p>\n<\/li>\n<\/ul>\n","protected":false},"excerpt":{"rendered":"<p data-start=\"1096\" data-end=\"1230\">Panel solar port\u00e1til monocristalino de 100W. Ideal para camping, carga de bater\u00edas o uso en exteriores. Plegable, liviano y eficiente.<\/p>\n","protected":false},"featured_media":166,"comment_status":"open","ping_status":"closed","template":"","meta":[],"product_brand":[],"product_cat":[26],"product_tag":[],"class_list":{"0":"post-165","1":"product","2":"type-product","3":"status-publish","4":"has-post-thumbnail","6":"product_cat-portatil","8":"first","9":"instock","10":"sale","11":"taxable","12":"shipping-taxable","13":"purchasable","14":"product-type-simple"},"_links":{"self":[{"href":"https:\/\/www.vicsun.pe\/es\/wp-json\/wp\/v2\/product\/165","targetHints":{"allow":["GET"]}}],"collection":[{"href":"https:\/\/www.vicsun.pe\/es\/wp-json\/wp\/v2\/product"}],"about":[{"href":"https:\/\/www.vicsun.pe\/es\/wp-json\/wp\/v2\/types\/product"}],"replies":[{"embeddable":true,"href":"https:\/\/www.vicsun.pe\/es\/wp-json\/wp\/v2\/comments?post=165"}],"wp:featuredmedia":[{"embeddable":true,"href":"https:\/\/www.vicsun.pe\/es\/wp-json\/wp\/v2\/media\/166"}],"wp:attachment":[{"href":"https:\/\/www.vicsun.pe\/es\/wp-json\/wp\/v2\/media?parent=165"}],"wp:term":[{"taxonomy":"product_brand","embeddable":true,"href":"https:\/\/www.vicsun.pe\/es\/wp-json\/wp\/v2\/product_brand?post=165"},{"taxonomy":"product_cat","embeddable":true,"href":"https:\/\/www.vicsun.pe\/es\/wp-json\/wp\/v2\/product_cat?post=165"},{"taxonomy":"product_tag","embeddable":true,"href":"https:\/\/www.vicsun.pe\/es\/wp-json\/wp\/v2\/product_tag?post=165"}],"curies":[{"name":"wp","href":"https:\/\/api.w.org\/{rel}","templated":true}]}}