{"id":197,"date":"2025-06-02T16:58:17","date_gmt":"2025-06-02T21:58:17","guid":{"rendered":"https:\/\/www.vicsun.pe\/?post_type=product&#038;p=197"},"modified":"2026-01-07T17:20:52","modified_gmt":"2026-01-07T22:20:52","slug":"vic100-18m-panel-mono","status":"publish","type":"product","link":"https:\/\/www.vicsun.pe\/es\/producto\/vic100-18m-panel-mono\/","title":{"rendered":"YH100-18M: PANEL MONO"},"content":{"rendered":"<p data-start=\"193\" data-end=\"420\">El <strong data-start=\"196\" data-end=\"210\">VIC100-18M<\/strong> es un <strong data-start=\"217\" data-end=\"255\">panel solar monocristalino de 100W<\/strong>, dise\u00f1ado para brindar alto rendimiento en espacios reducidos. Ideal para sistemas solares en viviendas, caravanas, iluminaci\u00f3n remota, y estaciones independientes.<\/p>\n<h4 data-start=\"422\" data-end=\"456\">\ud83d\udee0\ufe0f Caracter\u00edsticas t\u00e9cnicas:<\/h4>\n<ul data-start=\"457\" data-end=\"1005\">\n<li data-start=\"457\" data-end=\"487\">\n<p data-start=\"459\" data-end=\"487\"><strong data-start=\"459\" data-end=\"480\">Potencia nominal:<\/strong> 100W<\/p>\n<\/li>\n<li data-start=\"488\" data-end=\"531\">\n<p data-start=\"490\" data-end=\"531\"><strong data-start=\"490\" data-end=\"514\">Tecnolog\u00eda de celda:<\/strong> Monocristalina<\/p>\n<\/li>\n<li data-start=\"532\" data-end=\"578\">\n<p data-start=\"534\" data-end=\"578\"><strong data-start=\"534\" data-end=\"571\">Tensi\u00f3n m\u00e1xima de potencia (Vmp):<\/strong> ~18V<\/p>\n<\/li>\n<li data-start=\"579\" data-end=\"629\">\n<p data-start=\"581\" data-end=\"629\"><strong data-start=\"581\" data-end=\"620\">Corriente m\u00e1xima de potencia (Imp):<\/strong> ~5.55A<\/p>\n<\/li>\n<li data-start=\"630\" data-end=\"679\">\n<p data-start=\"632\" data-end=\"679\"><strong data-start=\"632\" data-end=\"670\">Tensi\u00f3n en circuito abierto (Voc):<\/strong> ~21.5V<\/p>\n<\/li>\n<li data-start=\"680\" data-end=\"745\">\n<p data-start=\"682\" data-end=\"745\"><strong data-start=\"682\" data-end=\"710\">Configuraci\u00f3n de celdas:<\/strong> 36 celdas (Half Cell o est\u00e1ndar)<\/p>\n<\/li>\n<li data-start=\"746\" data-end=\"815\">\n<p data-start=\"748\" data-end=\"815\"><strong data-start=\"748\" data-end=\"768\">Alta eficiencia:<\/strong> Mejor rendimiento en condiciones de poca luz<\/p>\n<\/li>\n<li data-start=\"816\" data-end=\"860\">\n<p data-start=\"818\" data-end=\"860\"><strong data-start=\"818\" data-end=\"828\">Marco:<\/strong> Aluminio anodizado resistente<\/p>\n<\/li>\n<li data-start=\"861\" data-end=\"909\">\n<p data-start=\"863\" data-end=\"909\"><strong data-start=\"863\" data-end=\"874\">Vidrio:<\/strong> Vidrio templado antirreflectante<\/p>\n<\/li>\n<li data-start=\"910\" data-end=\"1005\">\n<p data-start=\"912\" data-end=\"1005\"><strong data-start=\"912\" data-end=\"929\">Aplicaciones:<\/strong> Kits solares, iluminaci\u00f3n aut\u00f3noma, telecomunicaciones, bater\u00edas port\u00e1tiles<\/p>\n<\/li>\n<\/ul>\n","protected":false},"excerpt":{"rendered":"<p data-start=\"1039\" data-end=\"1168\">Panel solar monocristalino de 100W, eficiente y confiable para sistemas de energ\u00eda en hogares, caravanas y aplicaciones aisladas.<\/p>\n","protected":false},"featured_media":198,"comment_status":"open","ping_status":"closed","template":"","meta":[],"product_brand":[],"product_cat":[23],"product_tag":[],"class_list":{"0":"post-197","1":"product","2":"type-product","3":"status-publish","4":"has-post-thumbnail","6":"product_cat-monocristalino","8":"first","9":"instock","10":"sale","11":"taxable","12":"shipping-taxable","13":"purchasable","14":"product-type-simple"},"_links":{"self":[{"href":"https:\/\/www.vicsun.pe\/es\/wp-json\/wp\/v2\/product\/197","targetHints":{"allow":["GET"]}}],"collection":[{"href":"https:\/\/www.vicsun.pe\/es\/wp-json\/wp\/v2\/product"}],"about":[{"href":"https:\/\/www.vicsun.pe\/es\/wp-json\/wp\/v2\/types\/product"}],"replies":[{"embeddable":true,"href":"https:\/\/www.vicsun.pe\/es\/wp-json\/wp\/v2\/comments?post=197"}],"wp:featuredmedia":[{"embeddable":true,"href":"https:\/\/www.vicsun.pe\/es\/wp-json\/wp\/v2\/media\/198"}],"wp:attachment":[{"href":"https:\/\/www.vicsun.pe\/es\/wp-json\/wp\/v2\/media?parent=197"}],"wp:term":[{"taxonomy":"product_brand","embeddable":true,"href":"https:\/\/www.vicsun.pe\/es\/wp-json\/wp\/v2\/product_brand?post=197"},{"taxonomy":"product_cat","embeddable":true,"href":"https:\/\/www.vicsun.pe\/es\/wp-json\/wp\/v2\/product_cat?post=197"},{"taxonomy":"product_tag","embeddable":true,"href":"https:\/\/www.vicsun.pe\/es\/wp-json\/wp\/v2\/product_tag?post=197"}],"curies":[{"name":"wp","href":"https:\/\/api.w.org\/{rel}","templated":true}]}}