{"id":205,"date":"2025-06-03T11:31:42","date_gmt":"2025-06-03T16:31:42","guid":{"rendered":"https:\/\/www.vicsun.pe\/?post_type=product&#038;p=205"},"modified":"2025-06-03T11:31:43","modified_gmt":"2025-06-03T16:31:43","slug":"vic180-18m-panel-mono","status":"publish","type":"product","link":"https:\/\/www.vicsun.pe\/es\/producto\/vic180-18m-panel-mono\/","title":{"rendered":"VIC180-18M: PANEL MONO"},"content":{"rendered":"<p data-start=\"185\" data-end=\"524\">El <strong data-start=\"188\" data-end=\"202\">VIC180-18M<\/strong> es un panel solar <strong data-start=\"221\" data-end=\"247\">monocristalino de 180W<\/strong>, dise\u00f1ado para entregar un rendimiento energ\u00e9tico eficiente en instalaciones solares de tama\u00f1o mediano. Gracias a su tecnolog\u00eda monocristalina, proporciona una mejor conversi\u00f3n de energ\u00eda incluso en condiciones de baja luz solar, ideal para sistemas aut\u00f3nomos y residenciales.<\/p>\n<h4 data-start=\"526\" data-end=\"560\">\ud83d\udee0\ufe0f Caracter\u00edsticas t\u00e9cnicas:<\/h4>\n<ul data-start=\"561\" data-end=\"1066\">\n<li data-start=\"561\" data-end=\"591\">\n<p data-start=\"563\" data-end=\"591\"><strong data-start=\"563\" data-end=\"584\">Potencia nominal:<\/strong> 180W<\/p>\n<\/li>\n<li data-start=\"592\" data-end=\"629\">\n<p data-start=\"594\" data-end=\"629\"><strong data-start=\"594\" data-end=\"612\">Tipo de celda:<\/strong> Monocristalina<\/p>\n<\/li>\n<li data-start=\"630\" data-end=\"676\">\n<p data-start=\"632\" data-end=\"676\"><strong data-start=\"632\" data-end=\"669\">Tensi\u00f3n m\u00e1xima de potencia (Vmp):<\/strong> ~18V<\/p>\n<\/li>\n<li data-start=\"677\" data-end=\"725\">\n<p data-start=\"679\" data-end=\"725\"><strong data-start=\"679\" data-end=\"718\">Corriente m\u00e1xima de potencia (Imp):<\/strong> ~10A<\/p>\n<\/li>\n<li data-start=\"726\" data-end=\"775\">\n<p data-start=\"728\" data-end=\"775\"><strong data-start=\"728\" data-end=\"766\">Tensi\u00f3n en circuito abierto (Voc):<\/strong> ~22.5V<\/p>\n<\/li>\n<li data-start=\"776\" data-end=\"818\">\n<p data-start=\"778\" data-end=\"818\"><strong data-start=\"778\" data-end=\"806\">Configuraci\u00f3n de celdas:<\/strong> 36 celdas<\/p>\n<\/li>\n<li data-start=\"819\" data-end=\"878\">\n<p data-start=\"821\" data-end=\"878\"><strong data-start=\"821\" data-end=\"831\">Marco:<\/strong> Aluminio anodizado resistente a la corrosi\u00f3n<\/p>\n<\/li>\n<li data-start=\"879\" data-end=\"937\">\n<p data-start=\"881\" data-end=\"937\"><strong data-start=\"881\" data-end=\"892\">Vidrio:<\/strong> Templado de alta transmisi\u00f3n, antirreflejo<\/p>\n<\/li>\n<li data-start=\"938\" data-end=\"1066\">\n<p data-start=\"940\" data-end=\"1066\"><strong data-start=\"940\" data-end=\"957\">Aplicaciones:<\/strong> Sistemas solares domiciliarios, iluminaci\u00f3n aut\u00f3noma, estaciones m\u00f3viles, zonas rurales y kits fotovoltaicos<\/p>\n<\/li>\n<\/ul>\n","protected":false},"excerpt":{"rendered":"<p data-start=\"1100\" data-end=\"1209\">Panel solar monocristalino de 180W, eficiente y confiable para instalaciones solares residenciales y rurales.<\/p>\n","protected":false},"featured_media":206,"comment_status":"open","ping_status":"closed","template":"","meta":[],"product_brand":[],"product_cat":[23],"product_tag":[],"class_list":{"0":"post-205","1":"product","2":"type-product","3":"status-publish","4":"has-post-thumbnail","6":"product_cat-monocristalino","8":"first","9":"instock","10":"taxable","11":"shipping-taxable","12":"purchasable","13":"product-type-simple"},"_links":{"self":[{"href":"https:\/\/www.vicsun.pe\/es\/wp-json\/wp\/v2\/product\/205","targetHints":{"allow":["GET"]}}],"collection":[{"href":"https:\/\/www.vicsun.pe\/es\/wp-json\/wp\/v2\/product"}],"about":[{"href":"https:\/\/www.vicsun.pe\/es\/wp-json\/wp\/v2\/types\/product"}],"replies":[{"embeddable":true,"href":"https:\/\/www.vicsun.pe\/es\/wp-json\/wp\/v2\/comments?post=205"}],"wp:featuredmedia":[{"embeddable":true,"href":"https:\/\/www.vicsun.pe\/es\/wp-json\/wp\/v2\/media\/206"}],"wp:attachment":[{"href":"https:\/\/www.vicsun.pe\/es\/wp-json\/wp\/v2\/media?parent=205"}],"wp:term":[{"taxonomy":"product_brand","embeddable":true,"href":"https:\/\/www.vicsun.pe\/es\/wp-json\/wp\/v2\/product_brand?post=205"},{"taxonomy":"product_cat","embeddable":true,"href":"https:\/\/www.vicsun.pe\/es\/wp-json\/wp\/v2\/product_cat?post=205"},{"taxonomy":"product_tag","embeddable":true,"href":"https:\/\/www.vicsun.pe\/es\/wp-json\/wp\/v2\/product_tag?post=205"}],"curies":[{"name":"wp","href":"https:\/\/api.w.org\/{rel}","templated":true}]}}