{"id":209,"date":"2025-06-03T11:35:58","date_gmt":"2025-06-03T16:35:58","guid":{"rendered":"https:\/\/www.vicsun.pe\/?post_type=product&#038;p=209"},"modified":"2025-06-03T11:46:48","modified_gmt":"2025-06-03T16:46:48","slug":"vic200-36m-panel-mono","status":"publish","type":"product","link":"https:\/\/www.vicsun.pe\/es\/producto\/vic200-36m-panel-mono\/","title":{"rendered":"VIC200-36M: PANEL MONO"},"content":{"rendered":"<p data-start=\"185\" data-end=\"490\">El <strong data-start=\"188\" data-end=\"202\">VIC200-36M<\/strong> es un panel solar <strong data-start=\"221\" data-end=\"247\">monocristalino de 200W<\/strong>, ideal para proyectos solares que requieren alta eficiencia y rendimiento estable. Su estructura robusta y sus celdas de alta conversi\u00f3n lo convierten en una excelente opci\u00f3n para sistemas solares dom\u00e9sticos, rurales o de respaldo energ\u00e9tico.<\/p>\n<h4 data-start=\"492\" data-end=\"526\">\ud83d\udee0\ufe0f Caracter\u00edsticas t\u00e9cnicas:<\/h4>\n<ul data-start=\"527\" data-end=\"1037\">\n<li data-start=\"527\" data-end=\"557\">\n<p data-start=\"529\" data-end=\"557\"><strong data-start=\"529\" data-end=\"550\">Potencia nominal:<\/strong> 200W<\/p>\n<\/li>\n<li data-start=\"558\" data-end=\"595\">\n<p data-start=\"560\" data-end=\"595\"><strong data-start=\"560\" data-end=\"578\">Tipo de celda:<\/strong> Monocristalina<\/p>\n<\/li>\n<li data-start=\"596\" data-end=\"642\">\n<p data-start=\"598\" data-end=\"642\"><strong data-start=\"598\" data-end=\"635\">Tensi\u00f3n m\u00e1xima de potencia (Vmp):<\/strong> ~18V<\/p>\n<\/li>\n<li data-start=\"643\" data-end=\"693\">\n<p data-start=\"645\" data-end=\"693\"><strong data-start=\"645\" data-end=\"684\">Corriente m\u00e1xima de potencia (Imp):<\/strong> ~11.1A<\/p>\n<\/li>\n<li data-start=\"694\" data-end=\"743\">\n<p data-start=\"696\" data-end=\"743\"><strong data-start=\"696\" data-end=\"734\">Tensi\u00f3n en circuito abierto (Voc):<\/strong> ~22.5V<\/p>\n<\/li>\n<li data-start=\"744\" data-end=\"786\">\n<p data-start=\"746\" data-end=\"786\"><strong data-start=\"746\" data-end=\"774\">Configuraci\u00f3n de celdas:<\/strong> 36 celdas<\/p>\n<\/li>\n<li data-start=\"787\" data-end=\"847\">\n<p data-start=\"789\" data-end=\"847\"><strong data-start=\"789\" data-end=\"799\">Marco:<\/strong> Aluminio anodizado resistente a la intemperie<\/p>\n<\/li>\n<li data-start=\"848\" data-end=\"911\">\n<p data-start=\"850\" data-end=\"911\"><strong data-start=\"850\" data-end=\"861\">Vidrio:<\/strong> Templado, alta transmisi\u00f3n de luz, antirreflejo<\/p>\n<\/li>\n<li data-start=\"912\" data-end=\"1037\">\n<p data-start=\"914\" data-end=\"1037\"><strong data-start=\"914\" data-end=\"934\">Uso recomendado:<\/strong> Sistemas fotovoltaicos aut\u00f3nomos, kits solares, alumbrado, electrificaci\u00f3n rural y respaldo energ\u00e9tico<\/p>\n<\/li>\n<\/ul>\n","protected":false},"excerpt":{"rendered":"<p>Panel solar monocristalino de 200W, eficiente y resistente para sistemas solares independientes y residenciales.<\/p>\n","protected":false},"featured_media":210,"comment_status":"open","ping_status":"closed","template":"","meta":[],"product_brand":[],"product_cat":[23],"product_tag":[],"class_list":{"0":"post-209","1":"product","2":"type-product","3":"status-publish","4":"has-post-thumbnail","6":"product_cat-monocristalino","8":"first","9":"instock","10":"taxable","11":"shipping-taxable","12":"purchasable","13":"product-type-simple"},"_links":{"self":[{"href":"https:\/\/www.vicsun.pe\/es\/wp-json\/wp\/v2\/product\/209","targetHints":{"allow":["GET"]}}],"collection":[{"href":"https:\/\/www.vicsun.pe\/es\/wp-json\/wp\/v2\/product"}],"about":[{"href":"https:\/\/www.vicsun.pe\/es\/wp-json\/wp\/v2\/types\/product"}],"replies":[{"embeddable":true,"href":"https:\/\/www.vicsun.pe\/es\/wp-json\/wp\/v2\/comments?post=209"}],"wp:featuredmedia":[{"embeddable":true,"href":"https:\/\/www.vicsun.pe\/es\/wp-json\/wp\/v2\/media\/210"}],"wp:attachment":[{"href":"https:\/\/www.vicsun.pe\/es\/wp-json\/wp\/v2\/media?parent=209"}],"wp:term":[{"taxonomy":"product_brand","embeddable":true,"href":"https:\/\/www.vicsun.pe\/es\/wp-json\/wp\/v2\/product_brand?post=209"},{"taxonomy":"product_cat","embeddable":true,"href":"https:\/\/www.vicsun.pe\/es\/wp-json\/wp\/v2\/product_cat?post=209"},{"taxonomy":"product_tag","embeddable":true,"href":"https:\/\/www.vicsun.pe\/es\/wp-json\/wp\/v2\/product_tag?post=209"}],"curies":[{"name":"wp","href":"https:\/\/api.w.org\/{rel}","templated":true}]}}