{"id":235,"date":"2025-06-03T16:07:49","date_gmt":"2025-06-03T21:07:49","guid":{"rendered":"https:\/\/www.vicsun.pe\/?post_type=product&#038;p=235"},"modified":"2026-04-09T14:24:38","modified_gmt":"2026-04-09T19:24:38","slug":"vic40-18m-panel-mono","status":"publish","type":"product","link":"https:\/\/www.vicsun.pe\/es\/producto\/vic40-18m-panel-mono\/","title":{"rendered":"VIC40-18M: PANEL MONO"},"content":{"rendered":"<p data-start=\"161\" data-end=\"463\">El <strong data-start=\"164\" data-end=\"177\">VIC40-18M<\/strong> es un panel solar <strong data-start=\"196\" data-end=\"221\">monocristalino de 40W<\/strong>, compacto y eficiente, dise\u00f1ado para aplicaciones de peque\u00f1a escala donde se requiere una fuente confiable de energ\u00eda renovable. Ideal para iluminaci\u00f3n, cargadores solares, sistemas de comunicaci\u00f3n, cercos el\u00e9ctricos, y proyectos port\u00e1tiles.<\/p>\n<h4 data-start=\"465\" data-end=\"499\">\ud83d\udd27 Especificaciones t\u00e9cnicas:<\/h4>\n<ul data-start=\"500\" data-end=\"982\">\n<li data-start=\"500\" data-end=\"529\">\n<p data-start=\"502\" data-end=\"529\"><strong data-start=\"502\" data-end=\"523\">Potencia nominal:<\/strong> 40W<\/p>\n<\/li>\n<li data-start=\"530\" data-end=\"567\">\n<p data-start=\"532\" data-end=\"567\"><strong data-start=\"532\" data-end=\"550\">Tipo de celda:<\/strong> Monocristalina<\/p>\n<\/li>\n<li data-start=\"568\" data-end=\"608\">\n<p data-start=\"570\" data-end=\"608\"><strong data-start=\"570\" data-end=\"601\">Voltaje de operaci\u00f3n (Vmp):<\/strong> ~18V<\/p>\n<\/li>\n<li data-start=\"609\" data-end=\"653\">\n<p data-start=\"611\" data-end=\"653\"><strong data-start=\"611\" data-end=\"644\">Corriente de operaci\u00f3n (Imp):<\/strong> ~2.22A<\/p>\n<\/li>\n<li data-start=\"654\" data-end=\"703\">\n<p data-start=\"656\" data-end=\"703\"><strong data-start=\"656\" data-end=\"694\">Voltaje en circuito abierto (Voc):<\/strong> ~21.5V<\/p>\n<\/li>\n<li data-start=\"704\" data-end=\"751\">\n<p data-start=\"706\" data-end=\"751\"><strong data-start=\"706\" data-end=\"743\">Corriente de cortocircuito (Isc):<\/strong> ~2.4A<\/p>\n<\/li>\n<li data-start=\"752\" data-end=\"802\">\n<p data-start=\"754\" data-end=\"802\"><strong data-start=\"754\" data-end=\"782\">Dimensiones aproximadas:<\/strong> 500 x 500 x 30 mm<\/p>\n<\/li>\n<li data-start=\"803\" data-end=\"836\">\n<p data-start=\"805\" data-end=\"836\"><strong data-start=\"805\" data-end=\"815\">Marco:<\/strong> Aluminio anodizado<\/p>\n<\/li>\n<li data-start=\"837\" data-end=\"881\">\n<p data-start=\"839\" data-end=\"881\"><strong data-start=\"839\" data-end=\"850\">Vidrio:<\/strong> Templado de alta transmisi\u00f3n<\/p>\n<\/li>\n<li data-start=\"882\" data-end=\"982\">\n<p data-start=\"884\" data-end=\"982\"><strong data-start=\"884\" data-end=\"901\">Aplicaciones:<\/strong> Iluminaci\u00f3n rural, peque\u00f1os equipos el\u00e9ctricos, kits solares, estaciones remotas<\/p>\n<\/li>\n<\/ul>\n","protected":false},"excerpt":{"rendered":"<p data-start=\"1020\" data-end=\"1110\">Panel solar monocristalino de 40W, ideal para sistemas peque\u00f1os y aplicaciones port\u00e1tiles.<\/p>\n","protected":false},"featured_media":236,"comment_status":"open","ping_status":"closed","template":"","meta":[],"product_brand":[],"product_cat":[23],"product_tag":[],"class_list":{"0":"post-235","1":"product","2":"type-product","3":"status-publish","4":"has-post-thumbnail","6":"product_cat-monocristalino","8":"first","9":"instock","10":"sale","11":"taxable","12":"shipping-taxable","13":"purchasable","14":"product-type-simple"},"_links":{"self":[{"href":"https:\/\/www.vicsun.pe\/es\/wp-json\/wp\/v2\/product\/235","targetHints":{"allow":["GET"]}}],"collection":[{"href":"https:\/\/www.vicsun.pe\/es\/wp-json\/wp\/v2\/product"}],"about":[{"href":"https:\/\/www.vicsun.pe\/es\/wp-json\/wp\/v2\/types\/product"}],"replies":[{"embeddable":true,"href":"https:\/\/www.vicsun.pe\/es\/wp-json\/wp\/v2\/comments?post=235"}],"wp:featuredmedia":[{"embeddable":true,"href":"https:\/\/www.vicsun.pe\/es\/wp-json\/wp\/v2\/media\/236"}],"wp:attachment":[{"href":"https:\/\/www.vicsun.pe\/es\/wp-json\/wp\/v2\/media?parent=235"}],"wp:term":[{"taxonomy":"product_brand","embeddable":true,"href":"https:\/\/www.vicsun.pe\/es\/wp-json\/wp\/v2\/product_brand?post=235"},{"taxonomy":"product_cat","embeddable":true,"href":"https:\/\/www.vicsun.pe\/es\/wp-json\/wp\/v2\/product_cat?post=235"},{"taxonomy":"product_tag","embeddable":true,"href":"https:\/\/www.vicsun.pe\/es\/wp-json\/wp\/v2\/product_tag?post=235"}],"curies":[{"name":"wp","href":"https:\/\/api.w.org\/{rel}","templated":true}]}}