{"id":244,"date":"2025-06-03T16:34:20","date_gmt":"2025-06-03T21:34:20","guid":{"rendered":"https:\/\/www.vicsun.pe\/?post_type=product&#038;p=244"},"modified":"2026-01-07T16:58:27","modified_gmt":"2026-01-07T21:58:27","slug":"vic60-18m-panel-mono","status":"publish","type":"product","link":"https:\/\/www.vicsun.pe\/es\/producto\/vic60-18m-panel-mono\/","title":{"rendered":"VIC60-18M: PANEL MONO"},"content":{"rendered":"<p data-start=\"130\" data-end=\"399\">El <strong data-start=\"133\" data-end=\"146\">VIC60-18M<\/strong> es un panel solar <strong data-start=\"165\" data-end=\"190\">monocristalino de 60W<\/strong>, dise\u00f1ado para sistemas de energ\u00eda aut\u00f3noma en zonas rurales, veh\u00edculos recreativos, iluminaci\u00f3n solar, sistemas de bombeo peque\u00f1os y otras aplicaciones que requieren confiabilidad, eficiencia y portabilidad.<\/p>\n<h4 data-start=\"401\" data-end=\"435\">\ud83d\udd27 Especificaciones t\u00e9cnicas:<\/h4>\n<ul data-start=\"436\" data-end=\"955\">\n<li data-start=\"436\" data-end=\"465\">\n<p data-start=\"438\" data-end=\"465\"><strong data-start=\"438\" data-end=\"459\">Potencia nominal:<\/strong> 60W<\/p>\n<\/li>\n<li data-start=\"466\" data-end=\"503\">\n<p data-start=\"468\" data-end=\"503\"><strong data-start=\"468\" data-end=\"486\">Tipo de celda:<\/strong> Monocristalina<\/p>\n<\/li>\n<li data-start=\"504\" data-end=\"544\">\n<p data-start=\"506\" data-end=\"544\"><strong data-start=\"506\" data-end=\"537\">Voltaje de operaci\u00f3n (Vmp):<\/strong> ~18V<\/p>\n<\/li>\n<li data-start=\"545\" data-end=\"589\">\n<p data-start=\"547\" data-end=\"589\"><strong data-start=\"547\" data-end=\"580\">Corriente de operaci\u00f3n (Imp):<\/strong> ~3.33A<\/p>\n<\/li>\n<li data-start=\"590\" data-end=\"639\">\n<p data-start=\"592\" data-end=\"639\"><strong data-start=\"592\" data-end=\"630\">Voltaje en circuito abierto (Voc):<\/strong> ~21.6V<\/p>\n<\/li>\n<li data-start=\"640\" data-end=\"687\">\n<p data-start=\"642\" data-end=\"687\"><strong data-start=\"642\" data-end=\"679\">Corriente de cortocircuito (Isc):<\/strong> ~3.6A<\/p>\n<\/li>\n<li data-start=\"688\" data-end=\"738\">\n<p data-start=\"690\" data-end=\"738\"><strong data-start=\"690\" data-end=\"718\">Dimensiones aproximadas:<\/strong> 670 x 540 x 30 mm<\/p>\n<\/li>\n<li data-start=\"739\" data-end=\"783\">\n<p data-start=\"741\" data-end=\"783\"><strong data-start=\"741\" data-end=\"751\">Marco:<\/strong> Aluminio anodizado resistente<\/p>\n<\/li>\n<li data-start=\"784\" data-end=\"844\">\n<p data-start=\"786\" data-end=\"844\"><strong data-start=\"786\" data-end=\"797\">Vidrio:<\/strong> Templado de alta transparencia y resistencia<\/p>\n<\/li>\n<li data-start=\"845\" data-end=\"955\">\n<p data-start=\"847\" data-end=\"955\"><strong data-start=\"847\" data-end=\"864\">Aplicaciones:<\/strong> Iluminaci\u00f3n solar, cercas el\u00e9ctricas, refrigeradores peque\u00f1os, radios VHF, kits port\u00e1tiles<\/p>\n<\/li>\n<\/ul>\n","protected":false},"excerpt":{"rendered":"<p data-start=\"993\" data-end=\"1090\">Panel solar monocristalino de 60W, ideal para sistemas aislados y aplicaciones rurales o m\u00f3viles.<\/p>\n","protected":false},"featured_media":245,"comment_status":"open","ping_status":"closed","template":"","meta":[],"product_brand":[],"product_cat":[23],"product_tag":[],"class_list":{"0":"post-244","1":"product","2":"type-product","3":"status-publish","4":"has-post-thumbnail","6":"product_cat-monocristalino","8":"first","9":"instock","10":"sale","11":"taxable","12":"shipping-taxable","13":"purchasable","14":"product-type-simple"},"_links":{"self":[{"href":"https:\/\/www.vicsun.pe\/es\/wp-json\/wp\/v2\/product\/244","targetHints":{"allow":["GET"]}}],"collection":[{"href":"https:\/\/www.vicsun.pe\/es\/wp-json\/wp\/v2\/product"}],"about":[{"href":"https:\/\/www.vicsun.pe\/es\/wp-json\/wp\/v2\/types\/product"}],"replies":[{"embeddable":true,"href":"https:\/\/www.vicsun.pe\/es\/wp-json\/wp\/v2\/comments?post=244"}],"wp:featuredmedia":[{"embeddable":true,"href":"https:\/\/www.vicsun.pe\/es\/wp-json\/wp\/v2\/media\/245"}],"wp:attachment":[{"href":"https:\/\/www.vicsun.pe\/es\/wp-json\/wp\/v2\/media?parent=244"}],"wp:term":[{"taxonomy":"product_brand","embeddable":true,"href":"https:\/\/www.vicsun.pe\/es\/wp-json\/wp\/v2\/product_brand?post=244"},{"taxonomy":"product_cat","embeddable":true,"href":"https:\/\/www.vicsun.pe\/es\/wp-json\/wp\/v2\/product_cat?post=244"},{"taxonomy":"product_tag","embeddable":true,"href":"https:\/\/www.vicsun.pe\/es\/wp-json\/wp\/v2\/product_tag?post=244"}],"curies":[{"name":"wp","href":"https:\/\/api.w.org\/{rel}","templated":true}]}}