{"id":248,"date":"2025-06-03T16:45:43","date_gmt":"2025-06-03T21:45:43","guid":{"rendered":"https:\/\/www.vicsun.pe\/?post_type=product&#038;p=248"},"modified":"2026-04-09T12:42:23","modified_gmt":"2026-04-09T17:42:23","slug":"vic75-18m-panel-mono","status":"publish","type":"product","link":"https:\/\/www.vicsun.pe\/es\/producto\/vic75-18m-panel-mono\/","title":{"rendered":"VIC75-18M: PANEL MONO"},"content":{"rendered":"<p data-start=\"130\" data-end=\"372\">El <strong data-start=\"133\" data-end=\"146\">VIC75-18M<\/strong> es un panel solar <strong data-start=\"165\" data-end=\"190\">monocristalino de 75W<\/strong>, dise\u00f1ado para proveer energ\u00eda confiable en sistemas fotovoltaicos aislados, como iluminaci\u00f3n solar, equipos de comunicaci\u00f3n, sistemas port\u00e1tiles o peque\u00f1os proyectos domiciliarios.<\/p>\n<h4 data-start=\"374\" data-end=\"408\">\ud83d\udd27 Especificaciones t\u00e9cnicas:<\/h4>\n<ul data-start=\"409\" data-end=\"951\">\n<li data-start=\"409\" data-end=\"438\">\n<p data-start=\"411\" data-end=\"438\"><strong data-start=\"411\" data-end=\"432\">Potencia nominal:<\/strong> 75W<\/p>\n<\/li>\n<li data-start=\"439\" data-end=\"476\">\n<p data-start=\"441\" data-end=\"476\"><strong data-start=\"441\" data-end=\"459\">Tipo de celda:<\/strong> Monocristalina<\/p>\n<\/li>\n<li data-start=\"477\" data-end=\"517\">\n<p data-start=\"479\" data-end=\"517\"><strong data-start=\"479\" data-end=\"510\">Voltaje de operaci\u00f3n (Vmp):<\/strong> ~18V<\/p>\n<\/li>\n<li data-start=\"518\" data-end=\"562\">\n<p data-start=\"520\" data-end=\"562\"><strong data-start=\"520\" data-end=\"553\">Corriente de operaci\u00f3n (Imp):<\/strong> ~4.17A<\/p>\n<\/li>\n<li data-start=\"563\" data-end=\"612\">\n<p data-start=\"565\" data-end=\"612\"><strong data-start=\"565\" data-end=\"603\">Voltaje en circuito abierto (Voc):<\/strong> ~21.6V<\/p>\n<\/li>\n<li data-start=\"613\" data-end=\"660\">\n<p data-start=\"615\" data-end=\"660\"><strong data-start=\"615\" data-end=\"652\">Corriente de cortocircuito (Isc):<\/strong> ~4.5A<\/p>\n<\/li>\n<li data-start=\"661\" data-end=\"711\">\n<p data-start=\"663\" data-end=\"711\"><strong data-start=\"663\" data-end=\"691\">Dimensiones aproximadas:<\/strong> 770 x 670 x 30 mm<\/p>\n<\/li>\n<li data-start=\"712\" data-end=\"772\">\n<p data-start=\"714\" data-end=\"772\"><strong data-start=\"714\" data-end=\"724\">Marco:<\/strong> Aluminio anodizado resistente a la intemperie<\/p>\n<\/li>\n<li data-start=\"773\" data-end=\"829\">\n<p data-start=\"775\" data-end=\"829\"><strong data-start=\"775\" data-end=\"786\">Vidrio:<\/strong> Templado, alta transmisi\u00f3n y durabilidad<\/p>\n<\/li>\n<li data-start=\"830\" data-end=\"951\">\n<p data-start=\"832\" data-end=\"951\"><strong data-start=\"832\" data-end=\"849\">Aplicaciones:<\/strong> Sistemas de iluminaci\u00f3n rural, estaciones meteorol\u00f3gicas, kits solares m\u00f3viles, cargadores de bater\u00eda<\/p>\n<\/li>\n<\/ul>\n","protected":false},"excerpt":{"rendered":"<p data-start=\"989\" data-end=\"1090\">Panel solar monocristalino de 75W, ideal para soluciones de energ\u00eda port\u00e1til y sistemas fuera de red.<\/p>\n","protected":false},"featured_media":250,"comment_status":"open","ping_status":"closed","template":"","meta":[],"product_brand":[],"product_cat":[23],"product_tag":[],"class_list":{"0":"post-248","1":"product","2":"type-product","3":"status-publish","4":"has-post-thumbnail","6":"product_cat-monocristalino","8":"first","9":"instock","10":"sale","11":"taxable","12":"shipping-taxable","13":"purchasable","14":"product-type-simple"},"_links":{"self":[{"href":"https:\/\/www.vicsun.pe\/es\/wp-json\/wp\/v2\/product\/248","targetHints":{"allow":["GET"]}}],"collection":[{"href":"https:\/\/www.vicsun.pe\/es\/wp-json\/wp\/v2\/product"}],"about":[{"href":"https:\/\/www.vicsun.pe\/es\/wp-json\/wp\/v2\/types\/product"}],"replies":[{"embeddable":true,"href":"https:\/\/www.vicsun.pe\/es\/wp-json\/wp\/v2\/comments?post=248"}],"wp:featuredmedia":[{"embeddable":true,"href":"https:\/\/www.vicsun.pe\/es\/wp-json\/wp\/v2\/media\/250"}],"wp:attachment":[{"href":"https:\/\/www.vicsun.pe\/es\/wp-json\/wp\/v2\/media?parent=248"}],"wp:term":[{"taxonomy":"product_brand","embeddable":true,"href":"https:\/\/www.vicsun.pe\/es\/wp-json\/wp\/v2\/product_brand?post=248"},{"taxonomy":"product_cat","embeddable":true,"href":"https:\/\/www.vicsun.pe\/es\/wp-json\/wp\/v2\/product_cat?post=248"},{"taxonomy":"product_tag","embeddable":true,"href":"https:\/\/www.vicsun.pe\/es\/wp-json\/wp\/v2\/product_tag?post=248"}],"curies":[{"name":"wp","href":"https:\/\/api.w.org\/{rel}","templated":true}]}}