{"id":267,"date":"2025-06-04T14:41:41","date_gmt":"2025-06-04T19:41:41","guid":{"rendered":"https:\/\/www.vicsun.pe\/?post_type=product&#038;p=267"},"modified":"2026-04-09T12:50:11","modified_gmt":"2026-04-09T17:50:11","slug":"vic90-18m-panel-mono","status":"publish","type":"product","link":"https:\/\/www.vicsun.pe\/es\/producto\/vic90-18m-panel-mono\/","title":{"rendered":"VIC90-18M: PANEL MONO"},"content":{"rendered":"<p data-start=\"142\" data-end=\"523\">El <strong data-start=\"145\" data-end=\"158\">VIC90-18M<\/strong> es un panel solar <strong data-start=\"177\" data-end=\"202\">monocristalino de 90W<\/strong>, ideal para sistemas fotovoltaicos aut\u00f3nomos y aplicaciones port\u00e1tiles. Fabricado con materiales de alta calidad, ofrece eficiencia energ\u00e9tica, resistencia a condiciones clim\u00e1ticas adversas y larga vida \u00fatil. Perfecto para cargas livianas, iluminaci\u00f3n solar, y respaldo energ\u00e9tico en zonas sin acceso a la red el\u00e9ctrica.<\/p>\n<h4 data-start=\"525\" data-end=\"563\">\ud83d\udd27 <strong data-start=\"533\" data-end=\"563\">Especificaciones t\u00e9cnicas:<\/strong><\/h4>\n<ul data-start=\"564\" data-end=\"1023\">\n<li data-start=\"564\" data-end=\"593\">\n<p data-start=\"566\" data-end=\"593\"><strong data-start=\"566\" data-end=\"587\">Potencia nominal:<\/strong> 90W<\/p>\n<\/li>\n<li data-start=\"594\" data-end=\"631\">\n<p data-start=\"596\" data-end=\"631\"><strong data-start=\"596\" data-end=\"614\">Tipo de celda:<\/strong> Monocristalina<\/p>\n<\/li>\n<li data-start=\"632\" data-end=\"678\">\n<p data-start=\"634\" data-end=\"678\"><strong data-start=\"634\" data-end=\"665\">Voltaje de operaci\u00f3n (Vmp):<\/strong> 18V aprox.<\/p>\n<\/li>\n<li data-start=\"679\" data-end=\"728\">\n<p data-start=\"681\" data-end=\"728\"><strong data-start=\"681\" data-end=\"714\">Corriente de operaci\u00f3n (Imp):<\/strong> 5.0A aprox.<\/p>\n<\/li>\n<li data-start=\"729\" data-end=\"778\">\n<p data-start=\"731\" data-end=\"778\"><strong data-start=\"731\" data-end=\"769\">Voltaje en circuito abierto (Voc):<\/strong> ~21.6V<\/p>\n<\/li>\n<li data-start=\"779\" data-end=\"826\">\n<p data-start=\"781\" data-end=\"826\"><strong data-start=\"781\" data-end=\"818\">Corriente de cortocircuito (Isc):<\/strong> ~5.4A<\/p>\n<\/li>\n<li data-start=\"827\" data-end=\"913\">\n<p data-start=\"829\" data-end=\"913\"><strong data-start=\"829\" data-end=\"844\">Estructura:<\/strong> Marco de aluminio resistente y vidrio templado de alta durabilidad<\/p>\n<\/li>\n<li data-start=\"914\" data-end=\"1023\">\n<p data-start=\"916\" data-end=\"1023\"><strong data-start=\"916\" data-end=\"936\">Uso recomendado:<\/strong> Sistemas solares off-grid, telecomunicaciones, luminarias solares, bater\u00edas port\u00e1tiles<\/p>\n<\/li>\n<\/ul>\n","protected":false},"excerpt":{"rendered":"<p data-start=\"1061\" data-end=\"1214\">Panel solar monocristalino de 90W, compacto y eficiente para sistemas solares independientes. Ideal para uso en exteriores o zonas sin energ\u00eda el\u00e9ctrica.<\/p>\n","protected":false},"featured_media":268,"comment_status":"open","ping_status":"closed","template":"","meta":[],"product_brand":[],"product_cat":[23],"product_tag":[],"class_list":{"0":"post-267","1":"product","2":"type-product","3":"status-publish","4":"has-post-thumbnail","6":"product_cat-monocristalino","8":"first","9":"instock","10":"sale","11":"taxable","12":"shipping-taxable","13":"purchasable","14":"product-type-simple"},"_links":{"self":[{"href":"https:\/\/www.vicsun.pe\/es\/wp-json\/wp\/v2\/product\/267","targetHints":{"allow":["GET"]}}],"collection":[{"href":"https:\/\/www.vicsun.pe\/es\/wp-json\/wp\/v2\/product"}],"about":[{"href":"https:\/\/www.vicsun.pe\/es\/wp-json\/wp\/v2\/types\/product"}],"replies":[{"embeddable":true,"href":"https:\/\/www.vicsun.pe\/es\/wp-json\/wp\/v2\/comments?post=267"}],"wp:featuredmedia":[{"embeddable":true,"href":"https:\/\/www.vicsun.pe\/es\/wp-json\/wp\/v2\/media\/268"}],"wp:attachment":[{"href":"https:\/\/www.vicsun.pe\/es\/wp-json\/wp\/v2\/media?parent=267"}],"wp:term":[{"taxonomy":"product_brand","embeddable":true,"href":"https:\/\/www.vicsun.pe\/es\/wp-json\/wp\/v2\/product_brand?post=267"},{"taxonomy":"product_cat","embeddable":true,"href":"https:\/\/www.vicsun.pe\/es\/wp-json\/wp\/v2\/product_cat?post=267"},{"taxonomy":"product_tag","embeddable":true,"href":"https:\/\/www.vicsun.pe\/es\/wp-json\/wp\/v2\/product_tag?post=267"}],"curies":[{"name":"wp","href":"https:\/\/api.w.org\/{rel}","templated":true}]}}