{"id":275,"date":"2025-06-04T16:03:54","date_gmt":"2025-06-04T21:03:54","guid":{"rendered":"https:\/\/www.vicsun.pe\/?post_type=product&#038;p=275"},"modified":"2026-03-26T12:17:42","modified_gmt":"2026-03-26T17:17:42","slug":"js6-1-3-ah-serie-js-agm","status":"publish","type":"product","link":"https:\/\/www.vicsun.pe\/es\/producto\/js6-1-3-ah-serie-js-agm\/","title":{"rendered":"JS6-1.3 AH: SERIE JS AGM"},"content":{"rendered":"<p data-start=\"197\" data-end=\"577\">La <strong data-start=\"200\" data-end=\"213\">JS6-1.3AH<\/strong> es una bater\u00eda recargable sellada de <strong data-start=\"251\" data-end=\"265\">6V y 1.3Ah<\/strong>, construida con tecnolog\u00eda <strong data-start=\"293\" data-end=\"322\">AGM (Absorbent Glass Mat)<\/strong> que proporciona un rendimiento eficiente, seguro y libre de mantenimiento. Es ideal para aplicaciones de bajo consumo que requieren energ\u00eda constante y confiable, como juguetes el\u00e9ctricos, luces de emergencia, dispositivos m\u00e9dicos y sistemas de respaldo.<\/p>\n<h4 data-start=\"579\" data-end=\"617\">\ud83d\udd27 <strong data-start=\"587\" data-end=\"617\">Especificaciones t\u00e9cnicas:<\/strong><\/h4>\n<ul data-start=\"618\" data-end=\"1012\">\n<li data-start=\"618\" data-end=\"645\">\n<p data-start=\"620\" data-end=\"645\"><strong data-start=\"620\" data-end=\"640\">Voltaje nominal:<\/strong> 6V<\/p>\n<\/li>\n<li data-start=\"646\" data-end=\"678\">\n<p data-start=\"648\" data-end=\"678\"><strong data-start=\"648\" data-end=\"670\">Capacidad nominal:<\/strong> 1.3Ah<\/p>\n<\/li>\n<li data-start=\"679\" data-end=\"730\">\n<p data-start=\"681\" data-end=\"730\"><strong data-start=\"681\" data-end=\"696\">Tecnolog\u00eda:<\/strong> AGM sellada (sin mantenimiento)<\/p>\n<\/li>\n<li data-start=\"731\" data-end=\"784\">\n<p data-start=\"733\" data-end=\"784\"><strong data-start=\"733\" data-end=\"742\">Tipo:<\/strong> VRLA (Plomo-\u00e1cido regulada por v\u00e1lvula)<\/p>\n<\/li>\n<li data-start=\"785\" data-end=\"869\">\n<p data-start=\"787\" data-end=\"869\"><strong data-start=\"787\" data-end=\"801\">Uso com\u00fan:<\/strong> juguetes, luces de emergencia, dispositivos m\u00e9dicos, peque\u00f1as UPS<\/p>\n<\/li>\n<li data-start=\"870\" data-end=\"902\">\n<p data-start=\"872\" data-end=\"902\"><strong data-start=\"872\" data-end=\"900\">Dise\u00f1o compacto y ligero<\/strong><\/p>\n<\/li>\n<li data-start=\"903\" data-end=\"957\">\n<p data-start=\"905\" data-end=\"957\"><strong data-start=\"905\" data-end=\"928\">Vida \u00fatil esperada:<\/strong> 3 a 5 a\u00f1os en uso flotante<\/p>\n<\/li>\n<li data-start=\"958\" data-end=\"1012\">\n<p data-start=\"960\" data-end=\"1012\"><strong data-start=\"960\" data-end=\"1012\">Alta confiabilidad en ciclos de carga y descarga<\/strong><\/p>\n<\/li>\n<\/ul>\n","protected":false},"excerpt":{"rendered":"<p>Bater\u00eda sellada de 6V y 1.3Ah con tecnolog\u00eda AGM, compacta y libre de mantenimiento, ideal para equipos peque\u00f1os y respaldo port\u00e1til.<\/p>\n","protected":false},"featured_media":276,"comment_status":"open","ping_status":"closed","template":"","meta":[],"product_brand":[],"product_cat":[33],"product_tag":[],"class_list":{"0":"post-275","1":"product","2":"type-product","3":"status-publish","4":"has-post-thumbnail","6":"product_cat-baterias-agm-ciclo-profundo","8":"first","9":"instock","10":"sale","11":"taxable","12":"shipping-taxable","13":"purchasable","14":"product-type-simple"},"_links":{"self":[{"href":"https:\/\/www.vicsun.pe\/es\/wp-json\/wp\/v2\/product\/275","targetHints":{"allow":["GET"]}}],"collection":[{"href":"https:\/\/www.vicsun.pe\/es\/wp-json\/wp\/v2\/product"}],"about":[{"href":"https:\/\/www.vicsun.pe\/es\/wp-json\/wp\/v2\/types\/product"}],"replies":[{"embeddable":true,"href":"https:\/\/www.vicsun.pe\/es\/wp-json\/wp\/v2\/comments?post=275"}],"wp:featuredmedia":[{"embeddable":true,"href":"https:\/\/www.vicsun.pe\/es\/wp-json\/wp\/v2\/media\/276"}],"wp:attachment":[{"href":"https:\/\/www.vicsun.pe\/es\/wp-json\/wp\/v2\/media?parent=275"}],"wp:term":[{"taxonomy":"product_brand","embeddable":true,"href":"https:\/\/www.vicsun.pe\/es\/wp-json\/wp\/v2\/product_brand?post=275"},{"taxonomy":"product_cat","embeddable":true,"href":"https:\/\/www.vicsun.pe\/es\/wp-json\/wp\/v2\/product_cat?post=275"},{"taxonomy":"product_tag","embeddable":true,"href":"https:\/\/www.vicsun.pe\/es\/wp-json\/wp\/v2\/product_tag?post=275"}],"curies":[{"name":"wp","href":"https:\/\/api.w.org\/{rel}","templated":true}]}}