{"id":279,"date":"2025-06-04T16:41:35","date_gmt":"2025-06-04T21:41:35","guid":{"rendered":"https:\/\/www.vicsun.pe\/?post_type=product&#038;p=279"},"modified":"2026-03-26T12:17:15","modified_gmt":"2026-03-26T17:17:15","slug":"js6-7ah-serie-js-agm","status":"publish","type":"product","link":"https:\/\/www.vicsun.pe\/es\/producto\/js6-7ah-serie-js-agm\/","title":{"rendered":"JS6-7AH: SERIE JS AGM"},"content":{"rendered":"<p data-start=\"133\" data-end=\"465\">La <strong data-start=\"136\" data-end=\"147\">JS6-7AH<\/strong> es una bater\u00eda sellada de <strong data-start=\"174\" data-end=\"205\">6 voltios y 7 amperios-hora<\/strong>, dise\u00f1ada con tecnolog\u00eda <strong data-start=\"231\" data-end=\"260\">AGM (Absorbent Glass Mat)<\/strong>, que permite una excelente capacidad de descarga, bajo mantenimiento y larga vida \u00fatil. Ideal para aplicaciones de respaldo, juguetes el\u00e9ctricos, equipos m\u00e9dicos, luces de emergencia y sistemas de alarma.<\/p>\n<h4 data-start=\"467\" data-end=\"505\">\ud83d\udd27 <strong data-start=\"475\" data-end=\"505\">Especificaciones t\u00e9cnicas:<\/strong><\/h4>\n<ul data-start=\"506\" data-end=\"914\">\n<li data-start=\"506\" data-end=\"533\">\n<p data-start=\"508\" data-end=\"533\"><strong data-start=\"508\" data-end=\"528\">Voltaje nominal:<\/strong> 6V<\/p>\n<\/li>\n<li data-start=\"534\" data-end=\"564\">\n<p data-start=\"536\" data-end=\"564\"><strong data-start=\"536\" data-end=\"558\">Capacidad nominal:<\/strong> 7Ah<\/p>\n<\/li>\n<li data-start=\"565\" data-end=\"608\">\n<p data-start=\"567\" data-end=\"608\"><strong data-start=\"567\" data-end=\"582\">Tecnolog\u00eda:<\/strong> AGM \u2013 sin mantenimiento<\/p>\n<\/li>\n<li data-start=\"609\" data-end=\"681\">\n<p data-start=\"611\" data-end=\"681\"><strong data-start=\"611\" data-end=\"620\">Tipo:<\/strong> VRLA (bater\u00eda sellada de plomo-\u00e1cido regulada por v\u00e1lvula)<\/p>\n<\/li>\n<li data-start=\"682\" data-end=\"768\">\n<p data-start=\"684\" data-end=\"768\"><strong data-start=\"684\" data-end=\"701\">Aplicaciones:<\/strong> UPS, alarmas, juguetes, luces de emergencia, sistemas port\u00e1tiles<\/p>\n<\/li>\n<li data-start=\"769\" data-end=\"819\">\n<p data-start=\"771\" data-end=\"819\"><strong data-start=\"771\" data-end=\"817\">Dise\u00f1o resistente a vibraciones y derrames<\/strong><\/p>\n<\/li>\n<li data-start=\"820\" data-end=\"863\">\n<p data-start=\"822\" data-end=\"863\"><strong data-start=\"822\" data-end=\"861\">Instalaci\u00f3n en m\u00faltiples posiciones<\/strong><\/p>\n<\/li>\n<li data-start=\"864\" data-end=\"914\">\n<p data-start=\"866\" data-end=\"914\"><strong data-start=\"866\" data-end=\"905\">Vida \u00fatil estimada en uso flotante:<\/strong> 3\u20135 a\u00f1os<\/p>\n<\/li>\n<\/ul>\n","protected":false},"excerpt":{"rendered":"<p data-start=\"952\" data-end=\"1071\">Bater\u00eda AGM 6V 7Ah, libre de mantenimiento y confiable para respaldo de energ\u00eda, juguetes el\u00e9ctricos y equipos m\u00e9dicos.<\/p>\n","protected":false},"featured_media":280,"comment_status":"open","ping_status":"closed","template":"","meta":[],"product_brand":[],"product_cat":[33],"product_tag":[],"class_list":{"0":"post-279","1":"product","2":"type-product","3":"status-publish","4":"has-post-thumbnail","6":"product_cat-baterias-agm-ciclo-profundo","8":"first","9":"instock","10":"taxable","11":"shipping-taxable","12":"purchasable","13":"product-type-simple"},"_links":{"self":[{"href":"https:\/\/www.vicsun.pe\/es\/wp-json\/wp\/v2\/product\/279","targetHints":{"allow":["GET"]}}],"collection":[{"href":"https:\/\/www.vicsun.pe\/es\/wp-json\/wp\/v2\/product"}],"about":[{"href":"https:\/\/www.vicsun.pe\/es\/wp-json\/wp\/v2\/types\/product"}],"replies":[{"embeddable":true,"href":"https:\/\/www.vicsun.pe\/es\/wp-json\/wp\/v2\/comments?post=279"}],"wp:featuredmedia":[{"embeddable":true,"href":"https:\/\/www.vicsun.pe\/es\/wp-json\/wp\/v2\/media\/280"}],"wp:attachment":[{"href":"https:\/\/www.vicsun.pe\/es\/wp-json\/wp\/v2\/media?parent=279"}],"wp:term":[{"taxonomy":"product_brand","embeddable":true,"href":"https:\/\/www.vicsun.pe\/es\/wp-json\/wp\/v2\/product_brand?post=279"},{"taxonomy":"product_cat","embeddable":true,"href":"https:\/\/www.vicsun.pe\/es\/wp-json\/wp\/v2\/product_cat?post=279"},{"taxonomy":"product_tag","embeddable":true,"href":"https:\/\/www.vicsun.pe\/es\/wp-json\/wp\/v2\/product_tag?post=279"}],"curies":[{"name":"wp","href":"https:\/\/api.w.org\/{rel}","templated":true}]}}