{"id":283,"date":"2025-06-04T16:45:47","date_gmt":"2025-06-04T21:45:47","guid":{"rendered":"https:\/\/www.vicsun.pe\/?post_type=product&#038;p=283"},"modified":"2026-03-26T12:15:51","modified_gmt":"2026-03-26T17:15:51","slug":"js12-1-3ah-serie-js-agm","status":"publish","type":"product","link":"https:\/\/www.vicsun.pe\/es\/producto\/js12-1-3ah-serie-js-agm\/","title":{"rendered":"JS12-1.3AH: SERIE JS AGM"},"content":{"rendered":"<p data-start=\"145\" data-end=\"475\">La <strong data-start=\"148\" data-end=\"162\">JS12-1.3AH<\/strong> es una bater\u00eda sellada de <strong data-start=\"189\" data-end=\"223\">12 voltios y 1.3 amperios-hora<\/strong>, compacta y confiable, dise\u00f1ada con tecnolog\u00eda <strong data-start=\"271\" data-end=\"300\">AGM (Absorbent Glass Mat)<\/strong>. Ideal para sistemas de respaldo, alarmas, luces de emergencia y peque\u00f1os dispositivos electr\u00f3nicos. Su construcci\u00f3n sellada permite una operaci\u00f3n segura y sin mantenimiento.<\/p>\n<h4 data-start=\"477\" data-end=\"515\">\ud83d\udd27 <strong data-start=\"485\" data-end=\"515\">Especificaciones t\u00e9cnicas:<\/strong><\/h4>\n<ul data-start=\"516\" data-end=\"937\">\n<li data-start=\"516\" data-end=\"544\">\n<p data-start=\"518\" data-end=\"544\"><strong data-start=\"518\" data-end=\"538\">Voltaje nominal:<\/strong> 12V<\/p>\n<\/li>\n<li data-start=\"545\" data-end=\"577\">\n<p data-start=\"547\" data-end=\"577\"><strong data-start=\"547\" data-end=\"569\">Capacidad nominal:<\/strong> 1.3Ah<\/p>\n<\/li>\n<li data-start=\"578\" data-end=\"626\">\n<p data-start=\"580\" data-end=\"626\"><strong data-start=\"580\" data-end=\"595\">Tecnolog\u00eda:<\/strong> AGM (libre de mantenimiento)<\/p>\n<\/li>\n<li data-start=\"627\" data-end=\"701\">\n<p data-start=\"629\" data-end=\"701\"><strong data-start=\"629\" data-end=\"638\">Tipo:<\/strong> VRLA \u2013 bater\u00eda de plomo-\u00e1cido sellada y regulada por v\u00e1lvula<\/p>\n<\/li>\n<li data-start=\"702\" data-end=\"809\">\n<p data-start=\"704\" data-end=\"809\"><strong data-start=\"704\" data-end=\"721\">Aplicaciones:<\/strong> alarmas, juguetes, luces de emergencia, sistemas de respaldo, dispositivos port\u00e1tiles<\/p>\n<\/li>\n<li data-start=\"810\" data-end=\"869\">\n<p data-start=\"812\" data-end=\"869\"><strong data-start=\"812\" data-end=\"867\">Montaje flexible, sin riesgo de derrames ni vapores<\/strong><\/p>\n<\/li>\n<li data-start=\"870\" data-end=\"937\">\n<p data-start=\"872\" data-end=\"937\"><strong data-start=\"872\" data-end=\"937\">Larga vida \u00fatil y excelente rendimiento en ciclos y flotaci\u00f3n<\/strong><\/p>\n<\/li>\n<\/ul>\n","protected":false},"excerpt":{"rendered":"<p data-start=\"975\" data-end=\"1091\">Bater\u00eda AGM sellada de 12V 1.3Ah, compacta y segura, perfecta para alarmas, luces de emergencia y respaldo port\u00e1til.<\/p>\n","protected":false},"featured_media":284,"comment_status":"open","ping_status":"closed","template":"","meta":[],"product_brand":[],"product_cat":[33],"product_tag":[],"class_list":{"0":"post-283","1":"product","2":"type-product","3":"status-publish","4":"has-post-thumbnail","6":"product_cat-baterias-agm-ciclo-profundo","8":"first","9":"instock","10":"sale","11":"taxable","12":"shipping-taxable","13":"purchasable","14":"product-type-simple"},"_links":{"self":[{"href":"https:\/\/www.vicsun.pe\/es\/wp-json\/wp\/v2\/product\/283","targetHints":{"allow":["GET"]}}],"collection":[{"href":"https:\/\/www.vicsun.pe\/es\/wp-json\/wp\/v2\/product"}],"about":[{"href":"https:\/\/www.vicsun.pe\/es\/wp-json\/wp\/v2\/types\/product"}],"replies":[{"embeddable":true,"href":"https:\/\/www.vicsun.pe\/es\/wp-json\/wp\/v2\/comments?post=283"}],"wp:featuredmedia":[{"embeddable":true,"href":"https:\/\/www.vicsun.pe\/es\/wp-json\/wp\/v2\/media\/284"}],"wp:attachment":[{"href":"https:\/\/www.vicsun.pe\/es\/wp-json\/wp\/v2\/media?parent=283"}],"wp:term":[{"taxonomy":"product_brand","embeddable":true,"href":"https:\/\/www.vicsun.pe\/es\/wp-json\/wp\/v2\/product_brand?post=283"},{"taxonomy":"product_cat","embeddable":true,"href":"https:\/\/www.vicsun.pe\/es\/wp-json\/wp\/v2\/product_cat?post=283"},{"taxonomy":"product_tag","embeddable":true,"href":"https:\/\/www.vicsun.pe\/es\/wp-json\/wp\/v2\/product_tag?post=283"}],"curies":[{"name":"wp","href":"https:\/\/api.w.org\/{rel}","templated":true}]}}