{"id":287,"date":"2025-06-04T16:52:23","date_gmt":"2025-06-04T21:52:23","guid":{"rendered":"https:\/\/www.vicsun.pe\/?post_type=product&#038;p=287"},"modified":"2026-03-26T12:15:22","modified_gmt":"2026-03-26T17:15:22","slug":"js12-4-5ah-serie-js-agm","status":"publish","type":"product","link":"https:\/\/www.vicsun.pe\/es\/producto\/js12-4-5ah-serie-js-agm\/","title":{"rendered":"JS12-4.5AH: SERIE JS AGM"},"content":{"rendered":"<p data-start=\"141\" data-end=\"519\">La <strong data-start=\"144\" data-end=\"158\">JS12-4.5AH<\/strong> es una bater\u00eda sellada tipo AGM (Absorbent Glass Mat), de <strong data-start=\"217\" data-end=\"251\">12 voltios y 4.5 amperios-hora<\/strong>, dise\u00f1ada para ofrecer alto rendimiento en aplicaciones de respaldo, iluminaci\u00f3n de emergencia, juguetes el\u00e9ctricos, sistemas de seguridad y peque\u00f1os sistemas solares. Su tecnolog\u00eda libre de mantenimiento garantiza seguridad y eficiencia en cualquier posici\u00f3n de uso.<\/p>\n<h4 data-start=\"521\" data-end=\"559\">\ud83d\udd27 <strong data-start=\"529\" data-end=\"559\">Especificaciones t\u00e9cnicas:<\/strong><\/h4>\n<ul data-start=\"560\" data-end=\"966\">\n<li data-start=\"560\" data-end=\"588\">\n<p data-start=\"562\" data-end=\"588\"><strong data-start=\"562\" data-end=\"582\">Voltaje nominal:<\/strong> 12V<\/p>\n<\/li>\n<li data-start=\"589\" data-end=\"613\">\n<p data-start=\"591\" data-end=\"613\"><strong data-start=\"591\" data-end=\"605\">Capacidad:<\/strong> 4.5Ah<\/p>\n<\/li>\n<li data-start=\"614\" data-end=\"659\">\n<p data-start=\"616\" data-end=\"659\"><strong data-start=\"616\" data-end=\"631\">Tecnolog\u00eda:<\/strong> AGM (Absorbent Glass Mat)<\/p>\n<\/li>\n<li data-start=\"660\" data-end=\"709\">\n<p data-start=\"662\" data-end=\"709\"><strong data-start=\"662\" data-end=\"671\">Tipo:<\/strong> VRLA \u2013 Bater\u00eda regulada por v\u00e1lvula<\/p>\n<\/li>\n<li data-start=\"710\" data-end=\"764\">\n<p data-start=\"712\" data-end=\"764\"><strong data-start=\"712\" data-end=\"762\">Libre de mantenimiento, sin riesgo de derrames<\/strong><\/p>\n<\/li>\n<li data-start=\"765\" data-end=\"816\">\n<p data-start=\"767\" data-end=\"816\"><strong data-start=\"767\" data-end=\"814\">Buena recuperaci\u00f3n ante descargas profundas<\/strong><\/p>\n<\/li>\n<li data-start=\"817\" data-end=\"863\">\n<p data-start=\"819\" data-end=\"863\"><strong data-start=\"819\" data-end=\"861\">Dise\u00f1o compacto y de f\u00e1cil instalaci\u00f3n<\/strong><\/p>\n<\/li>\n<li data-start=\"864\" data-end=\"966\">\n<p data-start=\"866\" data-end=\"966\"><strong data-start=\"866\" data-end=\"891\">Aplicaciones t\u00edpicas:<\/strong> alarmas, UPS, luces de emergencia, juguetes el\u00e9ctricos, telecomunicaciones<\/p>\n<\/li>\n<\/ul>\n","protected":false},"excerpt":{"rendered":"<p data-start=\"1004\" data-end=\"1116\">Bater\u00eda AGM 12V 4.5Ah, libre de mantenimiento, ideal para sistemas de respaldo, UPS y dispositivos electr\u00f3nicos.<\/p>\n","protected":false},"featured_media":288,"comment_status":"open","ping_status":"closed","template":"","meta":[],"product_brand":[],"product_cat":[33],"product_tag":[],"class_list":{"0":"post-287","1":"product","2":"type-product","3":"status-publish","4":"has-post-thumbnail","6":"product_cat-baterias-agm-ciclo-profundo","8":"first","9":"instock","10":"sale","11":"taxable","12":"shipping-taxable","13":"purchasable","14":"product-type-simple"},"_links":{"self":[{"href":"https:\/\/www.vicsun.pe\/es\/wp-json\/wp\/v2\/product\/287","targetHints":{"allow":["GET"]}}],"collection":[{"href":"https:\/\/www.vicsun.pe\/es\/wp-json\/wp\/v2\/product"}],"about":[{"href":"https:\/\/www.vicsun.pe\/es\/wp-json\/wp\/v2\/types\/product"}],"replies":[{"embeddable":true,"href":"https:\/\/www.vicsun.pe\/es\/wp-json\/wp\/v2\/comments?post=287"}],"wp:featuredmedia":[{"embeddable":true,"href":"https:\/\/www.vicsun.pe\/es\/wp-json\/wp\/v2\/media\/288"}],"wp:attachment":[{"href":"https:\/\/www.vicsun.pe\/es\/wp-json\/wp\/v2\/media?parent=287"}],"wp:term":[{"taxonomy":"product_brand","embeddable":true,"href":"https:\/\/www.vicsun.pe\/es\/wp-json\/wp\/v2\/product_brand?post=287"},{"taxonomy":"product_cat","embeddable":true,"href":"https:\/\/www.vicsun.pe\/es\/wp-json\/wp\/v2\/product_cat?post=287"},{"taxonomy":"product_tag","embeddable":true,"href":"https:\/\/www.vicsun.pe\/es\/wp-json\/wp\/v2\/product_tag?post=287"}],"curies":[{"name":"wp","href":"https:\/\/api.w.org\/{rel}","templated":true}]}}